{"id":2269,"date":"2025-03-04T16:30:22","date_gmt":"2025-03-04T15:30:22","guid":{"rendered":"https:\/\/physidia-sandbox-gnfngfcwfuenfwbd.francecentral-01.azurewebsites.net\/?page_id=2269"},"modified":"2025-07-14T15:39:12","modified_gmt":"2025-07-14T13:39:12","slug":"plan-du-site","status":"publish","type":"page","link":"https:\/\/physidia-sandbox-gnfngfcwfuenfwbd.francecentral-01.azurewebsites.net\/de\/seiten\/","title":{"rendered":"Sitemap"},"content":{"rendered":"<div data-elementor-type=\"wp-page\" data-elementor-id=\"2269\" class=\"elementor elementor-2269\" data-elementor-post-type=\"page\">\n\t\t\t\t<div class=\"elementor-element elementor-element-e04089f e-flex e-con-boxed e-con e-parent\" data-id=\"e04089f\" data-element_type=\"container\" data-e-type=\"container\" data-settings=\"{&quot;background_background&quot;:&quot;classic&quot;}\">\n\t\t\t\t\t<div class=\"e-con-inner\">\n\t\t\t\t<div class=\"elementor-element elementor-element-883ba95 elementor-widget elementor-widget-shortcode\" data-id=\"883ba95\" data-element_type=\"widget\" data-e-type=\"widget\" data-widget_type=\"shortcode.default\">\n\t\t\t\t<div class=\"elementor-widget-container\">\n\t\t\t\t\t\t\t<div class=\"elementor-shortcode\"><span><span><a href=\"https:\/\/physidia-sandbox-gnfngfcwfuenfwbd.francecentral-01.azurewebsites.net\/de\/\"><img decoding=\"async\" alt=\"Startseite\" src=\"https:\/\/physidia-sandbox-gnfngfcwfuenfwbd.francecentral-01.azurewebsites.net\/wp-content\/themes\/hello-theme-child-master\/img\/home.svg\" class=\"home-breadcrumb\" \/> Startseite<\/a><\/span><\/span><\/div>\n\t\t\t\t\t\t<\/div>\n\t\t\t\t<\/div>\n\t\t\t\t\t<\/div>\n\t\t\t\t<\/div>\n\t\t<div class=\"elementor-element elementor-element-47ea4ed e-flex e-con-boxed e-con e-parent\" data-id=\"47ea4ed\" data-element_type=\"container\" data-e-type=\"container\">\n\t\t\t\t\t<div class=\"e-con-inner\">\n\t\t\t\t<div class=\"elementor-element elementor-element-73aca43 elementor-widget elementor-widget-sitemap\" data-id=\"73aca43\" data-element_type=\"widget\" data-e-type=\"widget\" data-widget_type=\"sitemap.default\">\n\t\t\t\t<div class=\"elementor-widget-container\">\n\t\t\t\t\t<div class=\"elementor-sitemap-wrap\"><div class=\"elementor-sitemap-section\"><h1 class=\"elementor-sitemap-title elementor-sitemap-page-title\">Seiten<\/h1><ul class=\"elementor-sitemap-list elementor-sitemap-page-list\"><li class=\"elementor-sitemap-item elementor-sitemap-item-page page_item page-item-6665\"><a href=\"https:\/\/physidia-sandbox-gnfngfcwfuenfwbd.francecentral-01.azurewebsites.net\/de\/physiguide\/\">Physiguide<\/a><\/li><li class=\"elementor-sitemap-item elementor-sitemap-item-page page_item page-item-6146\"><a href=\"https:\/\/physidia-sandbox-gnfngfcwfuenfwbd.francecentral-01.azurewebsites.net\/de\/bedienungsanleitung\/\">Bedienungsanleitung<\/a><\/li><li class=\"elementor-sitemap-item elementor-sitemap-item-page page_item page-item-6021\"><a href=\"https:\/\/physidia-sandbox-gnfngfcwfuenfwbd.francecentral-01.azurewebsites.net\/de\/physinums-remote-data-monitoring\/\">PhysiNums \u2013 Informationen anfordern<\/a><\/li><li class=\"elementor-sitemap-item elementor-sitemap-item-page page_item page-item-5690\"><a href=\"https:\/\/physidia-sandbox-gnfngfcwfuenfwbd.francecentral-01.azurewebsites.net\/de\/acces-espace-professionnel\/\">Zugang zum professionellen Bereich<\/a><\/li><li class=\"elementor-sitemap-item elementor-sitemap-item-page page_item page-item-5688\"><a href=\"https:\/\/physidia-sandbox-gnfngfcwfuenfwbd.francecentral-01.azurewebsites.net\/de\/inscription-newsletter-grand-public\/\">Newsletter-Anmeldung \u2013 Verbraucher<\/a><\/li><li class=\"elementor-sitemap-item elementor-sitemap-item-page page_item page-item-5515\"><a href=\"https:\/\/physidia-sandbox-gnfngfcwfuenfwbd.francecentral-01.azurewebsites.net\/de\/inscription-newsletter-pds\/\">News-Abo \u2013 Medizinische Fachkr\u00e4fte<\/a><\/li><li class=\"elementor-sitemap-item elementor-sitemap-item-page page_item page-item-4809\"><a href=\"https:\/\/physidia-sandbox-gnfngfcwfuenfwbd.francecentral-01.azurewebsites.net\/de\/inscription-newsletter-partenaires\/\">Newsletter-Anmeldung \u2013 Partner<\/a><\/li><li class=\"elementor-sitemap-item elementor-sitemap-item-page page_item page-item-2675\"><a href=\"https:\/\/physidia-sandbox-gnfngfcwfuenfwbd.francecentral-01.azurewebsites.net\/de\/inscription-partenaire\/\">Partner-Abo<\/a><\/li><li class=\"elementor-sitemap-item elementor-sitemap-item-page page_item page-item-2269\"><a href=\"https:\/\/physidia-sandbox-gnfngfcwfuenfwbd.francecentral-01.azurewebsites.net\/de\/seiten\/\">Sitemap<\/a><\/li><li class=\"elementor-sitemap-item elementor-sitemap-item-page page_item page-item-983\"><a href=\"https:\/\/physidia-sandbox-gnfngfcwfuenfwbd.francecentral-01.azurewebsites.net\/de\/literaturhinweise\/\">Literaturhinweise<\/a><\/li><li class=\"elementor-sitemap-item elementor-sitemap-item-page page_item page-item-969\"><a href=\"https:\/\/physidia-sandbox-gnfngfcwfuenfwbd.francecentral-01.azurewebsites.net\/de\/inscription-professionnel-de-sante\/\">Abo f\u00fcr medizinische Fachkr\u00e4fte<\/a><\/li><li class=\"elementor-sitemap-item elementor-sitemap-item-page page_item page-item-715\"><a href=\"https:\/\/physidia-sandbox-gnfngfcwfuenfwbd.francecentral-01.azurewebsites.net\/de\/inscription\/\">Abo<\/a><\/li><li class=\"elementor-sitemap-item elementor-sitemap-item-page page_item page-item-669\"><a href=\"https:\/\/physidia-sandbox-gnfngfcwfuenfwbd.francecentral-01.azurewebsites.net\/de\/nos-relations-partenaires\/\">Zusammenarbeit mit unseren Partnern<\/a><\/li><li class=\"elementor-sitemap-item elementor-sitemap-item-page page_item page-item-659\"><a href=\"https:\/\/physidia-sandbox-gnfngfcwfuenfwbd.francecentral-01.azurewebsites.net\/de\/news\/\">News<\/a><\/li><li class=\"elementor-sitemap-item elementor-sitemap-item-page page_item page-item-552\"><a href=\"https:\/\/physidia-sandbox-gnfngfcwfuenfwbd.francecentral-01.azurewebsites.net\/de\/evenements\/\">Veranstaltungen<\/a><\/li><li class=\"elementor-sitemap-item elementor-sitemap-item-page page_item page-item-447\"><a href=\"https:\/\/physidia-sandbox-gnfngfcwfuenfwbd.francecentral-01.azurewebsites.net\/de\/medizinische-fachkrafte\/\">Medizinische Fachkr\u00e4fte<\/a><ul class='children'><li class=\"elementor-sitemap-item elementor-sitemap-item-page page_item page-item-6348\"><a href=\"https:\/\/physidia-sandbox-gnfngfcwfuenfwbd.francecentral-01.azurewebsites.net\/de\/medizinische-fachkrafte\/patientengeschichten\/\">Patientengeschichten<\/a><\/li><li class=\"elementor-sitemap-item elementor-sitemap-item-page page_item page-item-3521\"><a href=\"https:\/\/physidia-sandbox-gnfngfcwfuenfwbd.francecentral-01.azurewebsites.net\/de\/medizinische-fachkrafte\/schulung-unterstutzung\/\">Schulung &amp; Unterst\u00fctzung<\/a><ul class='children'><li class=\"elementor-sitemap-item elementor-sitemap-item-page page_item page-item-3552\"><a href=\"https:\/\/physidia-sandbox-gnfngfcwfuenfwbd.francecentral-01.azurewebsites.net\/de\/medizinische-fachkrafte\/schulung-unterstutzung\/service-technique-et-assistance\/\">Kundendienst &amp; Support<\/a><\/li><li class=\"elementor-sitemap-item elementor-sitemap-item-page page_item page-item-3550\"><a href=\"https:\/\/physidia-sandbox-gnfngfcwfuenfwbd.francecentral-01.azurewebsites.net\/de\/medizinische-fachkrafte\/schulung-unterstutzung\/schulungsprogramme\/\">Schulungsprogramme<\/a><\/li><\/ul><\/li><li class=\"elementor-sitemap-item elementor-sitemap-item-page page_item page-item-2796\"><a href=\"https:\/\/physidia-sandbox-gnfngfcwfuenfwbd.francecentral-01.azurewebsites.net\/de\/medizinische-fachkrafte\/klinische-studien\/\">Klinische Studien<\/a><\/li><li class=\"elementor-sitemap-item elementor-sitemap-item-page page_item page-item-2792\"><a href=\"https:\/\/physidia-sandbox-gnfngfcwfuenfwbd.francecentral-01.azurewebsites.net\/de\/medizinische-fachkrafte\/losungen-und-dienstleistungen\/\">L\u00f6sungen und Dienstleistungen<\/a><\/li><li class=\"elementor-sitemap-item elementor-sitemap-item-page page_item page-item-866\"><a href=\"https:\/\/physidia-sandbox-gnfngfcwfuenfwbd.francecentral-01.azurewebsites.net\/de\/medizinische-fachkrafte\/faq-medizinische-fachkrafte\/\">FAQ<\/a><\/li><li class=\"elementor-sitemap-item elementor-sitemap-item-page page_item page-item-853\"><a href=\"https:\/\/physidia-sandbox-gnfngfcwfuenfwbd.francecentral-01.azurewebsites.net\/de\/medizinische-fachkrafte\/espace-prive-professionnels-de-sante\/\">Pers\u00f6nlicher Bereich f\u00fcr medizinische Fachkr\u00e4fte<\/a><\/li><li class=\"elementor-sitemap-item elementor-sitemap-item-page page_item page-item-845\"><a href=\"https:\/\/physidia-sandbox-gnfngfcwfuenfwbd.francecentral-01.azurewebsites.net\/de\/medizinische-fachkrafte\/haufige-und-flexible-heimhamodialyse\/\">H\u00e4ufige Heimh\u00e4modialyse<\/a><\/li><\/ul><\/li><li class=\"elementor-sitemap-item elementor-sitemap-item-page page_item page-item-96\"><a href=\"https:\/\/physidia-sandbox-gnfngfcwfuenfwbd.francecentral-01.azurewebsites.net\/de\/rechtliche-hinweise\/\">Rechtliche Hinweise<\/a><\/li><li class=\"elementor-sitemap-item elementor-sitemap-item-page page_item page-item-94\"><a href=\"https:\/\/physidia-sandbox-gnfngfcwfuenfwbd.francecentral-01.azurewebsites.net\/de\/cookie-richtlinie-von-physidia\/\">Cookie-Richtlinie<\/a><\/li><li class=\"elementor-sitemap-item elementor-sitemap-item-page page_item page-item-91\"><a href=\"https:\/\/physidia-sandbox-gnfngfcwfuenfwbd.francecentral-01.azurewebsites.net\/de\/datenschutzerklarung\/\">Datenschutzerkl\u00e4rung<\/a><\/li><li class=\"elementor-sitemap-item elementor-sitemap-item-page page_item page-item-72\"><a href=\"https:\/\/physidia-sandbox-gnfngfcwfuenfwbd.francecentral-01.azurewebsites.net\/de\/karriere\/\">Karriere<\/a><\/li><li class=\"elementor-sitemap-item elementor-sitemap-item-page page_item page-item-70\"><a href=\"https:\/\/physidia-sandbox-gnfngfcwfuenfwbd.francecentral-01.azurewebsites.net\/de\/kontaktieren-sie-uns\/\">Kontaktieren Sie uns<\/a><\/li><li class=\"elementor-sitemap-item elementor-sitemap-item-page page_item page-item-68\"><a href=\"https:\/\/physidia-sandbox-gnfngfcwfuenfwbd.francecentral-01.azurewebsites.net\/de\/faq\/\">FAQ<\/a><\/li><li class=\"elementor-sitemap-item elementor-sitemap-item-page page_item page-item-66\"><a href=\"https:\/\/physidia-sandbox-gnfngfcwfuenfwbd.francecentral-01.azurewebsites.net\/de\/partner\/\">Partner<\/a><ul class='children'><li class=\"elementor-sitemap-item elementor-sitemap-item-page page_item page-item-872\"><a href=\"https:\/\/physidia-sandbox-gnfngfcwfuenfwbd.francecentral-01.azurewebsites.net\/de\/partner\/espace-prive-partenaires\/\">Pers\u00f6nlicher Bereich f\u00fcr Partner<\/a><\/li><li class=\"elementor-sitemap-item elementor-sitemap-item-page page_item page-item-870\"><a href=\"https:\/\/physidia-sandbox-gnfngfcwfuenfwbd.francecentral-01.azurewebsites.net\/de\/partner\/devenir-partenaire\/\">Partner werden<\/a><\/li><\/ul><\/li><li class=\"elementor-sitemap-item elementor-sitemap-item-page page_item page-item-58\"><a href=\"https:\/\/physidia-sandbox-gnfngfcwfuenfwbd.francecentral-01.azurewebsites.net\/de\/patienten\/\">Patienten<\/a><ul class='children'><li class=\"elementor-sitemap-item elementor-sitemap-item-page page_item page-item-1851\"><a href=\"https:\/\/physidia-sandbox-gnfngfcwfuenfwbd.francecentral-01.azurewebsites.net\/de\/patienten\/konservative-behandlung\/\">Konservative Behandlung<\/a><\/li><li class=\"elementor-sitemap-item elementor-sitemap-item-page page_item page-item-819\"><a href=\"https:\/\/physidia-sandbox-gnfngfcwfuenfwbd.francecentral-01.azurewebsites.net\/de\/patienten\/a-propos-patients\/\">\u00dcber uns<\/a><\/li><li class=\"elementor-sitemap-item elementor-sitemap-item-page page_item page-item-816\"><a href=\"https:\/\/physidia-sandbox-gnfngfcwfuenfwbd.francecentral-01.azurewebsites.net\/de\/patienten\/patienten-faq\/\">FAQ f\u00fcr Patienten<\/a><\/li><li class=\"elementor-sitemap-item elementor-sitemap-item-page page_item page-item-775\"><a href=\"https:\/\/physidia-sandbox-gnfngfcwfuenfwbd.francecentral-01.azurewebsites.net\/de\/patienten\/pravention\/\">Pr\u00e4vention<\/a><\/li><li class=\"elementor-sitemap-item elementor-sitemap-item-page page_item page-item-767\"><a href=\"https:\/\/physidia-sandbox-gnfngfcwfuenfwbd.francecentral-01.azurewebsites.net\/de\/patienten\/trouver-un-centre-de-dialyse\/\">Dialysezentrum suchen<\/a><\/li><li class=\"elementor-sitemap-item elementor-sitemap-item-page page_item page-item-765\"><a href=\"https:\/\/physidia-sandbox-gnfngfcwfuenfwbd.francecentral-01.azurewebsites.net\/de\/patienten\/transplantation\/\">Transplantation<\/a><\/li><li class=\"elementor-sitemap-item elementor-sitemap-item-page page_item page-item-705\"><a href=\"https:\/\/physidia-sandbox-gnfngfcwfuenfwbd.francecentral-01.azurewebsites.net\/de\/patienten\/welche-symptome-gibt-es\/\">Welche Symptome gibt es?<\/a><\/li><\/ul><\/li><li class=\"elementor-sitemap-item elementor-sitemap-item-page page_item page-item-42\"><a href=\"https:\/\/physidia-sandbox-gnfngfcwfuenfwbd.francecentral-01.azurewebsites.net\/de\/\">Startseite<\/a><\/li><li class=\"elementor-sitemap-item elementor-sitemap-item-page page_item page-item-34\"><a href=\"https:\/\/physidia-sandbox-gnfngfcwfuenfwbd.francecentral-01.azurewebsites.net\/de\/uber-physidia\/\">\u00dcber uns<\/a><\/li><\/ul><\/div><\/div>\t\t\t\t<\/div>\n\t\t\t\t<\/div>\n\t\t\t\t\t<\/div>\n\t\t\t\t<\/div>\n\t\t\t\t<\/div>","protected":false},"excerpt":{"rendered":"","protected":false},"author":1,"featured_media":0,"parent":0,"menu_order":0,"comment_status":"closed","ping_status":"closed","template":"","meta":{"_acf_changed":false,"footnotes":""},"class_list":["post-2269","page","type-page","status-publish","hentry"],"acf":[],"yoast_head":"<!-- This site is optimized with the Yoast SEO Premium plugin v26.7 (Yoast SEO v27.3) - https:\/\/yoast.com\/product\/yoast-seo-premium-wordpress\/ -->\n<title>Plan du site - Physidia - H\u00e9modialyse \u00e0 Domicile<\/title>\n<meta name=\"description\" content=\"Plan du site Physidia : acc\u00e9dez rapidement \u00e0 toutes les pages d\u00e9di\u00e9es aux patients, professionnels, produits, formations et actualit\u00e9s.\" \/>\n<meta name=\"robots\" content=\"index, follow, max-snippet:-1, max-image-preview:large, max-video-preview:-1\" \/>\n<link rel=\"canonical\" href=\"https:\/\/physidia-sandbox-gnfngfcwfuenfwbd.francecentral-01.azurewebsites.net\/de\/paginas\/\" \/>\n<meta property=\"og:locale\" content=\"de_DE\" \/>\n<meta property=\"og:type\" content=\"article\" \/>\n<meta property=\"og:title\" content=\"Plan du site\" \/>\n<meta property=\"og:description\" content=\"Plan du site Physidia : acc\u00e9dez rapidement \u00e0 toutes les pages d\u00e9di\u00e9es aux patients, professionnels, produits, formations et actualit\u00e9s.\" \/>\n<meta property=\"og:url\" content=\"https:\/\/physidia-sandbox-gnfngfcwfuenfwbd.francecentral-01.azurewebsites.net\/de\/paginas\/\" \/>\n<meta property=\"og:site_name\" content=\"SANDBOX-TEST-DB\" \/>\n<meta property=\"article:publisher\" content=\"https:\/\/www.facebook.com\/Physidia\" \/>\n<meta property=\"article:modified_time\" content=\"2025-07-14T13:39:12+00:00\" \/>\n<meta property=\"og:image\" content=\"https:\/\/physidia-sandbox-gnfngfcwfuenfwbd.francecentral-01.azurewebsites.net\/wp-content\/uploads\/2024\/12\/logo-physidia.webp\" \/>\n\t<meta property=\"og:image:width\" content=\"281\" \/>\n\t<meta property=\"og:image:height\" content=\"283\" \/>\n\t<meta property=\"og:image:type\" content=\"image\/webp\" \/>\n<meta name=\"twitter:card\" content=\"summary_large_image\" \/>\n<meta name=\"twitter:label1\" content=\"Gesch\u00e4tzte Lesezeit\" \/>\n\t<meta name=\"twitter:data1\" content=\"1\u00a0Minute\" \/>\n<script type=\"application\/ld+json\" class=\"yoast-schema-graph\">{\"@context\":\"https:\\\/\\\/schema.org\",\"@graph\":[{\"@type\":\"WebPage\",\"@id\":\"https:\\\/\\\/physidia-sandbox-gnfngfcwfuenfwbd.francecentral-01.azurewebsites.net\\\/es\\\/paginas\\\/\",\"url\":\"https:\\\/\\\/physidia-sandbox-gnfngfcwfuenfwbd.francecentral-01.azurewebsites.net\\\/es\\\/paginas\\\/\",\"name\":\"Plan du site - Physidia - H\u00e9modialyse \u00e0 Domicile\",\"isPartOf\":{\"@id\":\"https:\\\/\\\/physidia-sandbox-gnfngfcwfuenfwbd.francecentral-01.azurewebsites.net\\\/#website\"},\"datePublished\":\"2025-03-04T15:30:22+00:00\",\"dateModified\":\"2025-07-14T13:39:12+00:00\",\"description\":\"Plan du site Physidia : acc\u00e9dez rapidement \u00e0 toutes les pages d\u00e9di\u00e9es aux patients, professionnels, produits, formations et actualit\u00e9s.\",\"breadcrumb\":{\"@id\":\"https:\\\/\\\/physidia-sandbox-gnfngfcwfuenfwbd.francecentral-01.azurewebsites.net\\\/es\\\/paginas\\\/#breadcrumb\"},\"inLanguage\":\"de\",\"potentialAction\":[{\"@type\":\"ReadAction\",\"target\":[\"https:\\\/\\\/physidia-sandbox-gnfngfcwfuenfwbd.francecentral-01.azurewebsites.net\\\/es\\\/paginas\\\/\"]}]},{\"@type\":\"BreadcrumbList\",\"@id\":\"https:\\\/\\\/physidia-sandbox-gnfngfcwfuenfwbd.francecentral-01.azurewebsites.net\\\/es\\\/paginas\\\/#breadcrumb\",\"itemListElement\":[{\"@type\":\"ListItem\",\"position\":1,\"name\":\"Accueil\",\"item\":\"https:\\\/\\\/physidia-sandbox-gnfngfcwfuenfwbd.francecentral-01.azurewebsites.net\\\/\"},{\"@type\":\"ListItem\",\"position\":2,\"name\":\"Plan du site\"}]},{\"@type\":\"WebSite\",\"@id\":\"https:\\\/\\\/physidia-sandbox-gnfngfcwfuenfwbd.francecentral-01.azurewebsites.net\\\/#website\",\"url\":\"https:\\\/\\\/physidia-sandbox-gnfngfcwfuenfwbd.francecentral-01.azurewebsites.net\\\/\",\"name\":\"Physidia | H\u00e9modialyse \u00e0 Domicile\",\"description\":\"\",\"publisher\":{\"@id\":\"https:\\\/\\\/physidia-sandbox-gnfngfcwfuenfwbd.francecentral-01.azurewebsites.net\\\/#organization\"},\"alternateName\":\"Physidia | HDDQ\",\"potentialAction\":[{\"@type\":\"SearchAction\",\"target\":{\"@type\":\"EntryPoint\",\"urlTemplate\":\"https:\\\/\\\/physidia-sandbox-gnfngfcwfuenfwbd.francecentral-01.azurewebsites.net\\\/?s={search_term_string}\"},\"query-input\":{\"@type\":\"PropertyValueSpecification\",\"valueRequired\":true,\"valueName\":\"search_term_string\"}}],\"inLanguage\":\"de\"},{\"@type\":\"Organization\",\"@id\":\"https:\\\/\\\/physidia-sandbox-gnfngfcwfuenfwbd.francecentral-01.azurewebsites.net\\\/#organization\",\"name\":\"Physidia\",\"url\":\"https:\\\/\\\/physidia-sandbox-gnfngfcwfuenfwbd.francecentral-01.azurewebsites.net\\\/\",\"logo\":{\"@type\":\"ImageObject\",\"inLanguage\":\"de\",\"@id\":\"https:\\\/\\\/physidia-sandbox-gnfngfcwfuenfwbd.francecentral-01.azurewebsites.net\\\/#\\\/schema\\\/logo\\\/image\\\/\",\"url\":\"https:\\\/\\\/physidia-sandbox-gnfngfcwfuenfwbd.francecentral-01.azurewebsites.net\\\/wp-content\\\/uploads\\\/2024\\\/12\\\/logo-physidia.webp\",\"contentUrl\":\"https:\\\/\\\/physidia-sandbox-gnfngfcwfuenfwbd.francecentral-01.azurewebsites.net\\\/wp-content\\\/uploads\\\/2024\\\/12\\\/logo-physidia.webp\",\"width\":281,\"height\":283,\"caption\":\"Physidia\"},\"image\":{\"@id\":\"https:\\\/\\\/physidia-sandbox-gnfngfcwfuenfwbd.francecentral-01.azurewebsites.net\\\/#\\\/schema\\\/logo\\\/image\\\/\"},\"sameAs\":[\"https:\\\/\\\/www.facebook.com\\\/Physidia\",\"https:\\\/\\\/www.linkedin.com\\\/company\\\/physidia\\\/\"],\"description\":\"Entreprise fran\u00e7aise pionni\u00e8re de la dialyse fr\u00e9quente et flexible \u00e0 domicile, Physidia con\u00e7oit et fabrique en France des solutions innovantes pour offrir aux patients dialys\u00e9s plus de libert\u00e9, de s\u00e9r\u00e9nit\u00e9 et une meilleure qualit\u00e9 de vie.\",\"email\":\"contact@physidia.fr\",\"legalName\":\"Physidia S.A.S.\",\"foundingDate\":\"2010-11-01\",\"taxID\":\"528 454 028 00028\",\"numberOfEmployees\":{\"@type\":\"QuantitativeValue\",\"minValue\":\"51\",\"maxValue\":\"200\"},\"publishingPrinciples\":\"https:\\\/\\\/physidia-sandbox-gnfngfcwfuenfwbd.francecentral-01.azurewebsites.net\\\/mentions-legales\\\/\",\"actionableFeedbackPolicy\":\"https:\\\/\\\/physidia-sandbox-gnfngfcwfuenfwbd.francecentral-01.azurewebsites.net\\\/politique-de-confidentialite\\\/\"}]}<\/script>\n<!-- \/ Yoast SEO Premium plugin. -->","yoast_head_json":{"title":"Plan du site - Physidia - H\u00e9modialyse \u00e0 Domicile","description":"Plan du site Physidia : acc\u00e9dez rapidement \u00e0 toutes les pages d\u00e9di\u00e9es aux patients, professionnels, produits, formations et actualit\u00e9s.","robots":{"index":"index","follow":"follow","max-snippet":"max-snippet:-1","max-image-preview":"max-image-preview:large","max-video-preview":"max-video-preview:-1"},"canonical":"https:\/\/physidia-sandbox-gnfngfcwfuenfwbd.francecentral-01.azurewebsites.net\/de\/paginas\/","og_locale":"de_DE","og_type":"article","og_title":"Plan du site","og_description":"Plan du site Physidia : acc\u00e9dez rapidement \u00e0 toutes les pages d\u00e9di\u00e9es aux patients, professionnels, produits, formations et actualit\u00e9s.","og_url":"https:\/\/physidia-sandbox-gnfngfcwfuenfwbd.francecentral-01.azurewebsites.net\/de\/paginas\/","og_site_name":"SANDBOX-TEST-DB","article_publisher":"https:\/\/www.facebook.com\/Physidia","article_modified_time":"2025-07-14T13:39:12+00:00","og_image":[{"width":281,"height":283,"url":"https:\/\/physidia-sandbox-gnfngfcwfuenfwbd.francecentral-01.azurewebsites.net\/wp-content\/uploads\/2024\/12\/logo-physidia.webp","type":"image\/webp"}],"twitter_card":"summary_large_image","twitter_misc":{"Gesch\u00e4tzte Lesezeit":"1\u00a0Minute"},"schema":{"@context":"https:\/\/schema.org","@graph":[{"@type":"WebPage","@id":"https:\/\/physidia-sandbox-gnfngfcwfuenfwbd.francecentral-01.azurewebsites.net\/es\/paginas\/","url":"https:\/\/physidia-sandbox-gnfngfcwfuenfwbd.francecentral-01.azurewebsites.net\/es\/paginas\/","name":"Plan du site - Physidia - H\u00e9modialyse \u00e0 Domicile","isPartOf":{"@id":"https:\/\/physidia-sandbox-gnfngfcwfuenfwbd.francecentral-01.azurewebsites.net\/#website"},"datePublished":"2025-03-04T15:30:22+00:00","dateModified":"2025-07-14T13:39:12+00:00","description":"Plan du site Physidia : acc\u00e9dez rapidement \u00e0 toutes les pages d\u00e9di\u00e9es aux patients, professionnels, produits, formations et actualit\u00e9s.","breadcrumb":{"@id":"https:\/\/physidia-sandbox-gnfngfcwfuenfwbd.francecentral-01.azurewebsites.net\/es\/paginas\/#breadcrumb"},"inLanguage":"de","potentialAction":[{"@type":"ReadAction","target":["https:\/\/physidia-sandbox-gnfngfcwfuenfwbd.francecentral-01.azurewebsites.net\/es\/paginas\/"]}]},{"@type":"BreadcrumbList","@id":"https:\/\/physidia-sandbox-gnfngfcwfuenfwbd.francecentral-01.azurewebsites.net\/es\/paginas\/#breadcrumb","itemListElement":[{"@type":"ListItem","position":1,"name":"Accueil","item":"https:\/\/physidia-sandbox-gnfngfcwfuenfwbd.francecentral-01.azurewebsites.net\/"},{"@type":"ListItem","position":2,"name":"Plan du site"}]},{"@type":"WebSite","@id":"https:\/\/physidia-sandbox-gnfngfcwfuenfwbd.francecentral-01.azurewebsites.net\/#website","url":"https:\/\/physidia-sandbox-gnfngfcwfuenfwbd.francecentral-01.azurewebsites.net\/","name":"Physidia | H\u00e9modialyse \u00e0 Domicile","description":"","publisher":{"@id":"https:\/\/physidia-sandbox-gnfngfcwfuenfwbd.francecentral-01.azurewebsites.net\/#organization"},"alternateName":"Physidia | HDDQ","potentialAction":[{"@type":"SearchAction","target":{"@type":"EntryPoint","urlTemplate":"https:\/\/physidia-sandbox-gnfngfcwfuenfwbd.francecentral-01.azurewebsites.net\/?s={search_term_string}"},"query-input":{"@type":"PropertyValueSpecification","valueRequired":true,"valueName":"search_term_string"}}],"inLanguage":"de"},{"@type":"Organization","@id":"https:\/\/physidia-sandbox-gnfngfcwfuenfwbd.francecentral-01.azurewebsites.net\/#organization","name":"Physidia","url":"https:\/\/physidia-sandbox-gnfngfcwfuenfwbd.francecentral-01.azurewebsites.net\/","logo":{"@type":"ImageObject","inLanguage":"de","@id":"https:\/\/physidia-sandbox-gnfngfcwfuenfwbd.francecentral-01.azurewebsites.net\/#\/schema\/logo\/image\/","url":"https:\/\/physidia-sandbox-gnfngfcwfuenfwbd.francecentral-01.azurewebsites.net\/wp-content\/uploads\/2024\/12\/logo-physidia.webp","contentUrl":"https:\/\/physidia-sandbox-gnfngfcwfuenfwbd.francecentral-01.azurewebsites.net\/wp-content\/uploads\/2024\/12\/logo-physidia.webp","width":281,"height":283,"caption":"Physidia"},"image":{"@id":"https:\/\/physidia-sandbox-gnfngfcwfuenfwbd.francecentral-01.azurewebsites.net\/#\/schema\/logo\/image\/"},"sameAs":["https:\/\/www.facebook.com\/Physidia","https:\/\/www.linkedin.com\/company\/physidia\/"],"description":"Entreprise fran\u00e7aise pionni\u00e8re de la dialyse fr\u00e9quente et flexible \u00e0 domicile, Physidia con\u00e7oit et fabrique en France des solutions innovantes pour offrir aux patients dialys\u00e9s plus de libert\u00e9, de s\u00e9r\u00e9nit\u00e9 et une meilleure qualit\u00e9 de vie.","email":"contact@physidia.fr","legalName":"Physidia S.A.S.","foundingDate":"2010-11-01","taxID":"528 454 028 00028","numberOfEmployees":{"@type":"QuantitativeValue","minValue":"51","maxValue":"200"},"publishingPrinciples":"https:\/\/physidia-sandbox-gnfngfcwfuenfwbd.francecentral-01.azurewebsites.net\/mentions-legales\/","actionableFeedbackPolicy":"https:\/\/physidia-sandbox-gnfngfcwfuenfwbd.francecentral-01.azurewebsites.net\/politique-de-confidentialite\/"}]}},"_links":{"self":[{"href":"https:\/\/physidia-sandbox-gnfngfcwfuenfwbd.francecentral-01.azurewebsites.net\/de\/wp-json\/wp\/v2\/pages\/2269","targetHints":{"allow":["GET"]}}],"collection":[{"href":"https:\/\/physidia-sandbox-gnfngfcwfuenfwbd.francecentral-01.azurewebsites.net\/de\/wp-json\/wp\/v2\/pages"}],"about":[{"href":"https:\/\/physidia-sandbox-gnfngfcwfuenfwbd.francecentral-01.azurewebsites.net\/de\/wp-json\/wp\/v2\/types\/page"}],"author":[{"embeddable":true,"href":"https:\/\/physidia-sandbox-gnfngfcwfuenfwbd.francecentral-01.azurewebsites.net\/de\/wp-json\/wp\/v2\/users\/1"}],"replies":[{"embeddable":true,"href":"https:\/\/physidia-sandbox-gnfngfcwfuenfwbd.francecentral-01.azurewebsites.net\/de\/wp-json\/wp\/v2\/comments?post=2269"}],"version-history":[{"count":16,"href":"https:\/\/physidia-sandbox-gnfngfcwfuenfwbd.francecentral-01.azurewebsites.net\/de\/wp-json\/wp\/v2\/pages\/2269\/revisions"}],"predecessor-version":[{"id":6325,"href":"https:\/\/physidia-sandbox-gnfngfcwfuenfwbd.francecentral-01.azurewebsites.net\/de\/wp-json\/wp\/v2\/pages\/2269\/revisions\/6325"}],"wp:attachment":[{"href":"https:\/\/physidia-sandbox-gnfngfcwfuenfwbd.francecentral-01.azurewebsites.net\/de\/wp-json\/wp\/v2\/media?parent=2269"}],"curies":[{"name":"wp","href":"https:\/\/api.w.org\/{rel}","templated":true}]}}