{"id":3550,"date":"2025-03-07T17:35:41","date_gmt":"2025-03-07T16:35:41","guid":{"rendered":"https:\/\/physidia-sandbox-gnfngfcwfuenfwbd.francecentral-01.azurewebsites.net\/?page_id=3550"},"modified":"2025-11-13T17:22:34","modified_gmt":"2025-11-13T16:22:34","slug":"les-formations","status":"publish","type":"page","link":"https:\/\/physidia-sandbox-gnfngfcwfuenfwbd.francecentral-01.azurewebsites.net\/de\/medizinische-fachkrafte\/schulung-unterstutzung\/schulungsprogramme\/","title":{"rendered":"Schulungsprogramme"},"content":{"rendered":"<div data-elementor-type=\"wp-page\" data-elementor-id=\"3550\" class=\"elementor elementor-3550\" data-elementor-post-type=\"page\">\n\t\t\t\t<div class=\"elementor-element elementor-element-c4b5ef9 e-flex e-con-boxed e-con e-parent\" data-id=\"c4b5ef9\" data-element_type=\"container\" data-e-type=\"container\" data-settings=\"{&quot;background_background&quot;:&quot;classic&quot;}\">\n\t\t\t\t\t<div class=\"e-con-inner\">\n\t\t\t\t<div class=\"elementor-element elementor-element-dfffeb0 elementor-absolute elementor-widget elementor-widget-image\" data-id=\"dfffeb0\" data-element_type=\"widget\" data-e-type=\"widget\" data-settings=\"{&quot;_position&quot;:&quot;absolute&quot;}\" data-widget_type=\"image.default\">\n\t\t\t\t<div class=\"elementor-widget-container\">\n\t\t\t\t\t\t\t\t\t\t\t\t\t\t\t<img decoding=\"async\" width=\"1\" height=\"1\" src=\"https:\/\/physidia-sandbox-gnfngfcwfuenfwbd.francecentral-01.azurewebsites.net\/wp-content\/uploads\/2024\/12\/decor-page-title.svg\" class=\"attachment-large size-large wp-image-288\" alt=\"\" \/>\t\t\t\t\t\t\t\t\t\t\t\t\t\t\t<\/div>\n\t\t\t\t<\/div>\n\t\t\t\t\t<\/div>\n\t\t\t\t<\/div>\n\t\t<div class=\"elementor-element elementor-element-9ed1678 e-flex e-con-boxed e-con e-parent\" data-id=\"9ed1678\" data-element_type=\"container\" data-e-type=\"container\" data-settings=\"{&quot;background_background&quot;:&quot;classic&quot;}\">\n\t\t\t\t\t<div class=\"e-con-inner\">\n\t\t\t\t<div class=\"elementor-element elementor-element-8007b58 elementor-widget elementor-widget-shortcode\" data-id=\"8007b58\" data-element_type=\"widget\" data-e-type=\"widget\" data-widget_type=\"shortcode.default\">\n\t\t\t\t<div class=\"elementor-widget-container\">\n\t\t\t\t\t\t\t<div class=\"elementor-shortcode\"><span><span><a href=\"https:\/\/physidia-sandbox-gnfngfcwfuenfwbd.francecentral-01.azurewebsites.net\/de\/\"><img decoding=\"async\" alt=\"Startseite\" src=\"https:\/\/physidia-sandbox-gnfngfcwfuenfwbd.francecentral-01.azurewebsites.net\/wp-content\/themes\/hello-theme-child-master\/img\/home.svg\" class=\"home-breadcrumb\" \/> Startseite<\/a><\/span><\/span><\/div>\n\t\t\t\t\t\t<\/div>\n\t\t\t\t<\/div>\n\t\t\t\t\t<\/div>\n\t\t\t\t<\/div>\n\t\t<div class=\"elementor-element elementor-element-7fd4459 e-flex e-con-boxed e-con e-parent\" data-id=\"7fd4459\" data-element_type=\"container\" data-e-type=\"container\" data-settings=\"{&quot;background_background&quot;:&quot;classic&quot;}\">\n\t\t\t\t\t<div class=\"e-con-inner\">\n\t\t\t\t<div class=\"elementor-element elementor-element-973d21b elementor-widget elementor-widget-text-editor\" data-id=\"973d21b\" data-element_type=\"widget\" data-e-type=\"widget\" data-widget_type=\"text-editor.default\">\n\t\t\t\t<div class=\"elementor-widget-container\">\n\t\t\t\t\t\t\t\t\t<p style=\"text-align: center;\">Wir bei Physidia m\u00f6chten medizinische Fachkr\u00e4fte bei der Weiterentwicklung ihrer Kompetenzen in der Heimh\u00e4modialyse unterst\u00fctzen. Unsere Schulungsprogramme sind speziell auf die Bed\u00fcrfnisse von \u00c4rzten und die Optimierung der Patientenversorgung zugeschnitten. Diese Schulungen werden in enger Zusammenarbeit mit unseren Vertriebspartnern vor Ort entwickelt. Auf diese Weise sind sie genau auf die spezifischen Anforderungen und Bestimmungen der jeweiligen Region abgestimmt. Wir bieten strukturierte, praktische Schulungen, damit Sie Vertrauen in den S\u00b3 Monitor aufbauen und diesen sicher und wirksam nutzen k\u00f6nnen, unabh\u00e4ngig davon, ob Sie Nephrologe, Pflegekraft oder Teil des Dialyse-Betreuungsteams sind.<\/p>\t\t\t\t\t\t\t\t<\/div>\n\t\t\t\t<\/div>\n\t\t\t\t\t<\/div>\n\t\t\t\t<\/div>\n\t\t<div class=\"elementor-element elementor-element-44cb1a6 e-flex e-con-boxed e-con e-parent\" data-id=\"44cb1a6\" data-element_type=\"container\" data-e-type=\"container\" data-settings=\"{&quot;background_background&quot;:&quot;classic&quot;}\">\n\t\t\t\t\t<div class=\"e-con-inner\">\n\t\t<div class=\"elementor-element elementor-element-9bf01a7 e-con-full e-flex e-con e-child\" data-id=\"9bf01a7\" data-element_type=\"container\" data-e-type=\"container\">\n\t\t\t\t<div class=\"elementor-element elementor-element-faf3d64 elementor-widget elementor-widget-text-editor\" data-id=\"faf3d64\" data-element_type=\"widget\" data-e-type=\"widget\" data-widget_type=\"text-editor.default\">\n\t\t\t\t<div class=\"elementor-widget-container\">\n\t\t\t\t\t\t\t\t\t<h2><strong>Schulungen<\/strong><\/h2><p>Mit einem strukturierten Lehrplan stellen wir eine sukzessive und effiziente Kompetenzentwicklung sicher:<\/p><ul><li class=\"translation-block\"><strong>Erstschulung<\/strong>: Umgang mit dem S\u00b3 Monitor und Therapieschulung der Patienten.<\/li><li class=\"translation-block\"><strong>Auffrischungs- und Nachschulung<\/strong>: Zur Vertiefung der Kenntnisse und kontinuierlichen \u00dcberwachung der klinischen Praxis.<\/li><li class=\"translation-block\"><strong>Expertenschulung<\/strong>: Weiterbildung und Erfahrungsaustausch.<\/li><li class=\"translation-block\"><strong>Kurse f\u00fcr Fachkr\u00e4fte<\/strong>: Spezielle Schulung f\u00fcr wichtige Kontaktpersonen, erfahrene Pflegekr\u00e4fte und \u00c4rzteteams.<\/li><\/ul>\t\t\t\t\t\t\t\t<\/div>\n\t\t\t\t<\/div>\n\t\t\t\t<\/div>\n\t\t<div class=\"elementor-element elementor-element-de8ba37 e-con-full e-flex e-con e-child\" data-id=\"de8ba37\" data-element_type=\"container\" data-e-type=\"container\">\n\t\t\t\t<div class=\"elementor-element elementor-element-60003a8 elementor-widget elementor-widget-text-editor\" data-id=\"60003a8\" data-element_type=\"widget\" data-e-type=\"widget\" data-widget_type=\"text-editor.default\">\n\t\t\t\t<div class=\"elementor-widget-container\">\n\t\t\t\t\t\t\t\t\t<h2><strong>Lernmaterial<\/strong><\/h2><p>Unser Schulungsmaterial umfasst:<\/p><ul><li>Lernvideos<\/li><li>Praxisleitf\u00e4den und Referenzbl\u00e4tter<\/li><li>E-Learning-Plattform<\/li><li>Webinare<\/li><\/ul>\t\t\t\t\t\t\t\t<\/div>\n\t\t\t\t<\/div>\n\t\t\t\t<\/div>\n\t\t\t\t\t<\/div>\n\t\t\t\t<\/div>\n\t\t<div class=\"elementor-element elementor-element-3dfdf6f e-flex e-con-boxed e-con e-parent\" data-id=\"3dfdf6f\" data-element_type=\"container\" data-e-type=\"container\" data-settings=\"{&quot;background_background&quot;:&quot;classic&quot;}\">\n\t\t\t\t\t<div class=\"e-con-inner\">\n\t\t\t\t<div class=\"elementor-element elementor-element-e2100df elementor-widget elementor-widget-text-editor\" data-id=\"e2100df\" data-element_type=\"widget\" data-e-type=\"widget\" data-widget_type=\"text-editor.default\">\n\t\t\t\t<div class=\"elementor-widget-container\">\n\t\t\t\t\t\t\t\t\t<h2 style=\"text-align: center;\"><strong>Zugriff auf Ressourcen<\/strong><\/h2><p style=\"text-align: center;\" class=\"translation-block\">Einige Ressourcen und Materialien sind nur \u00fcber unser <strong>pers\u00f6nlich zug\u00e4ngliches Portal erh\u00e4ltlich.<\/strong>.<br><strong>Fordern Sie Ihren Zugang an<\/strong>, um vom exklusiven Inhalt und individueller Unterst\u00fctzung zu profitieren.<\/p><p style=\"text-align: center;\" class=\"translation-block\"><strong>Kontakt<\/strong><br>\nF\u00fcr weitere Informationen oder die Vereinbarung eines Schulungstermins wenden Sie sich bitte an Ihren  <a href=\"https:\/\/physidia-sandbox-gnfngfcwfuenfwbd.francecentral-01.azurewebsites.net\/de\/kontaktieren-sie-uns\/\" target=\"_blank\" rel=\"noopener\">Vertreter vor Ort<\/a>.<\/p>\t\t\t\t\t\t\t\t<\/div>\n\t\t\t\t<\/div>\n\t\t\t\t<div class=\"elementor-element elementor-element-ed97fe6 elementor-align-center elementor-widget elementor-widget-button\" data-id=\"ed97fe6\" data-element_type=\"widget\" data-e-type=\"widget\" data-widget_type=\"button.default\">\n\t\t\t\t<div class=\"elementor-widget-container\">\n\t\t\t\t\t\t\t\t\t<div class=\"elementor-button-wrapper\">\n\t\t\t\t\t<a class=\"elementor-button elementor-button-link elementor-size-sm\" href=\"https:\/\/physidia-sandbox-gnfngfcwfuenfwbd.francecentral-01.azurewebsites.net\/de\/medizinische-fachkrafte\/espace-prive-professionnels-de-sante\/\">\n\t\t\t\t\t\t<span class=\"elementor-button-content-wrapper\">\n\t\t\t\t\t\t\t\t\t<span class=\"elementor-button-text\">Private Access<\/span>\n\t\t\t\t\t<\/span>\n\t\t\t\t\t<\/a>\n\t\t\t\t<\/div>\n\t\t\t\t\t\t\t\t<\/div>\n\t\t\t\t<\/div>\n\t\t\t\t\t<\/div>\n\t\t\t\t<\/div>\n\t\t\t\t<\/div>","protected":false},"excerpt":{"rendered":"<p>Chez Physidia, nous accompagnons les professionnels de sant\u00e9 dans leur mont\u00e9e en comp\u00e9tence sur l\u2019h\u00e9modialyse \u00e0 domicile. Nos formations sont con\u00e7ues pour r\u00e9pondre aux besoins des \u00e9quipes m\u00e9dicales et optimiser la prise en charge des patients. Nos formations Nous proposons un parcours structur\u00e9 pour garantir une mont\u00e9e en comp\u00e9tence progressive et efficace : Formation Initiale : Ma\u00eetrise du moniteur S\u00b3 et formation des patients \u00e0 leur th\u00e9rapie. Formation Refresh &amp; Suivi : Consolidation des connaissances et suivi des pratiques. Formation Expert : Approfondissement des comp\u00e9tences et partage d\u2019exp\u00e9rience. Staffs sp\u00e9cialis\u00e9s : Sessions d\u00e9di\u00e9es aux r\u00e9f\u00e9rents, infirmiers en pratique avanc\u00e9e, et \u00e9quipes m\u00e9dicales (Buttonhole, CVC&#8230;). Ressources p\u00e9dagogiques Nos supports de formation incluent : Vid\u00e9os p\u00e9dagogiques Guides pratiques et m\u00e9mos Plateforme e-learning Webinaires Acc\u00e8s aux ressources Certaines ressources et supports sont disponibles uniquement via notre espace priv\u00e9.Demandez un acc\u00e8s pour b\u00e9n\u00e9ficier de contenus exclusifs et d\u2019un accompagnement personnalis\u00e9. ContactPour plus d\u2019informations ou [&hellip;]<\/p>\n","protected":false},"author":1,"featured_media":0,"parent":3521,"menu_order":0,"comment_status":"closed","ping_status":"closed","template":"","meta":{"_acf_changed":false,"footnotes":""},"class_list":["post-3550","page","type-page","status-publish","hentry"],"acf":[],"yoast_head":"<!-- This site is optimized with the Yoast SEO Premium plugin v26.7 (Yoast SEO v27.3) - https:\/\/yoast.com\/product\/yoast-seo-premium-wordpress\/ -->\n<title>Les Formations - Physidia - H\u00e9modialyse \u00e0 domicile<\/title>\n<meta name=\"description\" content=\"D\u00e9couvrez les formations Physidia : modules th\u00e9oriques, ateliers pratiques, certification HDDQ pour les \u00e9quipes m\u00e9dicales accompagnant la dialyse \u00e0 domicile.\" \/>\n<meta name=\"robots\" content=\"index, follow, max-snippet:-1, max-image-preview:large, max-video-preview:-1\" \/>\n<link rel=\"canonical\" href=\"https:\/\/physidia-sandbox-gnfngfcwfuenfwbd.francecentral-01.azurewebsites.net\/de\/healthcare-professionnals\/training-and-support\/training-courses\/\" \/>\n<meta property=\"og:locale\" content=\"de_DE\" \/>\n<meta property=\"og:type\" content=\"article\" \/>\n<meta property=\"og:title\" content=\"Les formations\" \/>\n<meta property=\"og:description\" content=\"D\u00e9couvrez les formations Physidia : modules th\u00e9oriques, ateliers pratiques, certification HDDQ pour les \u00e9quipes m\u00e9dicales accompagnant la dialyse \u00e0 domicile.\" \/>\n<meta property=\"og:url\" content=\"https:\/\/physidia-sandbox-gnfngfcwfuenfwbd.francecentral-01.azurewebsites.net\/de\/healthcare-professionnals\/training-and-support\/training-courses\/\" \/>\n<meta property=\"og:site_name\" content=\"SANDBOX-TEST-DB\" \/>\n<meta property=\"article:publisher\" content=\"https:\/\/www.facebook.com\/Physidia\" \/>\n<meta property=\"article:modified_time\" content=\"2025-11-13T16:22:34+00:00\" \/>\n<meta property=\"og:image\" content=\"https:\/\/new-physidia-com-dev.jupiter.cdigital.fr\/wp-content\/uploads\/2024\/12\/decor-page-title.svg\" \/>\n<meta name=\"twitter:card\" content=\"summary_large_image\" \/>\n<meta name=\"twitter:label1\" content=\"Gesch\u00e4tzte Lesezeit\" \/>\n\t<meta name=\"twitter:data1\" content=\"2\u00a0Minuten\" \/>\n<script type=\"application\/ld+json\" class=\"yoast-schema-graph\">{\"@context\":\"https:\\\/\\\/schema.org\",\"@graph\":[{\"@type\":\"WebPage\",\"@id\":\"https:\\\/\\\/physidia-sandbox-gnfngfcwfuenfwbd.francecentral-01.azurewebsites.net\\\/en\\\/healthcare-professionnals\\\/training-and-support\\\/training-courses\\\/\",\"url\":\"https:\\\/\\\/physidia-sandbox-gnfngfcwfuenfwbd.francecentral-01.azurewebsites.net\\\/en\\\/healthcare-professionnals\\\/training-and-support\\\/training-courses\\\/\",\"name\":\"Les Formations - Physidia - H\u00e9modialyse \u00e0 domicile\",\"isPartOf\":{\"@id\":\"https:\\\/\\\/physidia-sandbox-gnfngfcwfuenfwbd.francecentral-01.azurewebsites.net\\\/#website\"},\"primaryImageOfPage\":{\"@id\":\"https:\\\/\\\/physidia-sandbox-gnfngfcwfuenfwbd.francecentral-01.azurewebsites.net\\\/en\\\/healthcare-professionnals\\\/training-and-support\\\/training-courses\\\/#primaryimage\"},\"image\":{\"@id\":\"https:\\\/\\\/physidia-sandbox-gnfngfcwfuenfwbd.francecentral-01.azurewebsites.net\\\/en\\\/healthcare-professionnals\\\/training-and-support\\\/training-courses\\\/#primaryimage\"},\"thumbnailUrl\":\"https:\\\/\\\/new-physidia-com-dev.jupiter.cdigital.fr\\\/wp-content\\\/uploads\\\/2024\\\/12\\\/decor-page-title.svg\",\"datePublished\":\"2025-03-07T16:35:41+00:00\",\"dateModified\":\"2025-11-13T16:22:34+00:00\",\"description\":\"D\u00e9couvrez les formations Physidia : modules th\u00e9oriques, ateliers pratiques, certification HDDQ pour les \u00e9quipes m\u00e9dicales accompagnant la dialyse \u00e0 domicile.\",\"breadcrumb\":{\"@id\":\"https:\\\/\\\/physidia-sandbox-gnfngfcwfuenfwbd.francecentral-01.azurewebsites.net\\\/en\\\/healthcare-professionnals\\\/training-and-support\\\/training-courses\\\/#breadcrumb\"},\"inLanguage\":\"de\",\"potentialAction\":[{\"@type\":\"ReadAction\",\"target\":[\"https:\\\/\\\/physidia-sandbox-gnfngfcwfuenfwbd.francecentral-01.azurewebsites.net\\\/en\\\/healthcare-professionnals\\\/training-and-support\\\/training-courses\\\/\"]}]},{\"@type\":\"ImageObject\",\"inLanguage\":\"de\",\"@id\":\"https:\\\/\\\/physidia-sandbox-gnfngfcwfuenfwbd.francecentral-01.azurewebsites.net\\\/en\\\/healthcare-professionnals\\\/training-and-support\\\/training-courses\\\/#primaryimage\",\"url\":\"https:\\\/\\\/new-physidia-com-dev.jupiter.cdigital.fr\\\/wp-content\\\/uploads\\\/2024\\\/12\\\/decor-page-title.svg\",\"contentUrl\":\"https:\\\/\\\/new-physidia-com-dev.jupiter.cdigital.fr\\\/wp-content\\\/uploads\\\/2024\\\/12\\\/decor-page-title.svg\"},{\"@type\":\"BreadcrumbList\",\"@id\":\"https:\\\/\\\/physidia-sandbox-gnfngfcwfuenfwbd.francecentral-01.azurewebsites.net\\\/en\\\/healthcare-professionnals\\\/training-and-support\\\/training-courses\\\/#breadcrumb\",\"itemListElement\":[{\"@type\":\"ListItem\",\"position\":1,\"name\":\"Accueil\",\"item\":\"https:\\\/\\\/physidia-sandbox-gnfngfcwfuenfwbd.francecentral-01.azurewebsites.net\\\/\"},{\"@type\":\"ListItem\",\"position\":2,\"name\":\"Professionnels de sant\u00e9\",\"item\":\"https:\\\/\\\/physidia-sandbox-gnfngfcwfuenfwbd.francecentral-01.azurewebsites.net\\\/en\\\/healthcare-professionnals\\\/\"},{\"@type\":\"ListItem\",\"position\":3,\"name\":\"Formation &amp; Accompagnement\",\"item\":\"https:\\\/\\\/physidia-sandbox-gnfngfcwfuenfwbd.francecentral-01.azurewebsites.net\\\/en\\\/healthcare-professionnals\\\/training-and-support\\\/\"},{\"@type\":\"ListItem\",\"position\":4,\"name\":\"Les formations\"}]},{\"@type\":\"WebSite\",\"@id\":\"https:\\\/\\\/physidia-sandbox-gnfngfcwfuenfwbd.francecentral-01.azurewebsites.net\\\/#website\",\"url\":\"https:\\\/\\\/physidia-sandbox-gnfngfcwfuenfwbd.francecentral-01.azurewebsites.net\\\/\",\"name\":\"Physidia | H\u00e9modialyse \u00e0 Domicile\",\"description\":\"\",\"publisher\":{\"@id\":\"https:\\\/\\\/physidia-sandbox-gnfngfcwfuenfwbd.francecentral-01.azurewebsites.net\\\/#organization\"},\"alternateName\":\"Physidia | HDDQ\",\"potentialAction\":[{\"@type\":\"SearchAction\",\"target\":{\"@type\":\"EntryPoint\",\"urlTemplate\":\"https:\\\/\\\/physidia-sandbox-gnfngfcwfuenfwbd.francecentral-01.azurewebsites.net\\\/?s={search_term_string}\"},\"query-input\":{\"@type\":\"PropertyValueSpecification\",\"valueRequired\":true,\"valueName\":\"search_term_string\"}}],\"inLanguage\":\"de\"},{\"@type\":\"Organization\",\"@id\":\"https:\\\/\\\/physidia-sandbox-gnfngfcwfuenfwbd.francecentral-01.azurewebsites.net\\\/#organization\",\"name\":\"Physidia\",\"url\":\"https:\\\/\\\/physidia-sandbox-gnfngfcwfuenfwbd.francecentral-01.azurewebsites.net\\\/\",\"logo\":{\"@type\":\"ImageObject\",\"inLanguage\":\"de\",\"@id\":\"https:\\\/\\\/physidia-sandbox-gnfngfcwfuenfwbd.francecentral-01.azurewebsites.net\\\/#\\\/schema\\\/logo\\\/image\\\/\",\"url\":\"https:\\\/\\\/physidia-sandbox-gnfngfcwfuenfwbd.francecentral-01.azurewebsites.net\\\/wp-content\\\/uploads\\\/2024\\\/12\\\/logo-physidia.webp\",\"contentUrl\":\"https:\\\/\\\/physidia-sandbox-gnfngfcwfuenfwbd.francecentral-01.azurewebsites.net\\\/wp-content\\\/uploads\\\/2024\\\/12\\\/logo-physidia.webp\",\"width\":281,\"height\":283,\"caption\":\"Physidia\"},\"image\":{\"@id\":\"https:\\\/\\\/physidia-sandbox-gnfngfcwfuenfwbd.francecentral-01.azurewebsites.net\\\/#\\\/schema\\\/logo\\\/image\\\/\"},\"sameAs\":[\"https:\\\/\\\/www.facebook.com\\\/Physidia\",\"https:\\\/\\\/www.linkedin.com\\\/company\\\/physidia\\\/\"],\"description\":\"Entreprise fran\u00e7aise pionni\u00e8re de la dialyse fr\u00e9quente et flexible \u00e0 domicile, Physidia con\u00e7oit et fabrique en France des solutions innovantes pour offrir aux patients dialys\u00e9s plus de libert\u00e9, de s\u00e9r\u00e9nit\u00e9 et une meilleure qualit\u00e9 de vie.\",\"email\":\"contact@physidia.fr\",\"legalName\":\"Physidia S.A.S.\",\"foundingDate\":\"2010-11-01\",\"taxID\":\"528 454 028 00028\",\"numberOfEmployees\":{\"@type\":\"QuantitativeValue\",\"minValue\":\"51\",\"maxValue\":\"200\"},\"publishingPrinciples\":\"https:\\\/\\\/physidia-sandbox-gnfngfcwfuenfwbd.francecentral-01.azurewebsites.net\\\/mentions-legales\\\/\",\"actionableFeedbackPolicy\":\"https:\\\/\\\/physidia-sandbox-gnfngfcwfuenfwbd.francecentral-01.azurewebsites.net\\\/politique-de-confidentialite\\\/\"}]}<\/script>\n<!-- \/ Yoast SEO Premium plugin. -->","yoast_head_json":{"title":"Les Formations - Physidia - H\u00e9modialyse \u00e0 domicile","description":"D\u00e9couvrez les formations Physidia : modules th\u00e9oriques, ateliers pratiques, certification HDDQ pour les \u00e9quipes m\u00e9dicales accompagnant la dialyse \u00e0 domicile.","robots":{"index":"index","follow":"follow","max-snippet":"max-snippet:-1","max-image-preview":"max-image-preview:large","max-video-preview":"max-video-preview:-1"},"canonical":"https:\/\/physidia-sandbox-gnfngfcwfuenfwbd.francecentral-01.azurewebsites.net\/de\/healthcare-professionnals\/training-and-support\/training-courses\/","og_locale":"de_DE","og_type":"article","og_title":"Les formations","og_description":"D\u00e9couvrez les formations Physidia : modules th\u00e9oriques, ateliers pratiques, certification HDDQ pour les \u00e9quipes m\u00e9dicales accompagnant la dialyse \u00e0 domicile.","og_url":"https:\/\/physidia-sandbox-gnfngfcwfuenfwbd.francecentral-01.azurewebsites.net\/de\/healthcare-professionnals\/training-and-support\/training-courses\/","og_site_name":"SANDBOX-TEST-DB","article_publisher":"https:\/\/www.facebook.com\/Physidia","article_modified_time":"2025-11-13T16:22:34+00:00","og_image":[{"url":"https:\/\/new-physidia-com-dev.jupiter.cdigital.fr\/wp-content\/uploads\/2024\/12\/decor-page-title.svg","type":"","width":"","height":""}],"twitter_card":"summary_large_image","twitter_misc":{"Gesch\u00e4tzte Lesezeit":"2\u00a0Minuten"},"schema":{"@context":"https:\/\/schema.org","@graph":[{"@type":"WebPage","@id":"https:\/\/physidia-sandbox-gnfngfcwfuenfwbd.francecentral-01.azurewebsites.net\/en\/healthcare-professionnals\/training-and-support\/training-courses\/","url":"https:\/\/physidia-sandbox-gnfngfcwfuenfwbd.francecentral-01.azurewebsites.net\/en\/healthcare-professionnals\/training-and-support\/training-courses\/","name":"Les Formations - Physidia - H\u00e9modialyse \u00e0 domicile","isPartOf":{"@id":"https:\/\/physidia-sandbox-gnfngfcwfuenfwbd.francecentral-01.azurewebsites.net\/#website"},"primaryImageOfPage":{"@id":"https:\/\/physidia-sandbox-gnfngfcwfuenfwbd.francecentral-01.azurewebsites.net\/en\/healthcare-professionnals\/training-and-support\/training-courses\/#primaryimage"},"image":{"@id":"https:\/\/physidia-sandbox-gnfngfcwfuenfwbd.francecentral-01.azurewebsites.net\/en\/healthcare-professionnals\/training-and-support\/training-courses\/#primaryimage"},"thumbnailUrl":"https:\/\/new-physidia-com-dev.jupiter.cdigital.fr\/wp-content\/uploads\/2024\/12\/decor-page-title.svg","datePublished":"2025-03-07T16:35:41+00:00","dateModified":"2025-11-13T16:22:34+00:00","description":"D\u00e9couvrez les formations Physidia : modules th\u00e9oriques, ateliers pratiques, certification HDDQ pour les \u00e9quipes m\u00e9dicales accompagnant la dialyse \u00e0 domicile.","breadcrumb":{"@id":"https:\/\/physidia-sandbox-gnfngfcwfuenfwbd.francecentral-01.azurewebsites.net\/en\/healthcare-professionnals\/training-and-support\/training-courses\/#breadcrumb"},"inLanguage":"de","potentialAction":[{"@type":"ReadAction","target":["https:\/\/physidia-sandbox-gnfngfcwfuenfwbd.francecentral-01.azurewebsites.net\/en\/healthcare-professionnals\/training-and-support\/training-courses\/"]}]},{"@type":"ImageObject","inLanguage":"de","@id":"https:\/\/physidia-sandbox-gnfngfcwfuenfwbd.francecentral-01.azurewebsites.net\/en\/healthcare-professionnals\/training-and-support\/training-courses\/#primaryimage","url":"https:\/\/new-physidia-com-dev.jupiter.cdigital.fr\/wp-content\/uploads\/2024\/12\/decor-page-title.svg","contentUrl":"https:\/\/new-physidia-com-dev.jupiter.cdigital.fr\/wp-content\/uploads\/2024\/12\/decor-page-title.svg"},{"@type":"BreadcrumbList","@id":"https:\/\/physidia-sandbox-gnfngfcwfuenfwbd.francecentral-01.azurewebsites.net\/en\/healthcare-professionnals\/training-and-support\/training-courses\/#breadcrumb","itemListElement":[{"@type":"ListItem","position":1,"name":"Accueil","item":"https:\/\/physidia-sandbox-gnfngfcwfuenfwbd.francecentral-01.azurewebsites.net\/"},{"@type":"ListItem","position":2,"name":"Professionnels de sant\u00e9","item":"https:\/\/physidia-sandbox-gnfngfcwfuenfwbd.francecentral-01.azurewebsites.net\/en\/healthcare-professionnals\/"},{"@type":"ListItem","position":3,"name":"Formation &amp; Accompagnement","item":"https:\/\/physidia-sandbox-gnfngfcwfuenfwbd.francecentral-01.azurewebsites.net\/en\/healthcare-professionnals\/training-and-support\/"},{"@type":"ListItem","position":4,"name":"Les formations"}]},{"@type":"WebSite","@id":"https:\/\/physidia-sandbox-gnfngfcwfuenfwbd.francecentral-01.azurewebsites.net\/#website","url":"https:\/\/physidia-sandbox-gnfngfcwfuenfwbd.francecentral-01.azurewebsites.net\/","name":"Physidia | H\u00e9modialyse \u00e0 Domicile","description":"","publisher":{"@id":"https:\/\/physidia-sandbox-gnfngfcwfuenfwbd.francecentral-01.azurewebsites.net\/#organization"},"alternateName":"Physidia | HDDQ","potentialAction":[{"@type":"SearchAction","target":{"@type":"EntryPoint","urlTemplate":"https:\/\/physidia-sandbox-gnfngfcwfuenfwbd.francecentral-01.azurewebsites.net\/?s={search_term_string}"},"query-input":{"@type":"PropertyValueSpecification","valueRequired":true,"valueName":"search_term_string"}}],"inLanguage":"de"},{"@type":"Organization","@id":"https:\/\/physidia-sandbox-gnfngfcwfuenfwbd.francecentral-01.azurewebsites.net\/#organization","name":"Physidia","url":"https:\/\/physidia-sandbox-gnfngfcwfuenfwbd.francecentral-01.azurewebsites.net\/","logo":{"@type":"ImageObject","inLanguage":"de","@id":"https:\/\/physidia-sandbox-gnfngfcwfuenfwbd.francecentral-01.azurewebsites.net\/#\/schema\/logo\/image\/","url":"https:\/\/physidia-sandbox-gnfngfcwfuenfwbd.francecentral-01.azurewebsites.net\/wp-content\/uploads\/2024\/12\/logo-physidia.webp","contentUrl":"https:\/\/physidia-sandbox-gnfngfcwfuenfwbd.francecentral-01.azurewebsites.net\/wp-content\/uploads\/2024\/12\/logo-physidia.webp","width":281,"height":283,"caption":"Physidia"},"image":{"@id":"https:\/\/physidia-sandbox-gnfngfcwfuenfwbd.francecentral-01.azurewebsites.net\/#\/schema\/logo\/image\/"},"sameAs":["https:\/\/www.facebook.com\/Physidia","https:\/\/www.linkedin.com\/company\/physidia\/"],"description":"Entreprise fran\u00e7aise pionni\u00e8re de la dialyse fr\u00e9quente et flexible \u00e0 domicile, Physidia con\u00e7oit et fabrique en France des solutions innovantes pour offrir aux patients dialys\u00e9s plus de libert\u00e9, de s\u00e9r\u00e9nit\u00e9 et une meilleure qualit\u00e9 de vie.","email":"contact@physidia.fr","legalName":"Physidia S.A.S.","foundingDate":"2010-11-01","taxID":"528 454 028 00028","numberOfEmployees":{"@type":"QuantitativeValue","minValue":"51","maxValue":"200"},"publishingPrinciples":"https:\/\/physidia-sandbox-gnfngfcwfuenfwbd.francecentral-01.azurewebsites.net\/mentions-legales\/","actionableFeedbackPolicy":"https:\/\/physidia-sandbox-gnfngfcwfuenfwbd.francecentral-01.azurewebsites.net\/politique-de-confidentialite\/"}]}},"_links":{"self":[{"href":"https:\/\/physidia-sandbox-gnfngfcwfuenfwbd.francecentral-01.azurewebsites.net\/de\/wp-json\/wp\/v2\/pages\/3550","targetHints":{"allow":["GET"]}}],"collection":[{"href":"https:\/\/physidia-sandbox-gnfngfcwfuenfwbd.francecentral-01.azurewebsites.net\/de\/wp-json\/wp\/v2\/pages"}],"about":[{"href":"https:\/\/physidia-sandbox-gnfngfcwfuenfwbd.francecentral-01.azurewebsites.net\/de\/wp-json\/wp\/v2\/types\/page"}],"author":[{"embeddable":true,"href":"https:\/\/physidia-sandbox-gnfngfcwfuenfwbd.francecentral-01.azurewebsites.net\/de\/wp-json\/wp\/v2\/users\/1"}],"replies":[{"embeddable":true,"href":"https:\/\/physidia-sandbox-gnfngfcwfuenfwbd.francecentral-01.azurewebsites.net\/de\/wp-json\/wp\/v2\/comments?post=3550"}],"version-history":[{"count":25,"href":"https:\/\/physidia-sandbox-gnfngfcwfuenfwbd.francecentral-01.azurewebsites.net\/de\/wp-json\/wp\/v2\/pages\/3550\/revisions"}],"predecessor-version":[{"id":6538,"href":"https:\/\/physidia-sandbox-gnfngfcwfuenfwbd.francecentral-01.azurewebsites.net\/de\/wp-json\/wp\/v2\/pages\/3550\/revisions\/6538"}],"up":[{"embeddable":true,"href":"https:\/\/physidia-sandbox-gnfngfcwfuenfwbd.francecentral-01.azurewebsites.net\/de\/wp-json\/wp\/v2\/pages\/3521"}],"wp:attachment":[{"href":"https:\/\/physidia-sandbox-gnfngfcwfuenfwbd.francecentral-01.azurewebsites.net\/de\/wp-json\/wp\/v2\/media?parent=3550"}],"curies":[{"name":"wp","href":"https:\/\/api.w.org\/{rel}","templated":true}]}}