{"id":5690,"date":"2025-03-28T11:16:04","date_gmt":"2025-03-28T10:16:04","guid":{"rendered":"https:\/\/physidia-sandbox-gnfngfcwfuenfwbd.francecentral-01.azurewebsites.net\/?page_id=5690"},"modified":"2025-04-16T10:57:07","modified_gmt":"2025-04-16T08:57:07","slug":"acces-espace-professionnel","status":"publish","type":"page","link":"https:\/\/physidia-sandbox-gnfngfcwfuenfwbd.francecentral-01.azurewebsites.net\/de\/acces-espace-professionnel\/","title":{"rendered":"Zugang zum professionellen Bereich"},"content":{"rendered":"<div data-elementor-type=\"wp-page\" data-elementor-id=\"5690\" class=\"elementor elementor-5690\" data-elementor-post-type=\"page\">\n\t\t\t\t<div class=\"elementor-element elementor-element-c51b7d8 e-flex e-con-boxed e-con e-parent\" data-id=\"c51b7d8\" data-element_type=\"container\" data-e-type=\"container\">\n\t\t\t\t\t<div class=\"e-con-inner\">\n\t\t\t\t<div class=\"elementor-element elementor-element-3b16952 elementor-widget elementor-widget-text-editor\" data-id=\"3b16952\" data-element_type=\"widget\" data-e-type=\"widget\" data-widget_type=\"text-editor.default\">\n\t\t\t\t<div class=\"elementor-widget-container\">\n\t\t\t\t\t\t\t\t\t<p style=\"text-align: center;\">\u00a0<\/p><h3 style=\"text-align: center;\">Acc\u00e8s r\u00e9serv\u00e9 aux professionnels de sant\u00e9<\/h3><p style=\"text-align: center;\">Cette section est exclusivement d\u00e9di\u00e9e aux <strong>Medizinische Fachkr\u00e4fte<\/strong>. Pour acc\u00e9der aux contenus sp\u00e9cialis\u00e9s, une <strong>connexion est requise. Si vous n&rsquo;avez pas encore d&rsquo;acc\u00e8s, vous pouvez vous inscrire. <\/strong><br \/>Vous y trouverez des informations d\u00e9taill\u00e9es sur:<\/p><ul style=\"text-align: center;\"><li style=\"text-align: left;\"><strong>l\u2019H\u00e9modialyse Fr\u00e9quente \u00e0 Domicile<\/strong><\/li><li style=\"text-align: left;\"><strong>nos solutions et services <\/strong><\/li><li style=\"text-align: left;\"><strong>les \u00e9tudes cliniques<\/strong><\/li><li style=\"text-align: left;\"><strong>programmes de formation et d\u2019accompagnement.<\/strong><\/li><\/ul><p style=\"text-align: center;\">Veuillez vous connecter pour consulter les informations.<\/p>\t\t\t\t\t\t\t\t<\/div>\n\t\t\t\t<\/div>\n\t\t<div class=\"elementor-element elementor-element-8c7d04a e-con-full e-flex e-con e-child\" data-id=\"8c7d04a\" data-element_type=\"container\" data-e-type=\"container\">\n\t\t\t\t<div class=\"elementor-element elementor-element-6fa5b1e elementor-widget elementor-widget-button\" data-id=\"6fa5b1e\" data-element_type=\"widget\" data-e-type=\"widget\" data-widget_type=\"button.default\">\n\t\t\t\t<div class=\"elementor-widget-container\">\n\t\t\t\t\t\t\t\t\t<div class=\"elementor-button-wrapper\">\n\t\t\t\t\t<a class=\"elementor-button elementor-button-link elementor-size-sm\" href=\"#elementor-action%3Aaction%3Dpopup%3Aopen%26settings%3DeyJpZCI6IjYyOSIsInRvZ2dsZSI6ZmFsc2V9\">\n\t\t\t\t\t\t<span class=\"elementor-button-content-wrapper\">\n\t\t\t\t\t\t\t\t\t<span class=\"elementor-button-text\">Se connecter<\/span>\n\t\t\t\t\t<\/span>\n\t\t\t\t\t<\/a>\n\t\t\t\t<\/div>\n\t\t\t\t\t\t\t\t<\/div>\n\t\t\t\t<\/div>\n\t\t\t\t<div class=\"elementor-element elementor-element-fe88aea elementor-widget elementor-widget-button\" data-id=\"fe88aea\" data-element_type=\"widget\" data-e-type=\"widget\" data-widget_type=\"button.default\">\n\t\t\t\t<div class=\"elementor-widget-container\">\n\t\t\t\t\t\t\t\t\t<div class=\"elementor-button-wrapper\">\n\t\t\t\t\t<a class=\"elementor-button elementor-button-link elementor-size-sm\" href=\"https:\/\/physidia-sandbox-gnfngfcwfuenfwbd.francecentral-01.azurewebsites.net\/de\/inscription\/\">\n\t\t\t\t\t\t<span class=\"elementor-button-content-wrapper\">\n\t\t\t\t\t\t\t\t\t<span class=\"elementor-button-text\">Anmelden<\/span>\n\t\t\t\t\t<\/span>\n\t\t\t\t\t<\/a>\n\t\t\t\t<\/div>\n\t\t\t\t\t\t\t\t<\/div>\n\t\t\t\t<\/div>\n\t\t\t\t<\/div>\n\t\t\t\t\t<\/div>\n\t\t\t\t<\/div>\n\t\t\t\t<\/div>","protected":false},"excerpt":{"rendered":"<p>\u00a0 Acc\u00e8s r\u00e9serv\u00e9 aux professionnels de sant\u00e9 Cette section est exclusivement d\u00e9di\u00e9e aux professionnels de sant\u00e9. Pour acc\u00e9der aux contenus sp\u00e9cialis\u00e9s, une connexion est requise. Si vous n&rsquo;avez pas encore d&rsquo;acc\u00e8s, vous pouvez vous inscrire. Vous y trouverez des informations d\u00e9taill\u00e9es sur: l\u2019H\u00e9modialyse Fr\u00e9quente \u00e0 Domicile nos solutions et services les \u00e9tudes cliniques programmes de formation et d\u2019accompagnement. Veuillez vous connecter pour consulter les informations. Se connecter S&rsquo;inscrire<\/p>","protected":false},"author":1,"featured_media":0,"parent":0,"menu_order":0,"comment_status":"closed","ping_status":"closed","template":"","meta":{"_acf_changed":false,"footnotes":""},"class_list":["post-5690","page","type-page","status-publish","hentry"],"acf":[],"yoast_head":"<!-- This site is optimized with the Yoast SEO Premium plugin v26.7 (Yoast SEO v27.3) - https:\/\/yoast.com\/product\/yoast-seo-premium-wordpress\/ -->\n<title>Physidia - Acc\u00e8s \u00e0 l&#039;espace Professionnel<\/title>\n<meta name=\"description\" content=\"Acc\u00e9dez \u00e0 l&#039;espace professionnel de Physidia, d\u00e9di\u00e9 aux professionnels de sant\u00e9 impliqu\u00e9s dans l&#039;h\u00e9modialyse \u00e0 domicile. Retrouvez des ressources cliniques, des outils de formation et des informations sur nos solutions innovantes.\" \/>\n<meta name=\"robots\" content=\"index, follow, max-snippet:-1, max-image-preview:large, max-video-preview:-1\" \/>\n<link rel=\"canonical\" href=\"https:\/\/physidia-sandbox-gnfngfcwfuenfwbd.francecentral-01.azurewebsites.net\/de\/acces-espace-professionnel\/\" \/>\n<meta property=\"og:locale\" content=\"de_DE\" \/>\n<meta property=\"og:type\" content=\"article\" \/>\n<meta property=\"og:title\" content=\"Acc\u00e8s espace professionnel\" \/>\n<meta property=\"og:description\" content=\"Acc\u00e9dez \u00e0 l&#039;espace professionnel de Physidia, d\u00e9di\u00e9 aux professionnels de sant\u00e9 impliqu\u00e9s dans l&#039;h\u00e9modialyse \u00e0 domicile. Retrouvez des ressources cliniques, des outils de formation et des informations sur nos solutions innovantes.\" \/>\n<meta property=\"og:url\" content=\"https:\/\/physidia-sandbox-gnfngfcwfuenfwbd.francecentral-01.azurewebsites.net\/de\/acces-espace-professionnel\/\" \/>\n<meta property=\"og:site_name\" content=\"SANDBOX-TEST-DB\" \/>\n<meta property=\"article:publisher\" content=\"https:\/\/www.facebook.com\/Physidia\" \/>\n<meta property=\"article:modified_time\" content=\"2025-04-16T08:57:07+00:00\" \/>\n<meta property=\"og:image\" content=\"https:\/\/physidia-sandbox-gnfngfcwfuenfwbd.francecentral-01.azurewebsites.net\/wp-content\/uploads\/2024\/12\/logo-physidia.webp\" \/>\n\t<meta property=\"og:image:width\" content=\"281\" \/>\n\t<meta property=\"og:image:height\" content=\"283\" \/>\n\t<meta property=\"og:image:type\" content=\"image\/webp\" \/>\n<meta name=\"twitter:card\" content=\"summary_large_image\" \/>\n<meta name=\"twitter:label1\" content=\"Gesch\u00e4tzte Lesezeit\" \/>\n\t<meta name=\"twitter:data1\" content=\"1\u00a0Minute\" \/>\n<script type=\"application\/ld+json\" class=\"yoast-schema-graph\">{\"@context\":\"https:\\\/\\\/schema.org\",\"@graph\":[{\"@type\":\"WebPage\",\"@id\":\"https:\\\/\\\/physidia-sandbox-gnfngfcwfuenfwbd.francecentral-01.azurewebsites.net\\\/acces-espace-professionnel\\\/\",\"url\":\"https:\\\/\\\/physidia-sandbox-gnfngfcwfuenfwbd.francecentral-01.azurewebsites.net\\\/acces-espace-professionnel\\\/\",\"name\":\"Physidia - Acc\u00e8s \u00e0 l'espace Professionnel\",\"isPartOf\":{\"@id\":\"https:\\\/\\\/physidia-sandbox-gnfngfcwfuenfwbd.francecentral-01.azurewebsites.net\\\/#website\"},\"datePublished\":\"2025-03-28T10:16:04+00:00\",\"dateModified\":\"2025-04-16T08:57:07+00:00\",\"description\":\"Acc\u00e9dez \u00e0 l'espace professionnel de Physidia, d\u00e9di\u00e9 aux professionnels de sant\u00e9 impliqu\u00e9s dans l'h\u00e9modialyse \u00e0 domicile. Retrouvez des ressources cliniques, des outils de formation et des informations sur nos solutions innovantes.\",\"breadcrumb\":{\"@id\":\"https:\\\/\\\/physidia-sandbox-gnfngfcwfuenfwbd.francecentral-01.azurewebsites.net\\\/acces-espace-professionnel\\\/#breadcrumb\"},\"inLanguage\":\"de\",\"potentialAction\":[{\"@type\":\"ReadAction\",\"target\":[\"https:\\\/\\\/physidia-sandbox-gnfngfcwfuenfwbd.francecentral-01.azurewebsites.net\\\/acces-espace-professionnel\\\/\"]}]},{\"@type\":\"BreadcrumbList\",\"@id\":\"https:\\\/\\\/physidia-sandbox-gnfngfcwfuenfwbd.francecentral-01.azurewebsites.net\\\/acces-espace-professionnel\\\/#breadcrumb\",\"itemListElement\":[{\"@type\":\"ListItem\",\"position\":1,\"name\":\"Accueil\",\"item\":\"https:\\\/\\\/physidia-sandbox-gnfngfcwfuenfwbd.francecentral-01.azurewebsites.net\\\/\"},{\"@type\":\"ListItem\",\"position\":2,\"name\":\"Acc\u00e8s espace professionnel\"}]},{\"@type\":\"WebSite\",\"@id\":\"https:\\\/\\\/physidia-sandbox-gnfngfcwfuenfwbd.francecentral-01.azurewebsites.net\\\/#website\",\"url\":\"https:\\\/\\\/physidia-sandbox-gnfngfcwfuenfwbd.francecentral-01.azurewebsites.net\\\/\",\"name\":\"Physidia | H\u00e9modialyse \u00e0 Domicile\",\"description\":\"\",\"publisher\":{\"@id\":\"https:\\\/\\\/physidia-sandbox-gnfngfcwfuenfwbd.francecentral-01.azurewebsites.net\\\/#organization\"},\"alternateName\":\"Physidia | HDDQ\",\"potentialAction\":[{\"@type\":\"SearchAction\",\"target\":{\"@type\":\"EntryPoint\",\"urlTemplate\":\"https:\\\/\\\/physidia-sandbox-gnfngfcwfuenfwbd.francecentral-01.azurewebsites.net\\\/?s={search_term_string}\"},\"query-input\":{\"@type\":\"PropertyValueSpecification\",\"valueRequired\":true,\"valueName\":\"search_term_string\"}}],\"inLanguage\":\"de\"},{\"@type\":\"Organization\",\"@id\":\"https:\\\/\\\/physidia-sandbox-gnfngfcwfuenfwbd.francecentral-01.azurewebsites.net\\\/#organization\",\"name\":\"Physidia\",\"url\":\"https:\\\/\\\/physidia-sandbox-gnfngfcwfuenfwbd.francecentral-01.azurewebsites.net\\\/\",\"logo\":{\"@type\":\"ImageObject\",\"inLanguage\":\"de\",\"@id\":\"https:\\\/\\\/physidia-sandbox-gnfngfcwfuenfwbd.francecentral-01.azurewebsites.net\\\/#\\\/schema\\\/logo\\\/image\\\/\",\"url\":\"https:\\\/\\\/physidia-sandbox-gnfngfcwfuenfwbd.francecentral-01.azurewebsites.net\\\/wp-content\\\/uploads\\\/2024\\\/12\\\/logo-physidia.webp\",\"contentUrl\":\"https:\\\/\\\/physidia-sandbox-gnfngfcwfuenfwbd.francecentral-01.azurewebsites.net\\\/wp-content\\\/uploads\\\/2024\\\/12\\\/logo-physidia.webp\",\"width\":281,\"height\":283,\"caption\":\"Physidia\"},\"image\":{\"@id\":\"https:\\\/\\\/physidia-sandbox-gnfngfcwfuenfwbd.francecentral-01.azurewebsites.net\\\/#\\\/schema\\\/logo\\\/image\\\/\"},\"sameAs\":[\"https:\\\/\\\/www.facebook.com\\\/Physidia\",\"https:\\\/\\\/www.linkedin.com\\\/company\\\/physidia\\\/\"],\"description\":\"Entreprise fran\u00e7aise pionni\u00e8re de la dialyse fr\u00e9quente et flexible \u00e0 domicile, Physidia con\u00e7oit et fabrique en France des solutions innovantes pour offrir aux patients dialys\u00e9s plus de libert\u00e9, de s\u00e9r\u00e9nit\u00e9 et une meilleure qualit\u00e9 de vie.\",\"email\":\"contact@physidia.fr\",\"legalName\":\"Physidia S.A.S.\",\"foundingDate\":\"2010-11-01\",\"taxID\":\"528 454 028 00028\",\"numberOfEmployees\":{\"@type\":\"QuantitativeValue\",\"minValue\":\"51\",\"maxValue\":\"200\"},\"publishingPrinciples\":\"https:\\\/\\\/physidia-sandbox-gnfngfcwfuenfwbd.francecentral-01.azurewebsites.net\\\/mentions-legales\\\/\",\"actionableFeedbackPolicy\":\"https:\\\/\\\/physidia-sandbox-gnfngfcwfuenfwbd.francecentral-01.azurewebsites.net\\\/politique-de-confidentialite\\\/\"}]}<\/script>\n<!-- \/ Yoast SEO Premium plugin. -->","yoast_head_json":{"title":"Physidia - Acc\u00e8s \u00e0 l'espace Professionnel","description":"Acc\u00e9dez \u00e0 l'espace professionnel de Physidia, d\u00e9di\u00e9 aux professionnels de sant\u00e9 impliqu\u00e9s dans l'h\u00e9modialyse \u00e0 domicile. Retrouvez des ressources cliniques, des outils de formation et des informations sur nos solutions innovantes.","robots":{"index":"index","follow":"follow","max-snippet":"max-snippet:-1","max-image-preview":"max-image-preview:large","max-video-preview":"max-video-preview:-1"},"canonical":"https:\/\/physidia-sandbox-gnfngfcwfuenfwbd.francecentral-01.azurewebsites.net\/de\/acces-espace-professionnel\/","og_locale":"de_DE","og_type":"article","og_title":"Acc\u00e8s espace professionnel","og_description":"Acc\u00e9dez \u00e0 l'espace professionnel de Physidia, d\u00e9di\u00e9 aux professionnels de sant\u00e9 impliqu\u00e9s dans l'h\u00e9modialyse \u00e0 domicile. Retrouvez des ressources cliniques, des outils de formation et des informations sur nos solutions innovantes.","og_url":"https:\/\/physidia-sandbox-gnfngfcwfuenfwbd.francecentral-01.azurewebsites.net\/de\/acces-espace-professionnel\/","og_site_name":"SANDBOX-TEST-DB","article_publisher":"https:\/\/www.facebook.com\/Physidia","article_modified_time":"2025-04-16T08:57:07+00:00","og_image":[{"width":281,"height":283,"url":"https:\/\/physidia-sandbox-gnfngfcwfuenfwbd.francecentral-01.azurewebsites.net\/wp-content\/uploads\/2024\/12\/logo-physidia.webp","type":"image\/webp"}],"twitter_card":"summary_large_image","twitter_misc":{"Gesch\u00e4tzte Lesezeit":"1\u00a0Minute"},"schema":{"@context":"https:\/\/schema.org","@graph":[{"@type":"WebPage","@id":"https:\/\/physidia-sandbox-gnfngfcwfuenfwbd.francecentral-01.azurewebsites.net\/acces-espace-professionnel\/","url":"https:\/\/physidia-sandbox-gnfngfcwfuenfwbd.francecentral-01.azurewebsites.net\/acces-espace-professionnel\/","name":"Physidia - Acc\u00e8s \u00e0 l'espace Professionnel","isPartOf":{"@id":"https:\/\/physidia-sandbox-gnfngfcwfuenfwbd.francecentral-01.azurewebsites.net\/#website"},"datePublished":"2025-03-28T10:16:04+00:00","dateModified":"2025-04-16T08:57:07+00:00","description":"Acc\u00e9dez \u00e0 l'espace professionnel de Physidia, d\u00e9di\u00e9 aux professionnels de sant\u00e9 impliqu\u00e9s dans l'h\u00e9modialyse \u00e0 domicile. Retrouvez des ressources cliniques, des outils de formation et des informations sur nos solutions innovantes.","breadcrumb":{"@id":"https:\/\/physidia-sandbox-gnfngfcwfuenfwbd.francecentral-01.azurewebsites.net\/acces-espace-professionnel\/#breadcrumb"},"inLanguage":"de","potentialAction":[{"@type":"ReadAction","target":["https:\/\/physidia-sandbox-gnfngfcwfuenfwbd.francecentral-01.azurewebsites.net\/acces-espace-professionnel\/"]}]},{"@type":"BreadcrumbList","@id":"https:\/\/physidia-sandbox-gnfngfcwfuenfwbd.francecentral-01.azurewebsites.net\/acces-espace-professionnel\/#breadcrumb","itemListElement":[{"@type":"ListItem","position":1,"name":"Accueil","item":"https:\/\/physidia-sandbox-gnfngfcwfuenfwbd.francecentral-01.azurewebsites.net\/"},{"@type":"ListItem","position":2,"name":"Acc\u00e8s espace professionnel"}]},{"@type":"WebSite","@id":"https:\/\/physidia-sandbox-gnfngfcwfuenfwbd.francecentral-01.azurewebsites.net\/#website","url":"https:\/\/physidia-sandbox-gnfngfcwfuenfwbd.francecentral-01.azurewebsites.net\/","name":"Physidia | H\u00e9modialyse \u00e0 Domicile","description":"","publisher":{"@id":"https:\/\/physidia-sandbox-gnfngfcwfuenfwbd.francecentral-01.azurewebsites.net\/#organization"},"alternateName":"Physidia | HDDQ","potentialAction":[{"@type":"SearchAction","target":{"@type":"EntryPoint","urlTemplate":"https:\/\/physidia-sandbox-gnfngfcwfuenfwbd.francecentral-01.azurewebsites.net\/?s={search_term_string}"},"query-input":{"@type":"PropertyValueSpecification","valueRequired":true,"valueName":"search_term_string"}}],"inLanguage":"de"},{"@type":"Organization","@id":"https:\/\/physidia-sandbox-gnfngfcwfuenfwbd.francecentral-01.azurewebsites.net\/#organization","name":"Physidia","url":"https:\/\/physidia-sandbox-gnfngfcwfuenfwbd.francecentral-01.azurewebsites.net\/","logo":{"@type":"ImageObject","inLanguage":"de","@id":"https:\/\/physidia-sandbox-gnfngfcwfuenfwbd.francecentral-01.azurewebsites.net\/#\/schema\/logo\/image\/","url":"https:\/\/physidia-sandbox-gnfngfcwfuenfwbd.francecentral-01.azurewebsites.net\/wp-content\/uploads\/2024\/12\/logo-physidia.webp","contentUrl":"https:\/\/physidia-sandbox-gnfngfcwfuenfwbd.francecentral-01.azurewebsites.net\/wp-content\/uploads\/2024\/12\/logo-physidia.webp","width":281,"height":283,"caption":"Physidia"},"image":{"@id":"https:\/\/physidia-sandbox-gnfngfcwfuenfwbd.francecentral-01.azurewebsites.net\/#\/schema\/logo\/image\/"},"sameAs":["https:\/\/www.facebook.com\/Physidia","https:\/\/www.linkedin.com\/company\/physidia\/"],"description":"Entreprise fran\u00e7aise pionni\u00e8re de la dialyse fr\u00e9quente et flexible \u00e0 domicile, Physidia con\u00e7oit et fabrique en France des solutions innovantes pour offrir aux patients dialys\u00e9s plus de libert\u00e9, de s\u00e9r\u00e9nit\u00e9 et une meilleure qualit\u00e9 de vie.","email":"contact@physidia.fr","legalName":"Physidia S.A.S.","foundingDate":"2010-11-01","taxID":"528 454 028 00028","numberOfEmployees":{"@type":"QuantitativeValue","minValue":"51","maxValue":"200"},"publishingPrinciples":"https:\/\/physidia-sandbox-gnfngfcwfuenfwbd.francecentral-01.azurewebsites.net\/mentions-legales\/","actionableFeedbackPolicy":"https:\/\/physidia-sandbox-gnfngfcwfuenfwbd.francecentral-01.azurewebsites.net\/politique-de-confidentialite\/"}]}},"_links":{"self":[{"href":"https:\/\/physidia-sandbox-gnfngfcwfuenfwbd.francecentral-01.azurewebsites.net\/de\/wp-json\/wp\/v2\/pages\/5690","targetHints":{"allow":["GET"]}}],"collection":[{"href":"https:\/\/physidia-sandbox-gnfngfcwfuenfwbd.francecentral-01.azurewebsites.net\/de\/wp-json\/wp\/v2\/pages"}],"about":[{"href":"https:\/\/physidia-sandbox-gnfngfcwfuenfwbd.francecentral-01.azurewebsites.net\/de\/wp-json\/wp\/v2\/types\/page"}],"author":[{"embeddable":true,"href":"https:\/\/physidia-sandbox-gnfngfcwfuenfwbd.francecentral-01.azurewebsites.net\/de\/wp-json\/wp\/v2\/users\/1"}],"replies":[{"embeddable":true,"href":"https:\/\/physidia-sandbox-gnfngfcwfuenfwbd.francecentral-01.azurewebsites.net\/de\/wp-json\/wp\/v2\/comments?post=5690"}],"version-history":[{"count":7,"href":"https:\/\/physidia-sandbox-gnfngfcwfuenfwbd.francecentral-01.azurewebsites.net\/de\/wp-json\/wp\/v2\/pages\/5690\/revisions"}],"predecessor-version":[{"id":6027,"href":"https:\/\/physidia-sandbox-gnfngfcwfuenfwbd.francecentral-01.azurewebsites.net\/de\/wp-json\/wp\/v2\/pages\/5690\/revisions\/6027"}],"wp:attachment":[{"href":"https:\/\/physidia-sandbox-gnfngfcwfuenfwbd.francecentral-01.azurewebsites.net\/de\/wp-json\/wp\/v2\/media?parent=5690"}],"curies":[{"name":"wp","href":"https:\/\/api.w.org\/{rel}","templated":true}]}}