{"id":94,"date":"2024-12-18T16:45:24","date_gmt":"2024-12-18T15:45:24","guid":{"rendered":"https:\/\/physidia-sandbox-gnfngfcwfuenfwbd.francecentral-01.azurewebsites.net\/?page_id=94"},"modified":"2025-07-14T15:30:21","modified_gmt":"2025-07-14T13:30:21","slug":"politique-sur-les-cookies","status":"publish","type":"page","link":"https:\/\/physidia-sandbox-gnfngfcwfuenfwbd.francecentral-01.azurewebsites.net\/de\/cookie-richtlinie-von-physidia\/","title":{"rendered":"Cookie-Richtlinie"},"content":{"rendered":"<div data-elementor-type=\"wp-page\" data-elementor-id=\"94\" class=\"elementor elementor-94\" data-elementor-post-type=\"page\">\n\t\t\t\t<div class=\"elementor-element elementor-element-e70683e e-flex e-con-boxed e-con e-parent\" data-id=\"e70683e\" data-element_type=\"container\" data-e-type=\"container\" data-settings=\"{&quot;background_background&quot;:&quot;classic&quot;}\">\n\t\t\t\t\t<div class=\"e-con-inner\">\n\t\t\t\t<div class=\"elementor-element elementor-element-10e926f elementor-widget elementor-widget-shortcode\" data-id=\"10e926f\" data-element_type=\"widget\" data-e-type=\"widget\" data-widget_type=\"shortcode.default\">\n\t\t\t\t<div class=\"elementor-widget-container\">\n\t\t\t\t\t\t\t<div class=\"elementor-shortcode\"><span><span><a href=\"https:\/\/physidia-sandbox-gnfngfcwfuenfwbd.francecentral-01.azurewebsites.net\/de\/\"><img decoding=\"async\" alt=\"Startseite\" src=\"https:\/\/physidia-sandbox-gnfngfcwfuenfwbd.francecentral-01.azurewebsites.net\/wp-content\/themes\/hello-theme-child-master\/img\/home.svg\" class=\"home-breadcrumb\" \/> Startseite<\/a><\/span><\/span><\/div>\n\t\t\t\t\t\t<\/div>\n\t\t\t\t<\/div>\n\t\t\t\t\t<\/div>\n\t\t\t\t<\/div>\n\t\t<div class=\"elementor-element elementor-element-bc4398a e-flex e-con-boxed e-con e-parent\" data-id=\"bc4398a\" data-element_type=\"container\" data-e-type=\"container\" data-settings=\"{&quot;background_background&quot;:&quot;classic&quot;}\">\n\t\t\t\t\t<div class=\"e-con-inner\">\n\t\t\t\t<div class=\"elementor-element elementor-element-3b7852f elementor-widget elementor-widget-text-editor\" data-id=\"3b7852f\" data-element_type=\"widget\" data-e-type=\"widget\" data-widget_type=\"text-editor.default\">\n\t\t\t\t<div class=\"elementor-widget-container\">\n\t\t\t\t\t\t\t\t\t<h1 style=\"text-align: center;\" class=\"translation-block\"><span style=\"color: #004c7c\"><strong>Cookie-Richtlinie von Physidia<\/strong><\/span><\/h1><p>Letzte Aktualisierung: M\u00e4rz 2025<\/p><h3>Einleitung<\/h3><p>Wir bei Physidia nehmen den Schutz Ihrer Privatsph\u00e4re sehr ernst und verpflichten uns zur Einhaltung aller geltenden Datenschutzvorschriften. Diese Cookie-Richtlinie erkl\u00e4rt, wie und warum wir Cookies auf unserer Website nutzen.<\/p><h3>2. Was ist ein Cookie?<\/h3><p>Ein Cookie ist eine kleine Textdatei, die auf Ihrem Ger\u00e4t (Computer, Tablet, Smartphone) gespeichert wird, wenn Sie eine Website besuchen. Sie erm\u00f6glicht der Website, Ihr Ger\u00e4t wiederzuerkennen und Ihr Nutzererlebnis durch die Speicherung bestimmter Informationen, z. B. Ihrer Browsereinstellungen, zu verbessern.<\/p><h3>3. Warum verwenden wir Cookies?<\/h3><p>Wir verwenden Cookies aus verschiedenen Gr\u00fcnden:<\/p><ul><li class=\"translation-block\"><strong>F\u00fcr die Funktionst\u00fcchtigkeit der Website<\/strong>: Einige Cookies sind f\u00fcr die Sicherheit und Leistung der Website entscheidend.<\/li><li class=\"translation-block\"><strong>Zur Verbesserung des Nutzererlebnisses<\/strong>: Wir erleichtern Ihnen die Navigation durch das Speichern Ihrer Einstellungen und Auswahl.<\/li><li class=\"translation-block\"><strong>Zur Website-Traffic-Analyse<\/strong>: Wir nutzen Analyse-Cookies, damit wir wissen, wie unsere Website genutzt wird, um entsprechende Verbesserungen vorzunehmen.<\/li><li class=\"translation-block\"><strong>Zur Bereitstellung von personalisiertem Inhalt und Werbung<\/strong>: Je nach Ihrer Einwilligung k\u00f6nnen wir Cookies verwenden, um Inhalte und Werbung anzuzeigen, die auf Ihre Interessen abgestimmt sind.<\/li><\/ul><h3>4. Welche Arten von Cookies verwenden wir?<\/h3><ul><li><strong>Nur unbedingt notwendige Cookies<\/strong> : Diese k\u00f6nnen nicht deaktiviert werden, da sie f\u00fcr das Funktionieren der Website unerl\u00e4sslich sind.<\/li><li><strong>Leistungs- und Analyse-Cookies:<\/strong> : Sie erm\u00f6glichen die Reichweitenmessung und Verbesserung der Website.<\/li><li><strong>Funktionelle Cookies<\/strong> : Sie speichern Ihre Einstellungen f\u00fcr eine reibungslosere Navigation.<\/li><li><strong>Targeting- und Werbe-Cookies<\/strong> : Diese werden eingesetzt, um Ihnen Ihren Interessen entsprechende Inhalte anzuzeigen.<\/li><\/ul><h3>5. Wie lange werden Cookies gespeichert?<\/h3><p>Ab Ihrem ersten Besuch der Website und Einholung Ihrer Zustimmung werden Cookies f\u00fcr folgende Zeitr\u00e4ume gespeichert:<\/p><ul><li class=\"translation-block\">Unbedingt notwendige Cookies: 13 Monate<\/li><li class=\"translation-block\"><strong>Leistungs- und Analyse-Cookies<\/strong>: 13 Monate<\/li><li class=\"translation-block\"><strong>Funktionelle Cookies<\/strong>: 13 Monate<\/li><li class=\"translation-block\"><strong>Targeting- und Werbe-Cookies<\/strong>: Diese werden eingesetzt, um Ihnen Ihren Interessen entsprechende Inhalte anzuzeigen.<\/li><\/ul><h3>6. Verwaltung von Cookies<\/h3><p>Wenn Sie die Website das erste Mal besuchen, werden Sie durch ein Banner \u00fcber die Verwendung von Cookies informiert. Sie k\u00f6nnen bestimmte Cookie-Arten annehmen oder ablehnen, ausgenommen jene, die f\u00fcr das Funktionieren der Website unbedingt notwendig sind. Sie k\u00f6nnen Ihre Einstellungen jederzeit in Ihren Browsereinstellungen oder \u00fcber unser Cookie-Verwaltungstool \u00e4ndern, das unter dpo@physidia.fr abrufbar ist.<\/p><h3>7. Ihre Rechte<\/h3><p class=\"translation-block\">Gem\u00e4\u00df den geltenden Vorschriften haben Sie Rechte bez\u00fcglich Ihrer personenbezogenen Daten. Dazu geh\u00f6ren das Recht auf Auskunft, Berichtigung, L\u00f6schung und Widerspruch der Verarbeitung von Daten, die durch Cookies gesammelt wurden. Bei Fragen kontaktieren Sie uns bitte unter <strong>dpo@physidia.fr.<\/strong><\/p><h3>8. \u00c4nderungen dieser Richtlinie<\/h3><p>Wir behalten uns das Recht vor, diese Cookie-Richtlinie zu \u00e4ndern, um technologische Entwicklungen, gesetzliche \u00c4nderungen oder unsere internen Abl\u00e4ufe abzubilden. Alle Aktualisierungen werden zusammen mit dem jeweiligen Aktualisierungsdatum auf dieser Seite ver\u00f6ffentlicht.<\/p><h3>9. Kontakt<\/h3><p class=\"translation-block\">Sollten Sie Fragen zu unserer Cookie-Richtlinie haben, kontaktieren Sie uns bitte unter:\nPhysidia \u2013 11\u201313 Boulevard des Bretonni\u00e8res, 49124 Saint-Barth\u00e9lemy-d\u2019Anjou, Frankreich<br>\nE-Mail: <a href=\"mailto:contact@physidia.fr\">contact @physidia.fr<\/a><\/p>\t\t\t\t\t\t\t\t<\/div>\n\t\t\t\t<\/div>\n\t\t\t\t\t<\/div>\n\t\t\t\t<\/div>\n\t\t\t\t<\/div>","protected":false},"excerpt":{"rendered":"<p>Politique relative auxcookies de Physidia Derni\u00e8re mise \u00e0 jour : mars 2025 1. Introduction Chez Physidia, nous accordons une grande importance \u00e0 la protection de votre vie priv\u00e9e et nous nous engageons \u00e0 respecter la r\u00e9glementation en vigueur en mati\u00e8re de protection des donn\u00e9es personnelles. Cette politique relative aux cookies explique comment et pourquoi nous utilisons des cookies sur notre site web. 2. Qu&rsquo;est-ce qu&rsquo;un cookie ? Un cookie est un petit fichier texte stock\u00e9 sur votre appareil (ordinateur, tablette, smartphone) lorsque vous visitez un site web. Il permet \u00e0 un site de reconna\u00eetre votre appareil et d\u2019am\u00e9liorer votre exp\u00e9rience utilisateur en enregistrant certaines informations, comme vos pr\u00e9f\u00e9rences de navigation. 3. Pourquoi utilisons-nous des cookies ? Nous utilisons des cookies pour plusieurs raisons : Assurer le bon fonctionnement du site : certains cookies sont essentiels pour garantir la s\u00e9curit\u00e9 et la performance du site web. Am\u00e9liorer l\u2019exp\u00e9rience utilisateur : en [&hellip;]<\/p>\n","protected":false},"author":1,"featured_media":0,"parent":0,"menu_order":0,"comment_status":"closed","ping_status":"closed","template":"","meta":{"_acf_changed":false,"footnotes":""},"class_list":["post-94","page","type-page","status-publish","hentry"],"acf":[],"yoast_head":"<!-- This site is optimized with the Yoast SEO Premium plugin v26.7 (Yoast SEO v27.3) - https:\/\/yoast.com\/product\/yoast-seo-premium-wordpress\/ -->\n<title>Politique sur les Cookies - Physidia - H\u00e9modialyse \u00e0 Domicile<\/title>\n<meta name=\"description\" content=\"Informations sur l\u2019utilisation des cookies sur le site Physidia et gestion de vos pr\u00e9f\u00e9rences de navigation.\" \/>\n<meta name=\"robots\" content=\"index, follow, max-snippet:-1, max-image-preview:large, max-video-preview:-1\" \/>\n<link rel=\"canonical\" href=\"https:\/\/physidia-sandbox-gnfngfcwfuenfwbd.francecentral-01.azurewebsites.net\/de\/politica-relativa-a-las-cookies-de-physidia\/\" \/>\n<meta property=\"og:locale\" content=\"de_DE\" \/>\n<meta property=\"og:type\" content=\"article\" \/>\n<meta property=\"og:title\" content=\"Politique sur les cookies\" \/>\n<meta property=\"og:description\" content=\"Informations sur l\u2019utilisation des cookies sur le site Physidia et gestion de vos pr\u00e9f\u00e9rences de navigation.\" \/>\n<meta property=\"og:url\" content=\"https:\/\/physidia-sandbox-gnfngfcwfuenfwbd.francecentral-01.azurewebsites.net\/de\/politica-relativa-a-las-cookies-de-physidia\/\" \/>\n<meta property=\"og:site_name\" content=\"SANDBOX-TEST-DB\" \/>\n<meta property=\"article:publisher\" content=\"https:\/\/www.facebook.com\/Physidia\" \/>\n<meta property=\"article:modified_time\" content=\"2025-07-14T13:30:21+00:00\" \/>\n<meta property=\"og:image\" content=\"https:\/\/physidia-sandbox-gnfngfcwfuenfwbd.francecentral-01.azurewebsites.net\/wp-content\/uploads\/2024\/12\/logo-physidia.webp\" \/>\n\t<meta property=\"og:image:width\" content=\"281\" \/>\n\t<meta property=\"og:image:height\" content=\"283\" \/>\n\t<meta property=\"og:image:type\" content=\"image\/webp\" \/>\n<meta name=\"twitter:card\" content=\"summary_large_image\" \/>\n<meta name=\"twitter:label1\" content=\"Gesch\u00e4tzte Lesezeit\" \/>\n\t<meta name=\"twitter:data1\" content=\"3\u00a0Minuten\" \/>\n<script type=\"application\/ld+json\" class=\"yoast-schema-graph\">{\"@context\":\"https:\\\/\\\/schema.org\",\"@graph\":[{\"@type\":\"WebPage\",\"@id\":\"https:\\\/\\\/physidia-sandbox-gnfngfcwfuenfwbd.francecentral-01.azurewebsites.net\\\/es\\\/politica-relativa-a-las-cookies-de-physidia\\\/\",\"url\":\"https:\\\/\\\/physidia-sandbox-gnfngfcwfuenfwbd.francecentral-01.azurewebsites.net\\\/es\\\/politica-relativa-a-las-cookies-de-physidia\\\/\",\"name\":\"Politique sur les Cookies - Physidia - H\u00e9modialyse \u00e0 Domicile\",\"isPartOf\":{\"@id\":\"https:\\\/\\\/physidia-sandbox-gnfngfcwfuenfwbd.francecentral-01.azurewebsites.net\\\/#website\"},\"datePublished\":\"2024-12-18T15:45:24+00:00\",\"dateModified\":\"2025-07-14T13:30:21+00:00\",\"description\":\"Informations sur l\u2019utilisation des cookies sur le site Physidia et gestion de vos pr\u00e9f\u00e9rences de navigation.\",\"breadcrumb\":{\"@id\":\"https:\\\/\\\/physidia-sandbox-gnfngfcwfuenfwbd.francecentral-01.azurewebsites.net\\\/es\\\/politica-relativa-a-las-cookies-de-physidia\\\/#breadcrumb\"},\"inLanguage\":\"de\",\"potentialAction\":[{\"@type\":\"ReadAction\",\"target\":[\"https:\\\/\\\/physidia-sandbox-gnfngfcwfuenfwbd.francecentral-01.azurewebsites.net\\\/es\\\/politica-relativa-a-las-cookies-de-physidia\\\/\"]}]},{\"@type\":\"BreadcrumbList\",\"@id\":\"https:\\\/\\\/physidia-sandbox-gnfngfcwfuenfwbd.francecentral-01.azurewebsites.net\\\/es\\\/politica-relativa-a-las-cookies-de-physidia\\\/#breadcrumb\",\"itemListElement\":[{\"@type\":\"ListItem\",\"position\":1,\"name\":\"Accueil\",\"item\":\"https:\\\/\\\/physidia-sandbox-gnfngfcwfuenfwbd.francecentral-01.azurewebsites.net\\\/\"},{\"@type\":\"ListItem\",\"position\":2,\"name\":\"Politique sur les cookies\"}]},{\"@type\":\"WebSite\",\"@id\":\"https:\\\/\\\/physidia-sandbox-gnfngfcwfuenfwbd.francecentral-01.azurewebsites.net\\\/#website\",\"url\":\"https:\\\/\\\/physidia-sandbox-gnfngfcwfuenfwbd.francecentral-01.azurewebsites.net\\\/\",\"name\":\"Physidia | H\u00e9modialyse \u00e0 Domicile\",\"description\":\"\",\"publisher\":{\"@id\":\"https:\\\/\\\/physidia-sandbox-gnfngfcwfuenfwbd.francecentral-01.azurewebsites.net\\\/#organization\"},\"alternateName\":\"Physidia | HDDQ\",\"potentialAction\":[{\"@type\":\"SearchAction\",\"target\":{\"@type\":\"EntryPoint\",\"urlTemplate\":\"https:\\\/\\\/physidia-sandbox-gnfngfcwfuenfwbd.francecentral-01.azurewebsites.net\\\/?s={search_term_string}\"},\"query-input\":{\"@type\":\"PropertyValueSpecification\",\"valueRequired\":true,\"valueName\":\"search_term_string\"}}],\"inLanguage\":\"de\"},{\"@type\":\"Organization\",\"@id\":\"https:\\\/\\\/physidia-sandbox-gnfngfcwfuenfwbd.francecentral-01.azurewebsites.net\\\/#organization\",\"name\":\"Physidia\",\"url\":\"https:\\\/\\\/physidia-sandbox-gnfngfcwfuenfwbd.francecentral-01.azurewebsites.net\\\/\",\"logo\":{\"@type\":\"ImageObject\",\"inLanguage\":\"de\",\"@id\":\"https:\\\/\\\/physidia-sandbox-gnfngfcwfuenfwbd.francecentral-01.azurewebsites.net\\\/#\\\/schema\\\/logo\\\/image\\\/\",\"url\":\"https:\\\/\\\/physidia-sandbox-gnfngfcwfuenfwbd.francecentral-01.azurewebsites.net\\\/wp-content\\\/uploads\\\/2024\\\/12\\\/logo-physidia.webp\",\"contentUrl\":\"https:\\\/\\\/physidia-sandbox-gnfngfcwfuenfwbd.francecentral-01.azurewebsites.net\\\/wp-content\\\/uploads\\\/2024\\\/12\\\/logo-physidia.webp\",\"width\":281,\"height\":283,\"caption\":\"Physidia\"},\"image\":{\"@id\":\"https:\\\/\\\/physidia-sandbox-gnfngfcwfuenfwbd.francecentral-01.azurewebsites.net\\\/#\\\/schema\\\/logo\\\/image\\\/\"},\"sameAs\":[\"https:\\\/\\\/www.facebook.com\\\/Physidia\",\"https:\\\/\\\/www.linkedin.com\\\/company\\\/physidia\\\/\"],\"description\":\"Entreprise fran\u00e7aise pionni\u00e8re de la dialyse fr\u00e9quente et flexible \u00e0 domicile, Physidia con\u00e7oit et fabrique en France des solutions innovantes pour offrir aux patients dialys\u00e9s plus de libert\u00e9, de s\u00e9r\u00e9nit\u00e9 et une meilleure qualit\u00e9 de vie.\",\"email\":\"contact@physidia.fr\",\"legalName\":\"Physidia S.A.S.\",\"foundingDate\":\"2010-11-01\",\"taxID\":\"528 454 028 00028\",\"numberOfEmployees\":{\"@type\":\"QuantitativeValue\",\"minValue\":\"51\",\"maxValue\":\"200\"},\"publishingPrinciples\":\"https:\\\/\\\/physidia-sandbox-gnfngfcwfuenfwbd.francecentral-01.azurewebsites.net\\\/mentions-legales\\\/\",\"actionableFeedbackPolicy\":\"https:\\\/\\\/physidia-sandbox-gnfngfcwfuenfwbd.francecentral-01.azurewebsites.net\\\/politique-de-confidentialite\\\/\"}]}<\/script>\n<!-- \/ Yoast SEO Premium plugin. -->","yoast_head_json":{"title":"Politique sur les Cookies - Physidia - H\u00e9modialyse \u00e0 Domicile","description":"Informations sur l\u2019utilisation des cookies sur le site Physidia et gestion de vos pr\u00e9f\u00e9rences de navigation.","robots":{"index":"index","follow":"follow","max-snippet":"max-snippet:-1","max-image-preview":"max-image-preview:large","max-video-preview":"max-video-preview:-1"},"canonical":"https:\/\/physidia-sandbox-gnfngfcwfuenfwbd.francecentral-01.azurewebsites.net\/de\/politica-relativa-a-las-cookies-de-physidia\/","og_locale":"de_DE","og_type":"article","og_title":"Politique sur les cookies","og_description":"Informations sur l\u2019utilisation des cookies sur le site Physidia et gestion de vos pr\u00e9f\u00e9rences de navigation.","og_url":"https:\/\/physidia-sandbox-gnfngfcwfuenfwbd.francecentral-01.azurewebsites.net\/de\/politica-relativa-a-las-cookies-de-physidia\/","og_site_name":"SANDBOX-TEST-DB","article_publisher":"https:\/\/www.facebook.com\/Physidia","article_modified_time":"2025-07-14T13:30:21+00:00","og_image":[{"width":281,"height":283,"url":"https:\/\/physidia-sandbox-gnfngfcwfuenfwbd.francecentral-01.azurewebsites.net\/wp-content\/uploads\/2024\/12\/logo-physidia.webp","type":"image\/webp"}],"twitter_card":"summary_large_image","twitter_misc":{"Gesch\u00e4tzte Lesezeit":"3\u00a0Minuten"},"schema":{"@context":"https:\/\/schema.org","@graph":[{"@type":"WebPage","@id":"https:\/\/physidia-sandbox-gnfngfcwfuenfwbd.francecentral-01.azurewebsites.net\/es\/politica-relativa-a-las-cookies-de-physidia\/","url":"https:\/\/physidia-sandbox-gnfngfcwfuenfwbd.francecentral-01.azurewebsites.net\/es\/politica-relativa-a-las-cookies-de-physidia\/","name":"Politique sur les Cookies - Physidia - H\u00e9modialyse \u00e0 Domicile","isPartOf":{"@id":"https:\/\/physidia-sandbox-gnfngfcwfuenfwbd.francecentral-01.azurewebsites.net\/#website"},"datePublished":"2024-12-18T15:45:24+00:00","dateModified":"2025-07-14T13:30:21+00:00","description":"Informations sur l\u2019utilisation des cookies sur le site Physidia et gestion de vos pr\u00e9f\u00e9rences de navigation.","breadcrumb":{"@id":"https:\/\/physidia-sandbox-gnfngfcwfuenfwbd.francecentral-01.azurewebsites.net\/es\/politica-relativa-a-las-cookies-de-physidia\/#breadcrumb"},"inLanguage":"de","potentialAction":[{"@type":"ReadAction","target":["https:\/\/physidia-sandbox-gnfngfcwfuenfwbd.francecentral-01.azurewebsites.net\/es\/politica-relativa-a-las-cookies-de-physidia\/"]}]},{"@type":"BreadcrumbList","@id":"https:\/\/physidia-sandbox-gnfngfcwfuenfwbd.francecentral-01.azurewebsites.net\/es\/politica-relativa-a-las-cookies-de-physidia\/#breadcrumb","itemListElement":[{"@type":"ListItem","position":1,"name":"Accueil","item":"https:\/\/physidia-sandbox-gnfngfcwfuenfwbd.francecentral-01.azurewebsites.net\/"},{"@type":"ListItem","position":2,"name":"Politique sur les cookies"}]},{"@type":"WebSite","@id":"https:\/\/physidia-sandbox-gnfngfcwfuenfwbd.francecentral-01.azurewebsites.net\/#website","url":"https:\/\/physidia-sandbox-gnfngfcwfuenfwbd.francecentral-01.azurewebsites.net\/","name":"Physidia | H\u00e9modialyse \u00e0 Domicile","description":"","publisher":{"@id":"https:\/\/physidia-sandbox-gnfngfcwfuenfwbd.francecentral-01.azurewebsites.net\/#organization"},"alternateName":"Physidia | HDDQ","potentialAction":[{"@type":"SearchAction","target":{"@type":"EntryPoint","urlTemplate":"https:\/\/physidia-sandbox-gnfngfcwfuenfwbd.francecentral-01.azurewebsites.net\/?s={search_term_string}"},"query-input":{"@type":"PropertyValueSpecification","valueRequired":true,"valueName":"search_term_string"}}],"inLanguage":"de"},{"@type":"Organization","@id":"https:\/\/physidia-sandbox-gnfngfcwfuenfwbd.francecentral-01.azurewebsites.net\/#organization","name":"Physidia","url":"https:\/\/physidia-sandbox-gnfngfcwfuenfwbd.francecentral-01.azurewebsites.net\/","logo":{"@type":"ImageObject","inLanguage":"de","@id":"https:\/\/physidia-sandbox-gnfngfcwfuenfwbd.francecentral-01.azurewebsites.net\/#\/schema\/logo\/image\/","url":"https:\/\/physidia-sandbox-gnfngfcwfuenfwbd.francecentral-01.azurewebsites.net\/wp-content\/uploads\/2024\/12\/logo-physidia.webp","contentUrl":"https:\/\/physidia-sandbox-gnfngfcwfuenfwbd.francecentral-01.azurewebsites.net\/wp-content\/uploads\/2024\/12\/logo-physidia.webp","width":281,"height":283,"caption":"Physidia"},"image":{"@id":"https:\/\/physidia-sandbox-gnfngfcwfuenfwbd.francecentral-01.azurewebsites.net\/#\/schema\/logo\/image\/"},"sameAs":["https:\/\/www.facebook.com\/Physidia","https:\/\/www.linkedin.com\/company\/physidia\/"],"description":"Entreprise fran\u00e7aise pionni\u00e8re de la dialyse fr\u00e9quente et flexible \u00e0 domicile, Physidia con\u00e7oit et fabrique en France des solutions innovantes pour offrir aux patients dialys\u00e9s plus de libert\u00e9, de s\u00e9r\u00e9nit\u00e9 et une meilleure qualit\u00e9 de vie.","email":"contact@physidia.fr","legalName":"Physidia S.A.S.","foundingDate":"2010-11-01","taxID":"528 454 028 00028","numberOfEmployees":{"@type":"QuantitativeValue","minValue":"51","maxValue":"200"},"publishingPrinciples":"https:\/\/physidia-sandbox-gnfngfcwfuenfwbd.francecentral-01.azurewebsites.net\/mentions-legales\/","actionableFeedbackPolicy":"https:\/\/physidia-sandbox-gnfngfcwfuenfwbd.francecentral-01.azurewebsites.net\/politique-de-confidentialite\/"}]}},"_links":{"self":[{"href":"https:\/\/physidia-sandbox-gnfngfcwfuenfwbd.francecentral-01.azurewebsites.net\/de\/wp-json\/wp\/v2\/pages\/94","targetHints":{"allow":["GET"]}}],"collection":[{"href":"https:\/\/physidia-sandbox-gnfngfcwfuenfwbd.francecentral-01.azurewebsites.net\/de\/wp-json\/wp\/v2\/pages"}],"about":[{"href":"https:\/\/physidia-sandbox-gnfngfcwfuenfwbd.francecentral-01.azurewebsites.net\/de\/wp-json\/wp\/v2\/types\/page"}],"author":[{"embeddable":true,"href":"https:\/\/physidia-sandbox-gnfngfcwfuenfwbd.francecentral-01.azurewebsites.net\/de\/wp-json\/wp\/v2\/users\/1"}],"replies":[{"embeddable":true,"href":"https:\/\/physidia-sandbox-gnfngfcwfuenfwbd.francecentral-01.azurewebsites.net\/de\/wp-json\/wp\/v2\/comments?post=94"}],"version-history":[{"count":28,"href":"https:\/\/physidia-sandbox-gnfngfcwfuenfwbd.francecentral-01.azurewebsites.net\/de\/wp-json\/wp\/v2\/pages\/94\/revisions"}],"predecessor-version":[{"id":6322,"href":"https:\/\/physidia-sandbox-gnfngfcwfuenfwbd.francecentral-01.azurewebsites.net\/de\/wp-json\/wp\/v2\/pages\/94\/revisions\/6322"}],"wp:attachment":[{"href":"https:\/\/physidia-sandbox-gnfngfcwfuenfwbd.francecentral-01.azurewebsites.net\/de\/wp-json\/wp\/v2\/media?parent=94"}],"curies":[{"name":"wp","href":"https:\/\/api.w.org\/{rel}","templated":true}]}}