{"id":96,"date":"2024-12-18T16:45:34","date_gmt":"2024-12-18T15:45:34","guid":{"rendered":"https:\/\/physidia-sandbox-gnfngfcwfuenfwbd.francecentral-01.azurewebsites.net\/?page_id=96"},"modified":"2025-03-20T17:15:42","modified_gmt":"2025-03-20T16:15:42","slug":"mentions-legales","status":"publish","type":"page","link":"https:\/\/physidia-sandbox-gnfngfcwfuenfwbd.francecentral-01.azurewebsites.net\/de\/rechtliche-hinweise\/","title":{"rendered":"Rechtliche Hinweise"},"content":{"rendered":"<div data-elementor-type=\"wp-page\" data-elementor-id=\"96\" class=\"elementor elementor-96\" data-elementor-post-type=\"page\">\n\t\t\t\t<div class=\"elementor-element elementor-element-4e33974 e-flex e-con-boxed e-con e-parent\" data-id=\"4e33974\" data-element_type=\"container\" data-e-type=\"container\" data-settings=\"{&quot;background_background&quot;:&quot;classic&quot;}\">\n\t\t\t\t\t<div class=\"e-con-inner\">\n\t\t\t\t<div class=\"elementor-element elementor-element-90068a0 elementor-widget elementor-widget-shortcode\" data-id=\"90068a0\" data-element_type=\"widget\" data-e-type=\"widget\" data-widget_type=\"shortcode.default\">\n\t\t\t\t<div class=\"elementor-widget-container\">\n\t\t\t\t\t\t\t<div class=\"elementor-shortcode\"><span><span><a href=\"https:\/\/physidia-sandbox-gnfngfcwfuenfwbd.francecentral-01.azurewebsites.net\/de\/\"><img decoding=\"async\" alt=\"Startseite\" src=\"https:\/\/physidia-sandbox-gnfngfcwfuenfwbd.francecentral-01.azurewebsites.net\/wp-content\/themes\/hello-theme-child-master\/img\/home.svg\" class=\"home-breadcrumb\" \/> Startseite<\/a><\/span><\/span><\/div>\n\t\t\t\t\t\t<\/div>\n\t\t\t\t<\/div>\n\t\t\t\t\t<\/div>\n\t\t\t\t<\/div>\n\t\t<div class=\"elementor-element elementor-element-33464bbf e-flex e-con-boxed e-con e-parent\" data-id=\"33464bbf\" data-element_type=\"container\" data-e-type=\"container\" data-settings=\"{&quot;background_background&quot;:&quot;classic&quot;}\">\n\t\t\t\t\t<div class=\"e-con-inner\">\n\t\t\t\t<div class=\"elementor-element elementor-element-1cd5a16b elementor-widget elementor-widget-text-editor\" data-id=\"1cd5a16b\" data-element_type=\"widget\" data-e-type=\"widget\" data-widget_type=\"text-editor.default\">\n\t\t\t\t<div class=\"elementor-widget-container\">\n\t\t\t\t\t\t\t\t\t<h1 style=\"text-align: center;\" class=\"translation-block\"><span style=\"color: #004976\">RECHTLICHE <\/span><br><span style=\"color: #004976\"><strong>HINWEISE<\/strong><\/span><\/h1><p><span style=\"color: var( --e-global-color-text ); font-family: var( --e-global-typography-text-font-family ), Sans-serif; font-size: var( --e-global-typography-text-font-size ); font-weight: var( --e-global-typography-text-font-weight ); text-align: var(--text-align);\">Letzte Aktualisierung: M\u00e4rz 2025<\/span><\/p><h2>Allgemeine Informationen<\/h2><p>Sie befinden sich derzeit auf der Website von Physidia SAS (\u201edie Website\u201c), die unter folgender Adresse abrufbar ist: https:\/\/physidia.com.<\/p><h3>Herausgeber der Website<\/h3><p class=\"translation-block\"><b>Name des Unternehmens:<\/b> Physidia S.A.S.<\/p><p class=\"translation-block\"><b>Rechtsform :<\/b> Vereinfachte Aktiengesellschaft (nach franz\u00f6sischem Recht)<\/p><p><b>Gesellschaftskapital :<\/b> 20 154 490 \u20ac<\/p><p><b>Handelsregister-Nr. : <\/b>Angers 528 454 028<\/p><p><b>Gesch\u00e4ftssitz<\/b> 11-13, boulevard des Bretonni\u00e8res, 49124 Saint-Barth\u00e9l\u00e9my d\u2019Anjou, Frankreich<\/p><p><b>Telefon : <\/b>+33(0) 241 731 008<\/p><p><b>Fax :<\/b> +33(0) 252 750 253<\/p><p><b>E-Mail :<\/b> contact@physidia.fr<\/p><p><b>Gesetzlicher Vertreter :<\/b> Julien Dolivet<\/p><p><b>Herausgeber : <\/b>Ga\u00ebtan Dugas, Claire Daculsi<\/p><p><b>Gestaltung und Erstellung der Website :<\/b> Ux&amp;Health<\/p><p><strong>Webhosting<\/strong> :OVH SAS<\/p><p><strong>Gesch\u00e4ftssitz<\/strong> : 2 rue Kellermann, 59100 Roubaix, Frankreich<\/p><h2>Allgemeine Nutzungsbedingungen<\/h2><p>L\u2019acc\u00e8s et l\u2019utilisation du site https:\/\/physidia-sandbox-gnfngfcwfuenfwbd.francecentral-01.azurewebsites.net (ci-apr\u00e8s \u00ab le Site \u00bb) sont soumis aux pr\u00e9sentes Conditions G\u00e9n\u00e9rales d\u2019Utilisation, ainsi qu\u2019aux lois et r\u00e8glementations en vigueur. En naviguant sur le Site, l\u2019utilisateur reconna\u00eet avoir pris connaissance des pr\u00e9sentes conditions et s\u2019engage \u00e0 les respecter.<\/p><p><span style=\"font-family: Aptos, sans-serif;\">Le Site est destin\u00e9 \u00e0 fournir des informations sur l\u2019activit\u00e9 et l\u2019offre de produits de Physidia.<\/span><\/p><h3><span style=\"font-family: Aptos, sans-serif; color: #004976; font-size: var( --e-global-typography-text-font-size ); font-weight: var( --e-global-typography-text-font-weight ); text-align: var(--text-align);\">Zugang zur Website<\/span><\/h3><p><span style=\"font-family: Aptos, sans-serif;\">Physidia ist bestrebt, den Zugang zur Website rund um die Uhr zu gew\u00e4hrleisten. Dennoch kann der Zugang zur Website vor\u00fcbergehend zu Wartungs- bzw. Aktualisierungszwecken oder im Falle h\u00f6herer Gewalt unterbrochen sein. Physidia haftet nicht f\u00fcr einen vor\u00fcbergehenden Ausfall der Website oder dessen Folgen f\u00fcr den Nutzer.<\/span><\/p><h3><span style=\"font-family: Aptos, sans-serif; color: #004976;\">Pflichten des Nutzers<\/span><\/h3><p><span style=\"font-family: Aptos, sans-serif;\">Der Nutzer verpflichtet sich :<\/span><\/p><ul><li><span style=\"font-family: Aptos, sans-serif;\">Die Website unter Einhaltung der geltenden Gesetze und Vorschriften zu nutzen;<\/span><\/li><li><span style=\"font-family: Aptos, sans-serif;\">Die Funktionst\u00fcchtigkeit der Website nicht durch b\u00f6swillige Handlungen (z. B. Hacker-, Virus- oder Cyber-Angriffe) zu st\u00f6ren, zu besch\u00e4digen oder zu ver\u00e4ndern;<\/span><\/li><li><span style=\"font-family: Aptos, sans-serif;\">Die auf der Website ver\u00f6ffentlichten Informationen nicht f\u00fcr illegale, betr\u00fcgerische oder gegen die \u00f6ffentliche Ordnung versto\u00dfende Zwecke zu nutzen;<\/span><\/li><li><span style=\"font-family: Aptos, sans-serif;\">Die Inhalte der Website nicht ohne vorherige Genehmigung durch Physidia zu reproduzieren, zu kopieren oder zu verwerten.<\/span><\/li><\/ul><p><span style=\"font-family: Aptos, sans-serif;\">Jegliche Nichteinhaltung dieser Pflichten kann zu Gegenma\u00dfnahmen f\u00fchren. So k\u00f6nnen vor allem der Zugang des betroffenen Nutzers zur Website gesperrt und ggf. rechtliche Schritte eingeleitet werden.<\/span><\/p><h3>Geistiges Eigentum<\/h3><p>Alle Elemente der Website (Texte, Bilder, Grafiken, Logos, Videos usw.) sind durch das Recht auf geistiges Eigentum gesch\u00fctzt. Jede vollst\u00e4ndige oder teilweise Vervielf\u00e4ltigung oder Darstellung ohne ausdr\u00fcckliche Zustimmung Physidias ist verboten und stellt eine F\u00e4lschung dar.<\/p><h3>Schutz personenbezogener Daten<\/h3><p>Physidia verarbeitet personenbezogene Daten gem\u00e4\u00df seiner Datenschutzrichtlinie, die auf der Seite <a href=\"https:\/\/physidia-sandbox-gnfngfcwfuenfwbd.francecentral-01.azurewebsites.net\/de\/datenschutzerklarung\/\">Datenschutzerkl\u00e4rung<\/a> abgerufen werden kann <a href=\"https:\/\/physidia-sandbox-gnfngfcwfuenfwbd.francecentral-01.azurewebsites.net\/de\/datenschutzerklarung\/\">Datenschutzerkl\u00e4rung<\/a><\/p><p><b>5. Cookies<\/b><\/p><p>Die Website verwendet Cookies f\u00fcr Browsing- und Analysezwecke gem\u00e4\u00df der Cookie-Richtlinie von Physidia, die auf folgender Seite abrufbar ist: <a href=\"https:\/\/physidia-sandbox-gnfngfcwfuenfwbd.francecentral-01.azurewebsites.net\/de\/cookie-richtlinie-von-physidia\/\">Cookie-Richtlinie<\/a>\u00a0<a href=\"https:\/\/physidia-sandbox-gnfngfcwfuenfwbd.francecentral-01.azurewebsites.net\/de\/cookie-richtlinie-von-physidia\/\">Cookie-Richtlinie<\/a><\/p><p><b>6. Produktinformationen<\/b><\/p><p>Die Medizinprodukte von Physidia (S\u00b3 Monitor und zugeh\u00f6riges Verbrauchsmaterial) sind f\u00fcr die t\u00e4gliche H\u00e4modialyse von Patienten konzipiert, die unter chronischer Niereninsuffizienz leiden. Diese regulierten Gesundheitsprodukte entsprechen der Verordnung (EU) 2017\/745 und tragen das CE-Zeichen.<\/p><p>S\u00b3 und SeCoHD sind eingetragene Marken von Physidia SAS.<\/p><h3>7. Haftung<\/h3><p>Physidia unternimmt alles, um die Richtigkeit und Aktualisierung der auf der Website ver\u00f6ffentlichen Informationen zu gew\u00e4hrleisten. Dennoch kann Physidia nicht garantieren, dass die bereitgestellten Inhalte korrekt, vollst\u00e4ndig oder aktuell sind. Daher ist der Nutzer allein f\u00fcr die Verwendung der Informationen und Inhalte der Website verantwortlich.<br \/>Physidia \u00fcbernimmt keine Haftung f\u00fcr direkte oder indirekte Sch\u00e4den materieller oder immaterieller Art, die durch den Zugriff auf die oder die Nutzung der Website entstehen, auch nicht im Falle von Fehlern, Unterlassungen, Unterbrechungen, technischen St\u00f6rungen oder Computerviren. Der Nutzer muss selbst alle notwendigen Vorkehrungen treffen, um sich gegen solche Risiken zu sch\u00fctzen.<br \/>Dar\u00fcber hinaus haftet Physidia nicht f\u00fcr den Inhalt von Websites Dritter, die \u00fcber Hyperlinks auf der Website aufgerufen werden k\u00f6nnen. Solche Links werden nur zu Informationszwecken bereitgestellt. Physidia \u00fcbernimmt keinesfalls die Haftung f\u00fcr Praktiken dieser Websites in Bezug auf Datenschutz oder die Richtigkeit ihrer Informationen.<\/p><p><b>8. Kontakt<\/b><\/p><p>Bei Fragen zur Website kontaktieren Sie uns:<\/p><p><b>Per E-Mail<\/b> : contact@physidia.fr<\/p><p><b>Per Post<\/b> 11-13, boulevard des Bretonni\u00e8res, 49124 Saint-Barth\u00e9l\u00e9my d\u2019Anjou, Frankreich<\/p><p>Physidia S.A.S. verpflichtet sich zur Einhaltung und zum Schutz der Rechte der Nutzer und der auf der Website erfassten Daten.<\/p><p>Sofern nicht anderweitig gesetzlich vorgeschrieben, unterliegen alle Streitigkeiten dem franz\u00f6sischen Gesetz und der ausschlie\u00dflichen Kompetenz des zust\u00e4ndigen Gerichts.<\/p>\t\t\t\t\t\t\t\t<\/div>\n\t\t\t\t<\/div>\n\t\t\t\t\t<\/div>\n\t\t\t\t<\/div>\n\t\t\t\t<\/div>","protected":false},"excerpt":{"rendered":"<p>MENTIONSL\u00e9GALES Derni\u00e8re mise \u00e0 jour : Mars 2025 Informations G\u00e9n\u00e9rales Vous \u00eates actuellement connect\u00e9 au site internet de Physidia SAS (\u00ab le Site \u00bb), accessible \u00e0 l&rsquo;adresse suivante : https:\/\/physidia.com. \u00c9diteur du Site D\u00e9nomination sociale : Physidia S.A.S. Forme juridique : Soci\u00e9t\u00e9 par actions simplifi\u00e9e Capital social : 20 154 490 \u20ac RCS : Angers 528 454 028 Si\u00e8ge social : 11-13, boulevard des Bretonni\u00e8res, 49124 Saint-Barth\u00e9l\u00e9my d&rsquo;Anjou, France T\u00e9l\u00e9phone : +33(0) 241 731 008 Fax : +33(0) 252 750 253 E-mail : contact@physidia.fr Repr\u00e9sentant l\u00e9gal : Julien Dolivet Directeur de la publication : Ga\u00ebtan Dugas, Claire Daculsi Conception et r\u00e9alisation du Site : Ux&amp;Health H\u00e9bergeur du Site :OVH SAS Si\u00e8ge social : 2 rue Kellermann, 59100 Roubaix, France Conditions G\u00e9n\u00e9rales d&rsquo;Utilisation L\u2019acc\u00e8s et l\u2019utilisation du site https:\/\/www.physidia.com (ci-apr\u00e8s \u00ab le Site \u00bb) sont soumis aux pr\u00e9sentes Conditions G\u00e9n\u00e9rales d\u2019Utilisation, ainsi qu\u2019aux lois et r\u00e8glementations en vigueur. En naviguant sur [&hellip;]<\/p>\n","protected":false},"author":1,"featured_media":0,"parent":0,"menu_order":0,"comment_status":"closed","ping_status":"closed","template":"","meta":{"_acf_changed":false,"footnotes":""},"class_list":["post-96","page","type-page","status-publish","hentry"],"acf":[],"yoast_head":"<!-- This site is optimized with the Yoast SEO Premium plugin v26.7 (Yoast SEO v27.3) - https:\/\/yoast.com\/product\/yoast-seo-premium-wordpress\/ -->\n<title>Mentions l\u00e9gales - Physidia - H\u00e9modialyse \u00e0 domicile<\/title>\n<meta name=\"description\" content=\"Mentions l\u00e9gales du site Physidia : informations juridiques, droits d\u2019auteur, responsabilit\u00e9, h\u00e9bergement et RGPD.\" \/>\n<meta name=\"robots\" content=\"index, follow, max-snippet:-1, max-image-preview:large, max-video-preview:-1\" \/>\n<link rel=\"canonical\" href=\"https:\/\/physidia-sandbox-gnfngfcwfuenfwbd.francecentral-01.azurewebsites.net\/de\/rechtliche-hinweise\/\" \/>\n<meta property=\"og:locale\" content=\"de_DE\" \/>\n<meta property=\"og:type\" content=\"article\" \/>\n<meta property=\"og:title\" content=\"Mentions l\u00e9gales\" \/>\n<meta property=\"og:description\" content=\"Mentions l\u00e9gales du site Physidia : informations juridiques, droits d\u2019auteur, responsabilit\u00e9, h\u00e9bergement et RGPD.\" \/>\n<meta property=\"og:url\" content=\"https:\/\/physidia-sandbox-gnfngfcwfuenfwbd.francecentral-01.azurewebsites.net\/de\/rechtliche-hinweise\/\" \/>\n<meta property=\"og:site_name\" content=\"SANDBOX-TEST-DB\" \/>\n<meta property=\"article:publisher\" content=\"https:\/\/www.facebook.com\/Physidia\" \/>\n<meta property=\"article:modified_time\" content=\"2025-03-20T16:15:42+00:00\" \/>\n<meta property=\"og:image\" content=\"https:\/\/physidia-sandbox-gnfngfcwfuenfwbd.francecentral-01.azurewebsites.net\/wp-content\/uploads\/2024\/12\/logo-physidia.webp\" \/>\n\t<meta property=\"og:image:width\" content=\"281\" \/>\n\t<meta property=\"og:image:height\" content=\"283\" \/>\n\t<meta property=\"og:image:type\" content=\"image\/webp\" \/>\n<meta name=\"twitter:card\" content=\"summary_large_image\" \/>\n<meta name=\"twitter:label1\" content=\"Gesch\u00e4tzte Lesezeit\" \/>\n\t<meta name=\"twitter:data1\" content=\"4\u00a0Minuten\" \/>\n<script type=\"application\/ld+json\" class=\"yoast-schema-graph\">{\"@context\":\"https:\\\/\\\/schema.org\",\"@graph\":[{\"@type\":\"WebPage\",\"@id\":\"https:\\\/\\\/physidia-sandbox-gnfngfcwfuenfwbd.francecentral-01.azurewebsites.net\\\/mentions-legales\\\/\",\"url\":\"https:\\\/\\\/physidia-sandbox-gnfngfcwfuenfwbd.francecentral-01.azurewebsites.net\\\/mentions-legales\\\/\",\"name\":\"Mentions l\u00e9gales - Physidia - H\u00e9modialyse \u00e0 domicile\",\"isPartOf\":{\"@id\":\"https:\\\/\\\/physidia-sandbox-gnfngfcwfuenfwbd.francecentral-01.azurewebsites.net\\\/#website\"},\"datePublished\":\"2024-12-18T15:45:34+00:00\",\"dateModified\":\"2025-03-20T16:15:42+00:00\",\"description\":\"Mentions l\u00e9gales du site Physidia : informations juridiques, droits d\u2019auteur, responsabilit\u00e9, h\u00e9bergement et RGPD.\",\"breadcrumb\":{\"@id\":\"https:\\\/\\\/physidia-sandbox-gnfngfcwfuenfwbd.francecentral-01.azurewebsites.net\\\/mentions-legales\\\/#breadcrumb\"},\"inLanguage\":\"de\",\"potentialAction\":[{\"@type\":\"ReadAction\",\"target\":[\"https:\\\/\\\/physidia-sandbox-gnfngfcwfuenfwbd.francecentral-01.azurewebsites.net\\\/mentions-legales\\\/\"]}]},{\"@type\":\"BreadcrumbList\",\"@id\":\"https:\\\/\\\/physidia-sandbox-gnfngfcwfuenfwbd.francecentral-01.azurewebsites.net\\\/mentions-legales\\\/#breadcrumb\",\"itemListElement\":[{\"@type\":\"ListItem\",\"position\":1,\"name\":\"Accueil\",\"item\":\"https:\\\/\\\/physidia-sandbox-gnfngfcwfuenfwbd.francecentral-01.azurewebsites.net\\\/\"},{\"@type\":\"ListItem\",\"position\":2,\"name\":\"Mentions l\u00e9gales\"}]},{\"@type\":\"WebSite\",\"@id\":\"https:\\\/\\\/physidia-sandbox-gnfngfcwfuenfwbd.francecentral-01.azurewebsites.net\\\/#website\",\"url\":\"https:\\\/\\\/physidia-sandbox-gnfngfcwfuenfwbd.francecentral-01.azurewebsites.net\\\/\",\"name\":\"Physidia | H\u00e9modialyse \u00e0 Domicile\",\"description\":\"\",\"publisher\":{\"@id\":\"https:\\\/\\\/physidia-sandbox-gnfngfcwfuenfwbd.francecentral-01.azurewebsites.net\\\/#organization\"},\"alternateName\":\"Physidia | HDDQ\",\"potentialAction\":[{\"@type\":\"SearchAction\",\"target\":{\"@type\":\"EntryPoint\",\"urlTemplate\":\"https:\\\/\\\/physidia-sandbox-gnfngfcwfuenfwbd.francecentral-01.azurewebsites.net\\\/?s={search_term_string}\"},\"query-input\":{\"@type\":\"PropertyValueSpecification\",\"valueRequired\":true,\"valueName\":\"search_term_string\"}}],\"inLanguage\":\"de\"},{\"@type\":\"Organization\",\"@id\":\"https:\\\/\\\/physidia-sandbox-gnfngfcwfuenfwbd.francecentral-01.azurewebsites.net\\\/#organization\",\"name\":\"Physidia\",\"url\":\"https:\\\/\\\/physidia-sandbox-gnfngfcwfuenfwbd.francecentral-01.azurewebsites.net\\\/\",\"logo\":{\"@type\":\"ImageObject\",\"inLanguage\":\"de\",\"@id\":\"https:\\\/\\\/physidia-sandbox-gnfngfcwfuenfwbd.francecentral-01.azurewebsites.net\\\/#\\\/schema\\\/logo\\\/image\\\/\",\"url\":\"https:\\\/\\\/physidia-sandbox-gnfngfcwfuenfwbd.francecentral-01.azurewebsites.net\\\/wp-content\\\/uploads\\\/2024\\\/12\\\/logo-physidia.webp\",\"contentUrl\":\"https:\\\/\\\/physidia-sandbox-gnfngfcwfuenfwbd.francecentral-01.azurewebsites.net\\\/wp-content\\\/uploads\\\/2024\\\/12\\\/logo-physidia.webp\",\"width\":281,\"height\":283,\"caption\":\"Physidia\"},\"image\":{\"@id\":\"https:\\\/\\\/physidia-sandbox-gnfngfcwfuenfwbd.francecentral-01.azurewebsites.net\\\/#\\\/schema\\\/logo\\\/image\\\/\"},\"sameAs\":[\"https:\\\/\\\/www.facebook.com\\\/Physidia\",\"https:\\\/\\\/www.linkedin.com\\\/company\\\/physidia\\\/\"],\"description\":\"Entreprise fran\u00e7aise pionni\u00e8re de la dialyse fr\u00e9quente et flexible \u00e0 domicile, Physidia con\u00e7oit et fabrique en France des solutions innovantes pour offrir aux patients dialys\u00e9s plus de libert\u00e9, de s\u00e9r\u00e9nit\u00e9 et une meilleure qualit\u00e9 de vie.\",\"email\":\"contact@physidia.fr\",\"legalName\":\"Physidia S.A.S.\",\"foundingDate\":\"2010-11-01\",\"taxID\":\"528 454 028 00028\",\"numberOfEmployees\":{\"@type\":\"QuantitativeValue\",\"minValue\":\"51\",\"maxValue\":\"200\"},\"publishingPrinciples\":\"https:\\\/\\\/physidia-sandbox-gnfngfcwfuenfwbd.francecentral-01.azurewebsites.net\\\/mentions-legales\\\/\",\"actionableFeedbackPolicy\":\"https:\\\/\\\/physidia-sandbox-gnfngfcwfuenfwbd.francecentral-01.azurewebsites.net\\\/politique-de-confidentialite\\\/\"}]}<\/script>\n<!-- \/ Yoast SEO Premium plugin. -->","yoast_head_json":{"title":"Mentions l\u00e9gales - Physidia - H\u00e9modialyse \u00e0 domicile","description":"Mentions l\u00e9gales du site Physidia : informations juridiques, droits d\u2019auteur, responsabilit\u00e9, h\u00e9bergement et RGPD.","robots":{"index":"index","follow":"follow","max-snippet":"max-snippet:-1","max-image-preview":"max-image-preview:large","max-video-preview":"max-video-preview:-1"},"canonical":"https:\/\/physidia-sandbox-gnfngfcwfuenfwbd.francecentral-01.azurewebsites.net\/de\/rechtliche-hinweise\/","og_locale":"de_DE","og_type":"article","og_title":"Mentions l\u00e9gales","og_description":"Mentions l\u00e9gales du site Physidia : informations juridiques, droits d\u2019auteur, responsabilit\u00e9, h\u00e9bergement et RGPD.","og_url":"https:\/\/physidia-sandbox-gnfngfcwfuenfwbd.francecentral-01.azurewebsites.net\/de\/rechtliche-hinweise\/","og_site_name":"SANDBOX-TEST-DB","article_publisher":"https:\/\/www.facebook.com\/Physidia","article_modified_time":"2025-03-20T16:15:42+00:00","og_image":[{"width":281,"height":283,"url":"https:\/\/physidia-sandbox-gnfngfcwfuenfwbd.francecentral-01.azurewebsites.net\/wp-content\/uploads\/2024\/12\/logo-physidia.webp","type":"image\/webp"}],"twitter_card":"summary_large_image","twitter_misc":{"Gesch\u00e4tzte Lesezeit":"4\u00a0Minuten"},"schema":{"@context":"https:\/\/schema.org","@graph":[{"@type":"WebPage","@id":"https:\/\/physidia-sandbox-gnfngfcwfuenfwbd.francecentral-01.azurewebsites.net\/mentions-legales\/","url":"https:\/\/physidia-sandbox-gnfngfcwfuenfwbd.francecentral-01.azurewebsites.net\/mentions-legales\/","name":"Mentions l\u00e9gales - Physidia - H\u00e9modialyse \u00e0 domicile","isPartOf":{"@id":"https:\/\/physidia-sandbox-gnfngfcwfuenfwbd.francecentral-01.azurewebsites.net\/#website"},"datePublished":"2024-12-18T15:45:34+00:00","dateModified":"2025-03-20T16:15:42+00:00","description":"Mentions l\u00e9gales du site Physidia : informations juridiques, droits d\u2019auteur, responsabilit\u00e9, h\u00e9bergement et RGPD.","breadcrumb":{"@id":"https:\/\/physidia-sandbox-gnfngfcwfuenfwbd.francecentral-01.azurewebsites.net\/mentions-legales\/#breadcrumb"},"inLanguage":"de","potentialAction":[{"@type":"ReadAction","target":["https:\/\/physidia-sandbox-gnfngfcwfuenfwbd.francecentral-01.azurewebsites.net\/mentions-legales\/"]}]},{"@type":"BreadcrumbList","@id":"https:\/\/physidia-sandbox-gnfngfcwfuenfwbd.francecentral-01.azurewebsites.net\/mentions-legales\/#breadcrumb","itemListElement":[{"@type":"ListItem","position":1,"name":"Accueil","item":"https:\/\/physidia-sandbox-gnfngfcwfuenfwbd.francecentral-01.azurewebsites.net\/"},{"@type":"ListItem","position":2,"name":"Mentions l\u00e9gales"}]},{"@type":"WebSite","@id":"https:\/\/physidia-sandbox-gnfngfcwfuenfwbd.francecentral-01.azurewebsites.net\/#website","url":"https:\/\/physidia-sandbox-gnfngfcwfuenfwbd.francecentral-01.azurewebsites.net\/","name":"Physidia | H\u00e9modialyse \u00e0 Domicile","description":"","publisher":{"@id":"https:\/\/physidia-sandbox-gnfngfcwfuenfwbd.francecentral-01.azurewebsites.net\/#organization"},"alternateName":"Physidia | HDDQ","potentialAction":[{"@type":"SearchAction","target":{"@type":"EntryPoint","urlTemplate":"https:\/\/physidia-sandbox-gnfngfcwfuenfwbd.francecentral-01.azurewebsites.net\/?s={search_term_string}"},"query-input":{"@type":"PropertyValueSpecification","valueRequired":true,"valueName":"search_term_string"}}],"inLanguage":"de"},{"@type":"Organization","@id":"https:\/\/physidia-sandbox-gnfngfcwfuenfwbd.francecentral-01.azurewebsites.net\/#organization","name":"Physidia","url":"https:\/\/physidia-sandbox-gnfngfcwfuenfwbd.francecentral-01.azurewebsites.net\/","logo":{"@type":"ImageObject","inLanguage":"de","@id":"https:\/\/physidia-sandbox-gnfngfcwfuenfwbd.francecentral-01.azurewebsites.net\/#\/schema\/logo\/image\/","url":"https:\/\/physidia-sandbox-gnfngfcwfuenfwbd.francecentral-01.azurewebsites.net\/wp-content\/uploads\/2024\/12\/logo-physidia.webp","contentUrl":"https:\/\/physidia-sandbox-gnfngfcwfuenfwbd.francecentral-01.azurewebsites.net\/wp-content\/uploads\/2024\/12\/logo-physidia.webp","width":281,"height":283,"caption":"Physidia"},"image":{"@id":"https:\/\/physidia-sandbox-gnfngfcwfuenfwbd.francecentral-01.azurewebsites.net\/#\/schema\/logo\/image\/"},"sameAs":["https:\/\/www.facebook.com\/Physidia","https:\/\/www.linkedin.com\/company\/physidia\/"],"description":"Entreprise fran\u00e7aise pionni\u00e8re de la dialyse fr\u00e9quente et flexible \u00e0 domicile, Physidia con\u00e7oit et fabrique en France des solutions innovantes pour offrir aux patients dialys\u00e9s plus de libert\u00e9, de s\u00e9r\u00e9nit\u00e9 et une meilleure qualit\u00e9 de vie.","email":"contact@physidia.fr","legalName":"Physidia S.A.S.","foundingDate":"2010-11-01","taxID":"528 454 028 00028","numberOfEmployees":{"@type":"QuantitativeValue","minValue":"51","maxValue":"200"},"publishingPrinciples":"https:\/\/physidia-sandbox-gnfngfcwfuenfwbd.francecentral-01.azurewebsites.net\/mentions-legales\/","actionableFeedbackPolicy":"https:\/\/physidia-sandbox-gnfngfcwfuenfwbd.francecentral-01.azurewebsites.net\/politique-de-confidentialite\/"}]}},"_links":{"self":[{"href":"https:\/\/physidia-sandbox-gnfngfcwfuenfwbd.francecentral-01.azurewebsites.net\/de\/wp-json\/wp\/v2\/pages\/96","targetHints":{"allow":["GET"]}}],"collection":[{"href":"https:\/\/physidia-sandbox-gnfngfcwfuenfwbd.francecentral-01.azurewebsites.net\/de\/wp-json\/wp\/v2\/pages"}],"about":[{"href":"https:\/\/physidia-sandbox-gnfngfcwfuenfwbd.francecentral-01.azurewebsites.net\/de\/wp-json\/wp\/v2\/types\/page"}],"author":[{"embeddable":true,"href":"https:\/\/physidia-sandbox-gnfngfcwfuenfwbd.francecentral-01.azurewebsites.net\/de\/wp-json\/wp\/v2\/users\/1"}],"replies":[{"embeddable":true,"href":"https:\/\/physidia-sandbox-gnfngfcwfuenfwbd.francecentral-01.azurewebsites.net\/de\/wp-json\/wp\/v2\/comments?post=96"}],"version-history":[{"count":22,"href":"https:\/\/physidia-sandbox-gnfngfcwfuenfwbd.francecentral-01.azurewebsites.net\/de\/wp-json\/wp\/v2\/pages\/96\/revisions"}],"predecessor-version":[{"id":5528,"href":"https:\/\/physidia-sandbox-gnfngfcwfuenfwbd.francecentral-01.azurewebsites.net\/de\/wp-json\/wp\/v2\/pages\/96\/revisions\/5528"}],"wp:attachment":[{"href":"https:\/\/physidia-sandbox-gnfngfcwfuenfwbd.francecentral-01.azurewebsites.net\/de\/wp-json\/wp\/v2\/media?parent=96"}],"curies":[{"name":"wp","href":"https:\/\/api.w.org\/{rel}","templated":true}]}}