{"id":983,"date":"2025-02-13T11:35:48","date_gmt":"2025-02-13T10:35:48","guid":{"rendered":"https:\/\/physidia-sandbox-gnfngfcwfuenfwbd.francecentral-01.azurewebsites.net\/?page_id=983"},"modified":"2025-07-14T15:27:22","modified_gmt":"2025-07-14T13:27:22","slug":"references-bibliographiques","status":"publish","type":"page","link":"https:\/\/physidia-sandbox-gnfngfcwfuenfwbd.francecentral-01.azurewebsites.net\/de\/literaturhinweise\/","title":{"rendered":"Literaturhinweise"},"content":{"rendered":"<div data-elementor-type=\"wp-page\" data-elementor-id=\"983\" class=\"elementor elementor-983\" data-elementor-post-type=\"page\">\n\t\t\t\t<div class=\"elementor-element elementor-element-4677b6e e-flex e-con-boxed e-con e-parent\" data-id=\"4677b6e\" data-element_type=\"container\" data-e-type=\"container\" data-settings=\"{&quot;background_background&quot;:&quot;classic&quot;}\">\n\t\t\t\t\t<div class=\"e-con-inner\">\n\t\t\t\t<div class=\"elementor-element elementor-element-9627433 elementor-widget elementor-widget-shortcode\" data-id=\"9627433\" data-element_type=\"widget\" data-e-type=\"widget\" data-widget_type=\"shortcode.default\">\n\t\t\t\t<div class=\"elementor-widget-container\">\n\t\t\t\t\t\t\t<div class=\"elementor-shortcode\"><span><span><a href=\"https:\/\/physidia-sandbox-gnfngfcwfuenfwbd.francecentral-01.azurewebsites.net\/de\/\"><img decoding=\"async\" alt=\"Startseite\" src=\"https:\/\/physidia-sandbox-gnfngfcwfuenfwbd.francecentral-01.azurewebsites.net\/wp-content\/themes\/hello-theme-child-master\/img\/home.svg\" class=\"home-breadcrumb\" \/> Startseite<\/a><\/span><\/span><\/div>\n\t\t\t\t\t\t<\/div>\n\t\t\t\t<\/div>\n\t\t\t\t\t<\/div>\n\t\t\t\t<\/div>\n\t\t<div class=\"elementor-element elementor-element-1c9682d e-flex e-con-boxed e-con e-parent\" data-id=\"1c9682d\" data-element_type=\"container\" data-e-type=\"container\">\n\t\t\t\t\t<div class=\"e-con-inner\">\n\t\t\t\t<div class=\"elementor-element elementor-element-e7502bc elementor-widget elementor-widget-text-editor\" data-id=\"e7502bc\" data-element_type=\"widget\" data-e-type=\"widget\" data-widget_type=\"text-editor.default\">\n\t\t\t\t<div class=\"elementor-widget-container\">\n\t\t\t\t\t\t\t\t\t<h1><span style=\"color: #004c7c;\"><strong>Literaturhinweise<\/strong><\/span><\/h1><ol><li><strong>Fessi, H.<\/strong>, Szelag, J.-C., Courivaud, C., Nicoud, P., Aguilera, D., Gilbert, O., Morena, M., Thomas, M., Canaud, B., Cristol, J.-P. <em>Safety and Efficacy of Short Daily Hemodialysis with Physidia S\u00b3 System: Clinical Performance Assessment during the Training Period.<\/em> Clin. Med. 2022, 11, 2123.<\/li><li><strong>Cherukuri, S.<\/strong>, Bajo, M., Colussi, G., et al. <em>Home hemodialysis treatment and outcomes: retrospective analysis of the Knowledge to Improve Home Dialysis Network in Europe (KIHDNEy) cohort.<\/em> BMC Nephrol 2018, 19, 262.<\/li><li><strong>Fessi, H.<\/strong>, Nicoud, P., Serrato, T., Gilbert, O., Courivaud, C., Daoud, S., Morena, M., Thomas, M., Canaud, B., Cristol, J.-P. <em>Two Years\u2019 Experience of Intensive Home Hemodialysis with the Physidia S\u00b3 System: Results from the RECAP Study.<\/em> Clin. Med. 2023, 12, 1357.<\/li><li><strong>Gonz\u00e1lez Moya, M.<\/strong>, Molina, P., Vizca\u00edno, B., et al. <em>Elimination of Middle and Large Uraemic Toxins in Short Daily Home Haemodialysis with Low Dialysate Volume: A Randomized Crossover Clinical Trial.<\/em> Nephrology Dialysis Transplantation, 2022, 37 (Supplement_3).<\/li><li><strong>Thomas, M.<\/strong>, Vincent, E., Todorova, V. <em>Single Session And Weekly Beta 2 Microglobulin Removal During Short Frequent Hemodialysis Using Physidia Technology.<\/em> Nephrology Dialysis Transplantation, 2020, 35 (Supplement_3).<\/li><li><strong>Andrew Davenport.<\/strong> <em>Differences in prescribed Kt\/V and delivered haemodialysis dose\u2014why obesity makes a difference to survival for haemodialysis patients when using a \u2018one size fits all\u2019 Kt\/V target.<\/em> Nephrology Dialysis Transplantation, 2013, 28 (suppl_4).<\/li><li><strong>Alalwan A. A.<\/strong>, Abou Trabeh A., Ahamed M., et al. <em>Low-Volume Home Haemodialysis and In-Centre Haemodialysis: Comparison of Dialysis Adequacy in Obese Individuals.<\/em> Cureus 2023, 15(2): e35054.<\/li><li><strong>Miller BW<\/strong>, Himmele R, Sawin DA, Kim J, Kossmann RJ. <em>Choosing Home Hemodialysis: A Critical Review of Patient Outcomes.<\/em> Blood Purif. 2018, 45(1-3):224-229.<\/li><li><strong>Tennankore KK<\/strong>, Chan CT, Curran SP. <em>Intensive home haemodialysis: benefits and barriers.<\/em> Nat Rev Nephrol. 2012, 8(9):515-22.<\/li><li><strong>Garg AX<\/strong>, Suri RS, Eggers P, et al. <em>Patients receiving frequent hemodialysis have better health-related quality of life compared to patients receiving conventional hemodialysis.<\/em> Kidney Int. 2017, 91(3):746-754.<\/li><li><strong>Finkelstein FO<\/strong>, Schiller B, Daoui R, et al. <em>At-home short daily hemodialysis improves the long-term health-related quality of life.<\/em> Kidney Int. 2012, 82(5):561-9.<\/li><li><strong>Jaber BL<\/strong>, Lee Y, Collins AJ, et al. <em>Effect of daily hemodialysis on depressive symptoms and postdialysis recovery time: interim report from the FREEDOM Study.<\/em> Am J Kidney Dis. 2010, 56(3):531-9.<\/li><li><strong>Walker RC<\/strong>, Hanson CS, Palmer SC, et al. <em>Patient and caregiver perspectives on home hemodialysis: a systematic review.<\/em> Am J Kidney Dis. 2015, 65(3):451-63.<\/li><li><strong>Chertow GM<\/strong>, Levin NW, Beck GJ, et al. FHN Trial Group<em>. In-center hemodialysis six times per week versus three times per week.<\/em> N Engl J Med. 2010, 363(24):2287-300.<\/li><li><strong>McCullough PA<\/strong>, Chan CT, Weinhandl ED, et al. <em>Intensive Hemodialysis, Left Ventricular Hypertrophy, and Cardiovascular Disease.<\/em> Am J Kidney Dis. 2016, 68(5S1):S5-S14. DOI<\/li><li><strong>Weinhandl ED<\/strong>, Liu J, Gilbertson DT, et al. <em>Survival in daily home hemodialysis and matched thrice-weekly in-center hemodialysis patients.<\/em> J Am Soc Nephrol. 2012, 23(5):895-904.<\/li><li><strong>Kumar VA<\/strong>, Ledezma ML, Idroos ML, et al. <em>Hospitalization rates in daily home hemodialysis versus peritoneal dialysis patients in the United States.<\/em> Am J Kidney Dis. 2008, 52(4):737-44.<\/li><li><strong>Walker RC<\/strong>, Howard K, Morton RL. <em>Home hemodialysis: a comprehensive review of patient-centered and economic considerations.<\/em> Clinicoecon Outcomes Res. 2017, 9:149-161.<\/li><li><strong>Guyton, A. C.<\/strong>, &amp; Hall, J. E. Textbook of Medical Physiology (11e \u00e9d.). Elsevier Saunders. 2006<\/li><li><strong>National Kidney Foundation<\/strong>. <em>KDOQI Clinical Practice Guidelines for Chronic Kidney Disease: Evaluation, Classification, and Stratification<\/em>. American Journal of Kidney Diseases, 39(Suppl 1). 2002, S1\u2013S266.<\/li><li><strong>KDIGO<\/strong>. <em>KDIGO Clinical Practice Guideline for the Evaluation and Management of Chronic Kidney Disease<\/em>. Kidney International Supplements. 2013, 3(1), 1\u2013150.<\/li><li><strong>Levey, A. S.<\/strong>, &amp; Coresh, J. <em>Chronic kidney disease<\/em>. Lancet. 2012, 379(9811), 165\u2013180.<\/li><li><strong>Stevens, P. E.<\/strong>, &amp; Levin, A. <em>Evaluation and management of chronic kidney disease: synopsis of the kidney disease: improving global outcomes 2012 clinical practice guideline<\/em>. Annals of Internal Medicine. 2013, 158(11), 825\u2013830.<\/li><li><strong>Standring, S.<\/strong> (Ed.). <em>Gray&rsquo;s Anatomy: The Anatomical Basis of Clinical Practice<\/em> (40e \u00e9d.). Elsevier. 2008<\/li><li><strong>KDIGO<\/strong>. <em>KDIGO Clinical Practice Guideline for Acute Kidney Injury<\/em>. Kidney International Supplements. 2012, 2(1), 1\u2013138.<\/li><li><strong>SFNDT<\/strong>. <em>Ma Maladie R\u00e9nale Chronique 2022<\/em>. Livre blanc sur la dialyse \u00e0 domicile. 2022<\/li><li><strong>Cours des Comptes<\/strong>. <em>L\u2019insuffisance r\u00e9nale chronique terminale : une prise en charge \u00e0 r\u00e9former au b\u00e9n\u00e9fice des patients<\/em>. Rapport public annuel 2020.<\/li><li><strong>HAS<\/strong>. <em>N\u00e9phropathie chronique grave Actes et prestations affections de longue dur\u00e9e<\/em>. <a href=\"http:\/\/www.has-sante.fr\">has-sante.fr<\/a> 2021<\/li><li><strong>Piccoli GB<\/strong>, Moio MR, Fois A, Sofronie A, Gendrot L, Cabiddu G, D\u2019Alessandro C, Cupisti A. <em>The Diet and Haemodialysis Dyad: Three Eras, Four Open Questions and Four Paradoxes. A Narrative Review, Towards a Personalized, Patient-Centered Approach<\/em>.\u00a0Nutrients. 2017; 9(4):372.<\/li><li><strong>Kotanko P<\/strong>, Garg AX, Depner T, et al. <em>Effects of frequent hemodialysis on blood pressure: Results from the randomized frequent hemodialysis network trials<\/em>. Hemodial Int. 2015;19(3):386-401.<\/li><li><strong>Evangelidis N<\/strong>, Tong A, Manns B, et al. <em>Developing a Set of Core Outcomes for Trials in Hemodialysis: An International Delphi Survey.<\/em>\u00a0Am J Kidney Dis. 2017;70(4):464-475.<\/li><li><strong>Reddy YNV<\/strong>, Kearney MD, Ward M, et al. <em>Identifying Major Barriers to Home Dialysis (The IM-HOME Study): Findings From a National Survey of\u00a0Patients, Care Partners, and Providers<\/em>.\u00a0Am J Kidney Dis. 2024;84(5):567-581.e1.<\/li><li><strong>HAS<\/strong>. <em>Guide du parcours de soins \u2013 Maladie r\u00e9nale chronique de l\u2019adulte (MRC).<\/em> 2021, m\u00e0j 09\/2023<\/li><li><strong>Lebrun, G.<\/strong> &amp; Jaubert, D. &amp; Mekaoui, F. &amp; Rodde, G. &amp; Falgas, C. &amp; Brunet, Philippe. (2011). <em>Di\u00e9t\u00e9tique de l\u2019insuffisant r\u00e9nal chronique. Progres En Urologie<\/em> &#8211; PROG UROL. 21. 793-797. 10.1016<\/li><li><strong>Battu, C.<\/strong> <em>L\u2019accompagnement nutritionnel d\u2019un patient pr\u00e9sentant une insuffisance r\u00e9nale chronique<\/em>. Actualit\u00e9s Pharmaceutiques. 55. 10.1016<\/li><li><strong>CUEN. IV.<\/strong> <em>Complications de l\u2019IRC et prise en charge<\/em>. Chapitre 15 Item 264<\/li><\/ol>\t\t\t\t\t\t\t\t<\/div>\n\t\t\t\t<\/div>\n\t\t\t\t\t<\/div>\n\t\t\t\t<\/div>\n\t\t\t\t<\/div>","protected":false},"excerpt":{"rendered":"<p>R\u00e9f\u00e9rences bibliographiques Fessi, H., Szelag, J.-C., Courivaud, C., Nicoud, P., Aguilera, D., Gilbert, O., Morena, M., Thomas, M., Canaud, B., Cristol, J.-P. Safety and Efficacy of Short Daily Hemodialysis with Physidia S\u00b3 System: Clinical Performance Assessment during the Training Period. Clin. Med. 2022, 11, 2123. Cherukuri, S., Bajo, M., Colussi, G., et al. Home hemodialysis treatment and outcomes: retrospective analysis of the Knowledge to Improve Home Dialysis Network in Europe (KIHDNEy) cohort. BMC Nephrol 2018, 19, 262. Fessi, H., Nicoud, P., Serrato, T., Gilbert, O., Courivaud, C., Daoud, S., Morena, M., Thomas, M., Canaud, B., Cristol, J.-P. Two Years\u2019 Experience of Intensive Home Hemodialysis with the Physidia S\u00b3 System: Results from the RECAP Study. Clin. Med. 2023, 12, 1357. Gonz\u00e1lez Moya, M., Molina, P., Vizca\u00edno, B., et al. Elimination of Middle and Large Uraemic Toxins in Short Daily Home Haemodialysis with Low Dialysate Volume: A Randomized Crossover Clinical Trial. Nephrology [&hellip;]<\/p>\n","protected":false},"author":1,"featured_media":0,"parent":0,"menu_order":0,"comment_status":"closed","ping_status":"closed","template":"","meta":{"_acf_changed":false,"footnotes":""},"class_list":["post-983","page","type-page","status-publish","hentry"],"acf":[],"yoast_head":"<!-- This site is optimized with the Yoast SEO Premium plugin v26.7 (Yoast SEO v27.3) - https:\/\/yoast.com\/product\/yoast-seo-premium-wordpress\/ -->\n<title>R\u00e9f\u00e9rences bibliographiques - SANDBOX-TEST-DB<\/title>\n<meta name=\"robots\" content=\"index, follow, max-snippet:-1, max-image-preview:large, max-video-preview:-1\" \/>\n<link rel=\"canonical\" href=\"https:\/\/physidia-sandbox-gnfngfcwfuenfwbd.francecentral-01.azurewebsites.net\/de\/literaturhinweise\/\" \/>\n<meta property=\"og:locale\" content=\"de_DE\" \/>\n<meta property=\"og:type\" content=\"article\" \/>\n<meta property=\"og:title\" content=\"R\u00e9f\u00e9rences bibliographiques\" \/>\n<meta property=\"og:description\" content=\"R\u00e9f\u00e9rences bibliographiques Fessi, H., Szelag, J.-C., Courivaud, C., Nicoud, P., Aguilera, D., Gilbert, O., Morena, M., Thomas, M., Canaud, B., Cristol, J.-P. Safety and Efficacy of Short Daily Hemodialysis with Physidia S\u00b3 System: Clinical Performance Assessment during the Training Period. Clin. Med. 2022, 11, 2123. Cherukuri, S., Bajo, M., Colussi, G., et al. Home hemodialysis treatment and outcomes: retrospective analysis of the Knowledge to Improve Home Dialysis Network in Europe (KIHDNEy) cohort. BMC Nephrol 2018, 19, 262. Fessi, H., Nicoud, P., Serrato, T., Gilbert, O., Courivaud, C., Daoud, S., Morena, M., Thomas, M., Canaud, B., Cristol, J.-P. Two Years\u2019 Experience of Intensive Home Hemodialysis with the Physidia S\u00b3 System: Results from the RECAP Study. Clin. Med. 2023, 12, 1357. Gonz\u00e1lez Moya, M., Molina, P., Vizca\u00edno, B., et al. Elimination of Middle and Large Uraemic Toxins in Short Daily Home Haemodialysis with Low Dialysate Volume: A Randomized Crossover Clinical Trial. Nephrology [&hellip;]\" \/>\n<meta property=\"og:url\" content=\"https:\/\/physidia-sandbox-gnfngfcwfuenfwbd.francecentral-01.azurewebsites.net\/de\/literaturhinweise\/\" \/>\n<meta property=\"og:site_name\" content=\"SANDBOX-TEST-DB\" \/>\n<meta property=\"article:publisher\" content=\"https:\/\/www.facebook.com\/Physidia\" \/>\n<meta property=\"article:modified_time\" content=\"2025-07-14T13:27:22+00:00\" \/>\n<meta property=\"og:image\" content=\"https:\/\/physidia-sandbox-gnfngfcwfuenfwbd.francecentral-01.azurewebsites.net\/wp-content\/uploads\/2024\/12\/logo-physidia.webp\" \/>\n\t<meta property=\"og:image:width\" content=\"281\" \/>\n\t<meta property=\"og:image:height\" content=\"283\" \/>\n\t<meta property=\"og:image:type\" content=\"image\/webp\" \/>\n<meta name=\"twitter:card\" content=\"summary_large_image\" \/>\n<meta name=\"twitter:label1\" content=\"Gesch\u00e4tzte Lesezeit\" \/>\n\t<meta name=\"twitter:data1\" content=\"5\u00a0Minuten\" \/>\n<script type=\"application\/ld+json\" class=\"yoast-schema-graph\">{\"@context\":\"https:\\\/\\\/schema.org\",\"@graph\":[{\"@type\":\"WebPage\",\"@id\":\"https:\\\/\\\/physidia-sandbox-gnfngfcwfuenfwbd.francecentral-01.azurewebsites.net\\\/references-bibliographiques\\\/\",\"url\":\"https:\\\/\\\/physidia-sandbox-gnfngfcwfuenfwbd.francecentral-01.azurewebsites.net\\\/references-bibliographiques\\\/\",\"name\":\"R\u00e9f\u00e9rences bibliographiques - SANDBOX-TEST-DB\",\"isPartOf\":{\"@id\":\"https:\\\/\\\/physidia-sandbox-gnfngfcwfuenfwbd.francecentral-01.azurewebsites.net\\\/#website\"},\"datePublished\":\"2025-02-13T10:35:48+00:00\",\"dateModified\":\"2025-07-14T13:27:22+00:00\",\"breadcrumb\":{\"@id\":\"https:\\\/\\\/physidia-sandbox-gnfngfcwfuenfwbd.francecentral-01.azurewebsites.net\\\/references-bibliographiques\\\/#breadcrumb\"},\"inLanguage\":\"de\",\"potentialAction\":[{\"@type\":\"ReadAction\",\"target\":[\"https:\\\/\\\/physidia-sandbox-gnfngfcwfuenfwbd.francecentral-01.azurewebsites.net\\\/references-bibliographiques\\\/\"]}]},{\"@type\":\"BreadcrumbList\",\"@id\":\"https:\\\/\\\/physidia-sandbox-gnfngfcwfuenfwbd.francecentral-01.azurewebsites.net\\\/references-bibliographiques\\\/#breadcrumb\",\"itemListElement\":[{\"@type\":\"ListItem\",\"position\":1,\"name\":\"Accueil\",\"item\":\"https:\\\/\\\/physidia-sandbox-gnfngfcwfuenfwbd.francecentral-01.azurewebsites.net\\\/\"},{\"@type\":\"ListItem\",\"position\":2,\"name\":\"R\u00e9f\u00e9rences bibliographiques\"}]},{\"@type\":\"WebSite\",\"@id\":\"https:\\\/\\\/physidia-sandbox-gnfngfcwfuenfwbd.francecentral-01.azurewebsites.net\\\/#website\",\"url\":\"https:\\\/\\\/physidia-sandbox-gnfngfcwfuenfwbd.francecentral-01.azurewebsites.net\\\/\",\"name\":\"Physidia | H\u00e9modialyse \u00e0 Domicile\",\"description\":\"\",\"publisher\":{\"@id\":\"https:\\\/\\\/physidia-sandbox-gnfngfcwfuenfwbd.francecentral-01.azurewebsites.net\\\/#organization\"},\"alternateName\":\"Physidia | HDDQ\",\"potentialAction\":[{\"@type\":\"SearchAction\",\"target\":{\"@type\":\"EntryPoint\",\"urlTemplate\":\"https:\\\/\\\/physidia-sandbox-gnfngfcwfuenfwbd.francecentral-01.azurewebsites.net\\\/?s={search_term_string}\"},\"query-input\":{\"@type\":\"PropertyValueSpecification\",\"valueRequired\":true,\"valueName\":\"search_term_string\"}}],\"inLanguage\":\"de\"},{\"@type\":\"Organization\",\"@id\":\"https:\\\/\\\/physidia-sandbox-gnfngfcwfuenfwbd.francecentral-01.azurewebsites.net\\\/#organization\",\"name\":\"Physidia\",\"url\":\"https:\\\/\\\/physidia-sandbox-gnfngfcwfuenfwbd.francecentral-01.azurewebsites.net\\\/\",\"logo\":{\"@type\":\"ImageObject\",\"inLanguage\":\"de\",\"@id\":\"https:\\\/\\\/physidia-sandbox-gnfngfcwfuenfwbd.francecentral-01.azurewebsites.net\\\/#\\\/schema\\\/logo\\\/image\\\/\",\"url\":\"https:\\\/\\\/physidia-sandbox-gnfngfcwfuenfwbd.francecentral-01.azurewebsites.net\\\/wp-content\\\/uploads\\\/2024\\\/12\\\/logo-physidia.webp\",\"contentUrl\":\"https:\\\/\\\/physidia-sandbox-gnfngfcwfuenfwbd.francecentral-01.azurewebsites.net\\\/wp-content\\\/uploads\\\/2024\\\/12\\\/logo-physidia.webp\",\"width\":281,\"height\":283,\"caption\":\"Physidia\"},\"image\":{\"@id\":\"https:\\\/\\\/physidia-sandbox-gnfngfcwfuenfwbd.francecentral-01.azurewebsites.net\\\/#\\\/schema\\\/logo\\\/image\\\/\"},\"sameAs\":[\"https:\\\/\\\/www.facebook.com\\\/Physidia\",\"https:\\\/\\\/www.linkedin.com\\\/company\\\/physidia\\\/\"],\"description\":\"Entreprise fran\u00e7aise pionni\u00e8re de la dialyse fr\u00e9quente et flexible \u00e0 domicile, Physidia con\u00e7oit et fabrique en France des solutions innovantes pour offrir aux patients dialys\u00e9s plus de libert\u00e9, de s\u00e9r\u00e9nit\u00e9 et une meilleure qualit\u00e9 de vie.\",\"email\":\"contact@physidia.fr\",\"legalName\":\"Physidia S.A.S.\",\"foundingDate\":\"2010-11-01\",\"taxID\":\"528 454 028 00028\",\"numberOfEmployees\":{\"@type\":\"QuantitativeValue\",\"minValue\":\"51\",\"maxValue\":\"200\"},\"publishingPrinciples\":\"https:\\\/\\\/physidia-sandbox-gnfngfcwfuenfwbd.francecentral-01.azurewebsites.net\\\/mentions-legales\\\/\",\"actionableFeedbackPolicy\":\"https:\\\/\\\/physidia-sandbox-gnfngfcwfuenfwbd.francecentral-01.azurewebsites.net\\\/politique-de-confidentialite\\\/\"}]}<\/script>\n<!-- \/ Yoast SEO Premium plugin. -->","yoast_head_json":{"title":"R\u00e9f\u00e9rences bibliographiques - SANDBOX-TEST-DB","robots":{"index":"index","follow":"follow","max-snippet":"max-snippet:-1","max-image-preview":"max-image-preview:large","max-video-preview":"max-video-preview:-1"},"canonical":"https:\/\/physidia-sandbox-gnfngfcwfuenfwbd.francecentral-01.azurewebsites.net\/de\/literaturhinweise\/","og_locale":"de_DE","og_type":"article","og_title":"R\u00e9f\u00e9rences bibliographiques","og_description":"R\u00e9f\u00e9rences bibliographiques Fessi, H., Szelag, J.-C., Courivaud, C., Nicoud, P., Aguilera, D., Gilbert, O., Morena, M., Thomas, M., Canaud, B., Cristol, J.-P. Safety and Efficacy of Short Daily Hemodialysis with Physidia S\u00b3 System: Clinical Performance Assessment during the Training Period. Clin. Med. 2022, 11, 2123. Cherukuri, S., Bajo, M., Colussi, G., et al. Home hemodialysis treatment and outcomes: retrospective analysis of the Knowledge to Improve Home Dialysis Network in Europe (KIHDNEy) cohort. BMC Nephrol 2018, 19, 262. Fessi, H., Nicoud, P., Serrato, T., Gilbert, O., Courivaud, C., Daoud, S., Morena, M., Thomas, M., Canaud, B., Cristol, J.-P. Two Years\u2019 Experience of Intensive Home Hemodialysis with the Physidia S\u00b3 System: Results from the RECAP Study. Clin. Med. 2023, 12, 1357. Gonz\u00e1lez Moya, M., Molina, P., Vizca\u00edno, B., et al. Elimination of Middle and Large Uraemic Toxins in Short Daily Home Haemodialysis with Low Dialysate Volume: A Randomized Crossover Clinical Trial. Nephrology [&hellip;]","og_url":"https:\/\/physidia-sandbox-gnfngfcwfuenfwbd.francecentral-01.azurewebsites.net\/de\/literaturhinweise\/","og_site_name":"SANDBOX-TEST-DB","article_publisher":"https:\/\/www.facebook.com\/Physidia","article_modified_time":"2025-07-14T13:27:22+00:00","og_image":[{"width":281,"height":283,"url":"https:\/\/physidia-sandbox-gnfngfcwfuenfwbd.francecentral-01.azurewebsites.net\/wp-content\/uploads\/2024\/12\/logo-physidia.webp","type":"image\/webp"}],"twitter_card":"summary_large_image","twitter_misc":{"Gesch\u00e4tzte Lesezeit":"5\u00a0Minuten"},"schema":{"@context":"https:\/\/schema.org","@graph":[{"@type":"WebPage","@id":"https:\/\/physidia-sandbox-gnfngfcwfuenfwbd.francecentral-01.azurewebsites.net\/references-bibliographiques\/","url":"https:\/\/physidia-sandbox-gnfngfcwfuenfwbd.francecentral-01.azurewebsites.net\/references-bibliographiques\/","name":"R\u00e9f\u00e9rences bibliographiques - SANDBOX-TEST-DB","isPartOf":{"@id":"https:\/\/physidia-sandbox-gnfngfcwfuenfwbd.francecentral-01.azurewebsites.net\/#website"},"datePublished":"2025-02-13T10:35:48+00:00","dateModified":"2025-07-14T13:27:22+00:00","breadcrumb":{"@id":"https:\/\/physidia-sandbox-gnfngfcwfuenfwbd.francecentral-01.azurewebsites.net\/references-bibliographiques\/#breadcrumb"},"inLanguage":"de","potentialAction":[{"@type":"ReadAction","target":["https:\/\/physidia-sandbox-gnfngfcwfuenfwbd.francecentral-01.azurewebsites.net\/references-bibliographiques\/"]}]},{"@type":"BreadcrumbList","@id":"https:\/\/physidia-sandbox-gnfngfcwfuenfwbd.francecentral-01.azurewebsites.net\/references-bibliographiques\/#breadcrumb","itemListElement":[{"@type":"ListItem","position":1,"name":"Accueil","item":"https:\/\/physidia-sandbox-gnfngfcwfuenfwbd.francecentral-01.azurewebsites.net\/"},{"@type":"ListItem","position":2,"name":"R\u00e9f\u00e9rences bibliographiques"}]},{"@type":"WebSite","@id":"https:\/\/physidia-sandbox-gnfngfcwfuenfwbd.francecentral-01.azurewebsites.net\/#website","url":"https:\/\/physidia-sandbox-gnfngfcwfuenfwbd.francecentral-01.azurewebsites.net\/","name":"Physidia | H\u00e9modialyse \u00e0 Domicile","description":"","publisher":{"@id":"https:\/\/physidia-sandbox-gnfngfcwfuenfwbd.francecentral-01.azurewebsites.net\/#organization"},"alternateName":"Physidia | HDDQ","potentialAction":[{"@type":"SearchAction","target":{"@type":"EntryPoint","urlTemplate":"https:\/\/physidia-sandbox-gnfngfcwfuenfwbd.francecentral-01.azurewebsites.net\/?s={search_term_string}"},"query-input":{"@type":"PropertyValueSpecification","valueRequired":true,"valueName":"search_term_string"}}],"inLanguage":"de"},{"@type":"Organization","@id":"https:\/\/physidia-sandbox-gnfngfcwfuenfwbd.francecentral-01.azurewebsites.net\/#organization","name":"Physidia","url":"https:\/\/physidia-sandbox-gnfngfcwfuenfwbd.francecentral-01.azurewebsites.net\/","logo":{"@type":"ImageObject","inLanguage":"de","@id":"https:\/\/physidia-sandbox-gnfngfcwfuenfwbd.francecentral-01.azurewebsites.net\/#\/schema\/logo\/image\/","url":"https:\/\/physidia-sandbox-gnfngfcwfuenfwbd.francecentral-01.azurewebsites.net\/wp-content\/uploads\/2024\/12\/logo-physidia.webp","contentUrl":"https:\/\/physidia-sandbox-gnfngfcwfuenfwbd.francecentral-01.azurewebsites.net\/wp-content\/uploads\/2024\/12\/logo-physidia.webp","width":281,"height":283,"caption":"Physidia"},"image":{"@id":"https:\/\/physidia-sandbox-gnfngfcwfuenfwbd.francecentral-01.azurewebsites.net\/#\/schema\/logo\/image\/"},"sameAs":["https:\/\/www.facebook.com\/Physidia","https:\/\/www.linkedin.com\/company\/physidia\/"],"description":"Entreprise fran\u00e7aise pionni\u00e8re de la dialyse fr\u00e9quente et flexible \u00e0 domicile, Physidia con\u00e7oit et fabrique en France des solutions innovantes pour offrir aux patients dialys\u00e9s plus de libert\u00e9, de s\u00e9r\u00e9nit\u00e9 et une meilleure qualit\u00e9 de vie.","email":"contact@physidia.fr","legalName":"Physidia S.A.S.","foundingDate":"2010-11-01","taxID":"528 454 028 00028","numberOfEmployees":{"@type":"QuantitativeValue","minValue":"51","maxValue":"200"},"publishingPrinciples":"https:\/\/physidia-sandbox-gnfngfcwfuenfwbd.francecentral-01.azurewebsites.net\/mentions-legales\/","actionableFeedbackPolicy":"https:\/\/physidia-sandbox-gnfngfcwfuenfwbd.francecentral-01.azurewebsites.net\/politique-de-confidentialite\/"}]}},"_links":{"self":[{"href":"https:\/\/physidia-sandbox-gnfngfcwfuenfwbd.francecentral-01.azurewebsites.net\/de\/wp-json\/wp\/v2\/pages\/983","targetHints":{"allow":["GET"]}}],"collection":[{"href":"https:\/\/physidia-sandbox-gnfngfcwfuenfwbd.francecentral-01.azurewebsites.net\/de\/wp-json\/wp\/v2\/pages"}],"about":[{"href":"https:\/\/physidia-sandbox-gnfngfcwfuenfwbd.francecentral-01.azurewebsites.net\/de\/wp-json\/wp\/v2\/types\/page"}],"author":[{"embeddable":true,"href":"https:\/\/physidia-sandbox-gnfngfcwfuenfwbd.francecentral-01.azurewebsites.net\/de\/wp-json\/wp\/v2\/users\/1"}],"replies":[{"embeddable":true,"href":"https:\/\/physidia-sandbox-gnfngfcwfuenfwbd.francecentral-01.azurewebsites.net\/de\/wp-json\/wp\/v2\/comments?post=983"}],"version-history":[{"count":34,"href":"https:\/\/physidia-sandbox-gnfngfcwfuenfwbd.francecentral-01.azurewebsites.net\/de\/wp-json\/wp\/v2\/pages\/983\/revisions"}],"predecessor-version":[{"id":6316,"href":"https:\/\/physidia-sandbox-gnfngfcwfuenfwbd.francecentral-01.azurewebsites.net\/de\/wp-json\/wp\/v2\/pages\/983\/revisions\/6316"}],"wp:attachment":[{"href":"https:\/\/physidia-sandbox-gnfngfcwfuenfwbd.francecentral-01.azurewebsites.net\/de\/wp-json\/wp\/v2\/media?parent=983"}],"curies":[{"name":"wp","href":"https:\/\/api.w.org\/{rel}","templated":true}]}}