{"id":94,"date":"2024-12-18T16:45:24","date_gmt":"2024-12-18T15:45:24","guid":{"rendered":"https:\/\/physidia-sandbox-gnfngfcwfuenfwbd.francecentral-01.azurewebsites.net\/?page_id=94"},"modified":"2025-07-14T15:30:21","modified_gmt":"2025-07-14T13:30:21","slug":"politique-sur-les-cookies","status":"publish","type":"page","link":"https:\/\/physidia-sandbox-gnfngfcwfuenfwbd.francecentral-01.azurewebsites.net\/en\/cookie-policy\/","title":{"rendered":"Cookie Policy"},"content":{"rendered":"<div data-elementor-type=\"wp-page\" data-elementor-id=\"94\" class=\"elementor elementor-94\" data-elementor-post-type=\"page\">\n\t\t\t\t<div class=\"elementor-element elementor-element-e70683e e-flex e-con-boxed e-con e-parent\" data-id=\"e70683e\" data-element_type=\"container\" data-e-type=\"container\" data-settings=\"{&quot;background_background&quot;:&quot;classic&quot;}\">\n\t\t\t\t\t<div class=\"e-con-inner\">\n\t\t\t\t<div class=\"elementor-element elementor-element-10e926f elementor-widget elementor-widget-shortcode\" data-id=\"10e926f\" data-element_type=\"widget\" data-e-type=\"widget\" data-widget_type=\"shortcode.default\">\n\t\t\t\t<div class=\"elementor-widget-container\">\n\t\t\t\t\t\t\t<div class=\"elementor-shortcode\"><span><span><a href=\"https:\/\/physidia-sandbox-gnfngfcwfuenfwbd.francecentral-01.azurewebsites.net\/en\/\"><img decoding=\"async\" alt=\"Home\" src=\"https:\/\/physidia-sandbox-gnfngfcwfuenfwbd.francecentral-01.azurewebsites.net\/wp-content\/themes\/hello-theme-child-master\/img\/home.svg\" class=\"home-breadcrumb\" \/> Home<\/a><\/span><\/span><\/div>\n\t\t\t\t\t\t<\/div>\n\t\t\t\t<\/div>\n\t\t\t\t\t<\/div>\n\t\t\t\t<\/div>\n\t\t<div class=\"elementor-element elementor-element-bc4398a e-flex e-con-boxed e-con e-parent\" data-id=\"bc4398a\" data-element_type=\"container\" data-e-type=\"container\" data-settings=\"{&quot;background_background&quot;:&quot;classic&quot;}\">\n\t\t\t\t\t<div class=\"e-con-inner\">\n\t\t\t\t<div class=\"elementor-element elementor-element-3b7852f elementor-widget elementor-widget-text-editor\" data-id=\"3b7852f\" data-element_type=\"widget\" data-e-type=\"widget\" data-widget_type=\"text-editor.default\">\n\t\t\t\t<div class=\"elementor-widget-container\">\n\t\t\t\t\t\t\t\t\t<h1 style=\"text-align: center;\" class=\"translation-block\"><span style=\"color: #004c7c;\">Politique relative aux<\/span><br><span style=\"color: #004c7c;\"><strong>cookies de Physidia<\/strong><\/span><\/h1><p>Last updated: March 2025<\/p><h3>Introduction<\/h3><p>At Physidia, we take the protection of your privacy very seriously and are committed to complying with all applicable data protection regulations. This Cookie Policy explains how and why we use cookies on our website.<\/p><h3>2. What is a cookie?<\/h3><p>A cookie is a small text file stored on your device (computer, tablet, smartphone) when you visit a website. It allows the website to recognize your device and enhance your user experience by storing certain information, such as your browsing preferences.<\/p><h3>3. Why do we use cookies?<\/h3><p>We use cookies for several reasons:<\/p><ul><li class=\"translation-block\"><strong>Ensure the proper functioning of the website<\/strong>: some cookies are essential to guarantee the website\u2019s security and performance.<\/li><li class=\"translation-block\"><strong>Enhance user experience<\/strong>: by remembering your preferences and choices, we make your navigation easier.<\/li><li class=\"translation-block\"><strong>Analyze website traffic<\/strong>: we use analytics cookies to understand how our website is used and to improve it accordingly.<\/li><li class=\"translation-block\"><strong>Provide personalized content and advertising<\/strong>: subject to your consent, we may use cookies to offer content and advertisements tailored to your interests.<\/li><\/ul><h3>4. Quels types de cookies utilisons-nous ?<\/h3><ul><li><strong>Cookies strictement n\u00e9cessaires<\/strong> : indispensables au bon fonctionnement du site, ils ne peuvent pas \u00eatre d\u00e9sactiv\u00e9s.<\/li><li><strong>Cookies de performance et d\u2019analyse<\/strong> : permettent de mesurer l\u2019audience et d\u2019am\u00e9liorer le site.<\/li><li><strong>Cookies fonctionnels<\/strong> : m\u00e9morisent vos pr\u00e9f\u00e9rences pour une navigation plus fluide.<\/li><li><strong>Cookies de ciblage et publicitaires<\/strong> : utilis\u00e9s pour proposer des contenus adapt\u00e9s \u00e0 vos centres d\u2019int\u00e9r\u00eat.<\/li><\/ul><h3>5. How long are cookies stored?<\/h3><p>From the moment of your first visit to the website and upon collection of your consent, cookies will be stored for the following durations:<\/p><ul><li class=\"translation-block\"><strong>Strictly necessary cookies<\/strong>: Stored for 13 months<\/li><li class=\"translation-block\"><strong>Performance and analytics cookies<\/strong>: Stored for 13 months<\/li><li class=\"translation-block\"><strong>Functional cookies<\/strong>: Stored for 13 months<\/li><li class=\"translation-block\"><strong>Targeting and advertising cookies<\/strong>: Stored for 6 months, after which consent is renewed.<\/li><\/ul><h3>6. Managing cookies<\/h3><p>When you first visit our website, a banner informs you about the use of cookies and allows you to accept or refuse certain types of cookies, excluding those that are strictly necessary for the website to function.  \nYou may modify your preferences at any time via your browser settings or through our cookie management tool, available at: dpo@physidia.fr.<\/p><h3>7. Your rights<\/h3><p class=\"translation-block\">In accordance with applicable regulations, you have rights regarding your personal data, including the right to access, rectify, delete, and object to the processing of data collected through cookies. For any request, you may contact us at <strong>dpo@physidia.fr.<\/strong><\/p><h3>8. Changes to this policy<\/h3><p>We reserve the right to modify this Cookie Policy to reflect technological developments, legal changes, or our internal practices. Any updates will be published on this page, along with the corresponding update date.<\/p><h3>9. Contact<\/h3><p class=\"translation-block\">For any questions regarding our Cookie Policy, you may contact us at:<br>\nPhysidia \u2013 11\u201313 Boulevard des Bretonni\u00e8res, 49124 Saint-Barth\u00e9lemy-d\u2019Anjou, France<br>\nEmail: <a href=\"mailto:contact@physidia.fr\">contact @physidia.fr<\/a><\/p>\t\t\t\t\t\t\t\t<\/div>\n\t\t\t\t<\/div>\n\t\t\t\t\t<\/div>\n\t\t\t\t<\/div>\n\t\t\t\t<\/div>","protected":false},"excerpt":{"rendered":"<p>Politique relative auxcookies de Physidia Derni\u00e8re mise \u00e0 jour : mars 2025 1. Introduction Chez Physidia, nous accordons une grande importance \u00e0 la protection de votre vie priv\u00e9e et nous nous engageons \u00e0 respecter la r\u00e9glementation en vigueur en mati\u00e8re de protection des donn\u00e9es personnelles. Cette politique relative aux cookies explique comment et pourquoi nous utilisons des cookies sur notre site web. 2. Qu&rsquo;est-ce qu&rsquo;un cookie ? Un cookie est un petit fichier texte stock\u00e9 sur votre appareil (ordinateur, tablette, smartphone) lorsque vous visitez un site web. Il permet \u00e0 un site de reconna\u00eetre votre appareil et d\u2019am\u00e9liorer votre exp\u00e9rience utilisateur en enregistrant certaines informations, comme vos pr\u00e9f\u00e9rences de navigation. 3. Pourquoi utilisons-nous des cookies ? Nous utilisons des cookies pour plusieurs raisons : Assurer le bon fonctionnement du site : certains cookies sont essentiels pour garantir la s\u00e9curit\u00e9 et la performance du site web. Am\u00e9liorer l\u2019exp\u00e9rience utilisateur : en [&hellip;]<\/p>\n","protected":false},"author":1,"featured_media":0,"parent":0,"menu_order":0,"comment_status":"closed","ping_status":"closed","template":"","meta":{"_acf_changed":false,"footnotes":""},"class_list":["post-94","page","type-page","status-publish","hentry"],"acf":[],"yoast_head":"<!-- This site is optimized with the Yoast SEO Premium plugin v26.7 (Yoast SEO v27.3) - https:\/\/yoast.com\/product\/yoast-seo-premium-wordpress\/ -->\n<title>Politique sur les Cookies - Physidia - H\u00e9modialyse \u00e0 Domicile<\/title>\n<meta name=\"description\" content=\"Informations sur l\u2019utilisation des cookies sur le site Physidia et gestion de vos pr\u00e9f\u00e9rences de navigation.\" \/>\n<meta name=\"robots\" content=\"index, follow, max-snippet:-1, max-image-preview:large, max-video-preview:-1\" \/>\n<link rel=\"canonical\" href=\"https:\/\/physidia-sandbox-gnfngfcwfuenfwbd.francecentral-01.azurewebsites.net\/en\/politica-relativa-a-las-cookies-de-physidia\/\" \/>\n<meta property=\"og:locale\" content=\"en_GB\" \/>\n<meta property=\"og:type\" content=\"article\" \/>\n<meta property=\"og:title\" content=\"Politique sur les cookies\" \/>\n<meta property=\"og:description\" content=\"Informations sur l\u2019utilisation des cookies sur le site Physidia et gestion de vos pr\u00e9f\u00e9rences de navigation.\" \/>\n<meta property=\"og:url\" content=\"https:\/\/physidia-sandbox-gnfngfcwfuenfwbd.francecentral-01.azurewebsites.net\/en\/politica-relativa-a-las-cookies-de-physidia\/\" \/>\n<meta property=\"og:site_name\" content=\"SANDBOX-TEST-DB\" \/>\n<meta property=\"article:publisher\" content=\"https:\/\/www.facebook.com\/Physidia\" \/>\n<meta property=\"article:modified_time\" content=\"2025-07-14T13:30:21+00:00\" \/>\n<meta property=\"og:image\" content=\"https:\/\/physidia-sandbox-gnfngfcwfuenfwbd.francecentral-01.azurewebsites.net\/wp-content\/uploads\/2024\/12\/logo-physidia.webp\" \/>\n\t<meta property=\"og:image:width\" content=\"281\" \/>\n\t<meta property=\"og:image:height\" content=\"283\" \/>\n\t<meta property=\"og:image:type\" content=\"image\/webp\" \/>\n<meta name=\"twitter:card\" content=\"summary_large_image\" \/>\n<meta name=\"twitter:label1\" content=\"Estimated reading time\" \/>\n\t<meta name=\"twitter:data1\" content=\"3 minutes\" \/>\n<script type=\"application\/ld+json\" class=\"yoast-schema-graph\">{\"@context\":\"https:\\\/\\\/schema.org\",\"@graph\":[{\"@type\":\"WebPage\",\"@id\":\"https:\\\/\\\/physidia-sandbox-gnfngfcwfuenfwbd.francecentral-01.azurewebsites.net\\\/es\\\/politica-relativa-a-las-cookies-de-physidia\\\/\",\"url\":\"https:\\\/\\\/physidia-sandbox-gnfngfcwfuenfwbd.francecentral-01.azurewebsites.net\\\/es\\\/politica-relativa-a-las-cookies-de-physidia\\\/\",\"name\":\"Politique sur les Cookies - Physidia - H\u00e9modialyse \u00e0 Domicile\",\"isPartOf\":{\"@id\":\"https:\\\/\\\/physidia-sandbox-gnfngfcwfuenfwbd.francecentral-01.azurewebsites.net\\\/#website\"},\"datePublished\":\"2024-12-18T15:45:24+00:00\",\"dateModified\":\"2025-07-14T13:30:21+00:00\",\"description\":\"Informations sur l\u2019utilisation des cookies sur le site Physidia et gestion de vos pr\u00e9f\u00e9rences de navigation.\",\"breadcrumb\":{\"@id\":\"https:\\\/\\\/physidia-sandbox-gnfngfcwfuenfwbd.francecentral-01.azurewebsites.net\\\/es\\\/politica-relativa-a-las-cookies-de-physidia\\\/#breadcrumb\"},\"inLanguage\":\"en-GB\",\"potentialAction\":[{\"@type\":\"ReadAction\",\"target\":[\"https:\\\/\\\/physidia-sandbox-gnfngfcwfuenfwbd.francecentral-01.azurewebsites.net\\\/es\\\/politica-relativa-a-las-cookies-de-physidia\\\/\"]}]},{\"@type\":\"BreadcrumbList\",\"@id\":\"https:\\\/\\\/physidia-sandbox-gnfngfcwfuenfwbd.francecentral-01.azurewebsites.net\\\/es\\\/politica-relativa-a-las-cookies-de-physidia\\\/#breadcrumb\",\"itemListElement\":[{\"@type\":\"ListItem\",\"position\":1,\"name\":\"Accueil\",\"item\":\"https:\\\/\\\/physidia-sandbox-gnfngfcwfuenfwbd.francecentral-01.azurewebsites.net\\\/\"},{\"@type\":\"ListItem\",\"position\":2,\"name\":\"Politique sur les cookies\"}]},{\"@type\":\"WebSite\",\"@id\":\"https:\\\/\\\/physidia-sandbox-gnfngfcwfuenfwbd.francecentral-01.azurewebsites.net\\\/#website\",\"url\":\"https:\\\/\\\/physidia-sandbox-gnfngfcwfuenfwbd.francecentral-01.azurewebsites.net\\\/\",\"name\":\"Physidia | H\u00e9modialyse \u00e0 Domicile\",\"description\":\"\",\"publisher\":{\"@id\":\"https:\\\/\\\/physidia-sandbox-gnfngfcwfuenfwbd.francecentral-01.azurewebsites.net\\\/#organization\"},\"alternateName\":\"Physidia | HDDQ\",\"potentialAction\":[{\"@type\":\"SearchAction\",\"target\":{\"@type\":\"EntryPoint\",\"urlTemplate\":\"https:\\\/\\\/physidia-sandbox-gnfngfcwfuenfwbd.francecentral-01.azurewebsites.net\\\/?s={search_term_string}\"},\"query-input\":{\"@type\":\"PropertyValueSpecification\",\"valueRequired\":true,\"valueName\":\"search_term_string\"}}],\"inLanguage\":\"en-GB\"},{\"@type\":\"Organization\",\"@id\":\"https:\\\/\\\/physidia-sandbox-gnfngfcwfuenfwbd.francecentral-01.azurewebsites.net\\\/#organization\",\"name\":\"Physidia\",\"url\":\"https:\\\/\\\/physidia-sandbox-gnfngfcwfuenfwbd.francecentral-01.azurewebsites.net\\\/\",\"logo\":{\"@type\":\"ImageObject\",\"inLanguage\":\"en-GB\",\"@id\":\"https:\\\/\\\/physidia-sandbox-gnfngfcwfuenfwbd.francecentral-01.azurewebsites.net\\\/#\\\/schema\\\/logo\\\/image\\\/\",\"url\":\"https:\\\/\\\/physidia-sandbox-gnfngfcwfuenfwbd.francecentral-01.azurewebsites.net\\\/wp-content\\\/uploads\\\/2024\\\/12\\\/logo-physidia.webp\",\"contentUrl\":\"https:\\\/\\\/physidia-sandbox-gnfngfcwfuenfwbd.francecentral-01.azurewebsites.net\\\/wp-content\\\/uploads\\\/2024\\\/12\\\/logo-physidia.webp\",\"width\":281,\"height\":283,\"caption\":\"Physidia\"},\"image\":{\"@id\":\"https:\\\/\\\/physidia-sandbox-gnfngfcwfuenfwbd.francecentral-01.azurewebsites.net\\\/#\\\/schema\\\/logo\\\/image\\\/\"},\"sameAs\":[\"https:\\\/\\\/www.facebook.com\\\/Physidia\",\"https:\\\/\\\/www.linkedin.com\\\/company\\\/physidia\\\/\"],\"description\":\"Entreprise fran\u00e7aise pionni\u00e8re de la dialyse fr\u00e9quente et flexible \u00e0 domicile, Physidia con\u00e7oit et fabrique en France des solutions innovantes pour offrir aux patients dialys\u00e9s plus de libert\u00e9, de s\u00e9r\u00e9nit\u00e9 et une meilleure qualit\u00e9 de vie.\",\"email\":\"contact@physidia.fr\",\"legalName\":\"Physidia S.A.S.\",\"foundingDate\":\"2010-11-01\",\"taxID\":\"528 454 028 00028\",\"numberOfEmployees\":{\"@type\":\"QuantitativeValue\",\"minValue\":\"51\",\"maxValue\":\"200\"},\"publishingPrinciples\":\"https:\\\/\\\/physidia-sandbox-gnfngfcwfuenfwbd.francecentral-01.azurewebsites.net\\\/mentions-legales\\\/\",\"actionableFeedbackPolicy\":\"https:\\\/\\\/physidia-sandbox-gnfngfcwfuenfwbd.francecentral-01.azurewebsites.net\\\/politique-de-confidentialite\\\/\"}]}<\/script>\n<!-- \/ Yoast SEO Premium plugin. -->","yoast_head_json":{"title":"Politique sur les Cookies - Physidia - H\u00e9modialyse \u00e0 Domicile","description":"Informations sur l\u2019utilisation des cookies sur le site Physidia et gestion de vos pr\u00e9f\u00e9rences de navigation.","robots":{"index":"index","follow":"follow","max-snippet":"max-snippet:-1","max-image-preview":"max-image-preview:large","max-video-preview":"max-video-preview:-1"},"canonical":"https:\/\/physidia-sandbox-gnfngfcwfuenfwbd.francecentral-01.azurewebsites.net\/en\/politica-relativa-a-las-cookies-de-physidia\/","og_locale":"en_GB","og_type":"article","og_title":"Politique sur les cookies","og_description":"Informations sur l\u2019utilisation des cookies sur le site Physidia et gestion de vos pr\u00e9f\u00e9rences de navigation.","og_url":"https:\/\/physidia-sandbox-gnfngfcwfuenfwbd.francecentral-01.azurewebsites.net\/en\/politica-relativa-a-las-cookies-de-physidia\/","og_site_name":"SANDBOX-TEST-DB","article_publisher":"https:\/\/www.facebook.com\/Physidia","article_modified_time":"2025-07-14T13:30:21+00:00","og_image":[{"width":281,"height":283,"url":"https:\/\/physidia-sandbox-gnfngfcwfuenfwbd.francecentral-01.azurewebsites.net\/wp-content\/uploads\/2024\/12\/logo-physidia.webp","type":"image\/webp"}],"twitter_card":"summary_large_image","twitter_misc":{"Estimated reading time":"3 minutes"},"schema":{"@context":"https:\/\/schema.org","@graph":[{"@type":"WebPage","@id":"https:\/\/physidia-sandbox-gnfngfcwfuenfwbd.francecentral-01.azurewebsites.net\/es\/politica-relativa-a-las-cookies-de-physidia\/","url":"https:\/\/physidia-sandbox-gnfngfcwfuenfwbd.francecentral-01.azurewebsites.net\/es\/politica-relativa-a-las-cookies-de-physidia\/","name":"Politique sur les Cookies - Physidia - H\u00e9modialyse \u00e0 Domicile","isPartOf":{"@id":"https:\/\/physidia-sandbox-gnfngfcwfuenfwbd.francecentral-01.azurewebsites.net\/#website"},"datePublished":"2024-12-18T15:45:24+00:00","dateModified":"2025-07-14T13:30:21+00:00","description":"Informations sur l\u2019utilisation des cookies sur le site Physidia et gestion de vos pr\u00e9f\u00e9rences de navigation.","breadcrumb":{"@id":"https:\/\/physidia-sandbox-gnfngfcwfuenfwbd.francecentral-01.azurewebsites.net\/es\/politica-relativa-a-las-cookies-de-physidia\/#breadcrumb"},"inLanguage":"en-GB","potentialAction":[{"@type":"ReadAction","target":["https:\/\/physidia-sandbox-gnfngfcwfuenfwbd.francecentral-01.azurewebsites.net\/es\/politica-relativa-a-las-cookies-de-physidia\/"]}]},{"@type":"BreadcrumbList","@id":"https:\/\/physidia-sandbox-gnfngfcwfuenfwbd.francecentral-01.azurewebsites.net\/es\/politica-relativa-a-las-cookies-de-physidia\/#breadcrumb","itemListElement":[{"@type":"ListItem","position":1,"name":"Accueil","item":"https:\/\/physidia-sandbox-gnfngfcwfuenfwbd.francecentral-01.azurewebsites.net\/"},{"@type":"ListItem","position":2,"name":"Politique sur les cookies"}]},{"@type":"WebSite","@id":"https:\/\/physidia-sandbox-gnfngfcwfuenfwbd.francecentral-01.azurewebsites.net\/#website","url":"https:\/\/physidia-sandbox-gnfngfcwfuenfwbd.francecentral-01.azurewebsites.net\/","name":"Physidia | H\u00e9modialyse \u00e0 Domicile","description":"","publisher":{"@id":"https:\/\/physidia-sandbox-gnfngfcwfuenfwbd.francecentral-01.azurewebsites.net\/#organization"},"alternateName":"Physidia | HDDQ","potentialAction":[{"@type":"SearchAction","target":{"@type":"EntryPoint","urlTemplate":"https:\/\/physidia-sandbox-gnfngfcwfuenfwbd.francecentral-01.azurewebsites.net\/?s={search_term_string}"},"query-input":{"@type":"PropertyValueSpecification","valueRequired":true,"valueName":"search_term_string"}}],"inLanguage":"en-GB"},{"@type":"Organization","@id":"https:\/\/physidia-sandbox-gnfngfcwfuenfwbd.francecentral-01.azurewebsites.net\/#organization","name":"Physidia","url":"https:\/\/physidia-sandbox-gnfngfcwfuenfwbd.francecentral-01.azurewebsites.net\/","logo":{"@type":"ImageObject","inLanguage":"en-GB","@id":"https:\/\/physidia-sandbox-gnfngfcwfuenfwbd.francecentral-01.azurewebsites.net\/#\/schema\/logo\/image\/","url":"https:\/\/physidia-sandbox-gnfngfcwfuenfwbd.francecentral-01.azurewebsites.net\/wp-content\/uploads\/2024\/12\/logo-physidia.webp","contentUrl":"https:\/\/physidia-sandbox-gnfngfcwfuenfwbd.francecentral-01.azurewebsites.net\/wp-content\/uploads\/2024\/12\/logo-physidia.webp","width":281,"height":283,"caption":"Physidia"},"image":{"@id":"https:\/\/physidia-sandbox-gnfngfcwfuenfwbd.francecentral-01.azurewebsites.net\/#\/schema\/logo\/image\/"},"sameAs":["https:\/\/www.facebook.com\/Physidia","https:\/\/www.linkedin.com\/company\/physidia\/"],"description":"Entreprise fran\u00e7aise pionni\u00e8re de la dialyse fr\u00e9quente et flexible \u00e0 domicile, Physidia con\u00e7oit et fabrique en France des solutions innovantes pour offrir aux patients dialys\u00e9s plus de libert\u00e9, de s\u00e9r\u00e9nit\u00e9 et une meilleure qualit\u00e9 de vie.","email":"contact@physidia.fr","legalName":"Physidia S.A.S.","foundingDate":"2010-11-01","taxID":"528 454 028 00028","numberOfEmployees":{"@type":"QuantitativeValue","minValue":"51","maxValue":"200"},"publishingPrinciples":"https:\/\/physidia-sandbox-gnfngfcwfuenfwbd.francecentral-01.azurewebsites.net\/mentions-legales\/","actionableFeedbackPolicy":"https:\/\/physidia-sandbox-gnfngfcwfuenfwbd.francecentral-01.azurewebsites.net\/politique-de-confidentialite\/"}]}},"_links":{"self":[{"href":"https:\/\/physidia-sandbox-gnfngfcwfuenfwbd.francecentral-01.azurewebsites.net\/en\/wp-json\/wp\/v2\/pages\/94","targetHints":{"allow":["GET"]}}],"collection":[{"href":"https:\/\/physidia-sandbox-gnfngfcwfuenfwbd.francecentral-01.azurewebsites.net\/en\/wp-json\/wp\/v2\/pages"}],"about":[{"href":"https:\/\/physidia-sandbox-gnfngfcwfuenfwbd.francecentral-01.azurewebsites.net\/en\/wp-json\/wp\/v2\/types\/page"}],"author":[{"embeddable":true,"href":"https:\/\/physidia-sandbox-gnfngfcwfuenfwbd.francecentral-01.azurewebsites.net\/en\/wp-json\/wp\/v2\/users\/1"}],"replies":[{"embeddable":true,"href":"https:\/\/physidia-sandbox-gnfngfcwfuenfwbd.francecentral-01.azurewebsites.net\/en\/wp-json\/wp\/v2\/comments?post=94"}],"version-history":[{"count":28,"href":"https:\/\/physidia-sandbox-gnfngfcwfuenfwbd.francecentral-01.azurewebsites.net\/en\/wp-json\/wp\/v2\/pages\/94\/revisions"}],"predecessor-version":[{"id":6322,"href":"https:\/\/physidia-sandbox-gnfngfcwfuenfwbd.francecentral-01.azurewebsites.net\/en\/wp-json\/wp\/v2\/pages\/94\/revisions\/6322"}],"wp:attachment":[{"href":"https:\/\/physidia-sandbox-gnfngfcwfuenfwbd.francecentral-01.azurewebsites.net\/en\/wp-json\/wp\/v2\/media?parent=94"}],"curies":[{"name":"wp","href":"https:\/\/api.w.org\/{rel}","templated":true}]}}