{"id":96,"date":"2024-12-18T16:45:34","date_gmt":"2024-12-18T15:45:34","guid":{"rendered":"https:\/\/physidia-sandbox-gnfngfcwfuenfwbd.francecentral-01.azurewebsites.net\/?page_id=96"},"modified":"2025-03-20T17:15:42","modified_gmt":"2025-03-20T16:15:42","slug":"mentions-legales","status":"publish","type":"page","link":"https:\/\/physidia-sandbox-gnfngfcwfuenfwbd.francecentral-01.azurewebsites.net\/en\/legal-notice\/","title":{"rendered":"Legal Notices"},"content":{"rendered":"<div data-elementor-type=\"wp-page\" data-elementor-id=\"96\" class=\"elementor elementor-96\" data-elementor-post-type=\"page\">\n\t\t\t\t<div class=\"elementor-element elementor-element-4e33974 e-flex e-con-boxed e-con e-parent\" data-id=\"4e33974\" data-element_type=\"container\" data-e-type=\"container\" data-settings=\"{&quot;background_background&quot;:&quot;classic&quot;}\">\n\t\t\t\t\t<div class=\"e-con-inner\">\n\t\t\t\t<div class=\"elementor-element elementor-element-90068a0 elementor-widget elementor-widget-shortcode\" data-id=\"90068a0\" data-element_type=\"widget\" data-e-type=\"widget\" data-widget_type=\"shortcode.default\">\n\t\t\t\t<div class=\"elementor-widget-container\">\n\t\t\t\t\t\t\t<div class=\"elementor-shortcode\"><span><span><a href=\"https:\/\/physidia-sandbox-gnfngfcwfuenfwbd.francecentral-01.azurewebsites.net\/en\/\"><img decoding=\"async\" alt=\"Home\" src=\"https:\/\/physidia-sandbox-gnfngfcwfuenfwbd.francecentral-01.azurewebsites.net\/wp-content\/themes\/hello-theme-child-master\/img\/home.svg\" class=\"home-breadcrumb\" \/> Home<\/a><\/span><\/span><\/div>\n\t\t\t\t\t\t<\/div>\n\t\t\t\t<\/div>\n\t\t\t\t\t<\/div>\n\t\t\t\t<\/div>\n\t\t<div class=\"elementor-element elementor-element-33464bbf e-flex e-con-boxed e-con e-parent\" data-id=\"33464bbf\" data-element_type=\"container\" data-e-type=\"container\" data-settings=\"{&quot;background_background&quot;:&quot;classic&quot;}\">\n\t\t\t\t\t<div class=\"e-con-inner\">\n\t\t\t\t<div class=\"elementor-element elementor-element-1cd5a16b elementor-widget elementor-widget-text-editor\" data-id=\"1cd5a16b\" data-element_type=\"widget\" data-e-type=\"widget\" data-widget_type=\"text-editor.default\">\n\t\t\t\t<div class=\"elementor-widget-container\">\n\t\t\t\t\t\t\t\t\t<h1 style=\"text-align: center;\" class=\"translation-block\"><span style=\"color: #004976\">LEGAL<\/span><br><span style=\"color: #004976\"><strong>NOTICES<\/strong><\/span><\/h1><p><span style=\"color: var( --e-global-color-text ); font-family: var( --e-global-typography-text-font-family ), Sans-serif; font-size: var( --e-global-typography-text-font-size ); font-weight: var( --e-global-typography-text-font-weight ); text-align: var(--text-align);\">Last updated: March 2025<\/span><\/p><h2>General Information<\/h2><p>You are currently connected to the website of Physidia SAS (\"the Site\"), accessible at the following address: https:\/\/physidia.com.<\/p><h3>Website Publisher<\/h3><p class=\"translation-block\"><b>Corporate Name:<\/b> Physidia S.A.S.<\/p><p class=\"translation-block\"><b>Legal Form :<\/b> Simplified Joint-Stock Company<\/p><p><b>Share Capital :<\/b> 20 154 490 \u20ac<\/p><p><b>RCS : <\/b>Angers 528 454 028<\/p><p><b>Registered Office<\/b> 11-13, boulevard des Bretonni\u00e8res, 49124 Saint-Barth\u00e9l\u00e9my d\u2019Anjou, France<\/p><p><b>Phone : <\/b>+33(0) 241 731 008<\/p><p><b>Fax :<\/b> +33(0) 252 750 253<\/p><p><b>E-Mail :<\/b> contact@physidia.fr<\/p><p><b>Legal Representative :<\/b> Julien Dolivet<\/p><p><b>Publication Director : <\/b>Ga\u00ebtan Dugas, Claire Daculsi<\/p><p><b>Website Design and Development :<\/b> Ux&amp;Health<\/p><p><strong>Website Host<\/strong> :OVH SAS<\/p><p><strong>Registered Office<\/strong> : 2 rue Kellermann, 59100 Roubaix, France<\/p><h2>Terms of Use<\/h2><p>L\u2019acc\u00e8s et l\u2019utilisation du site https:\/\/physidia-sandbox-gnfngfcwfuenfwbd.francecentral-01.azurewebsites.net (ci-apr\u00e8s \u00ab le Site \u00bb) sont soumis aux pr\u00e9sentes Conditions G\u00e9n\u00e9rales d\u2019Utilisation, ainsi qu\u2019aux lois et r\u00e8glementations en vigueur. En naviguant sur le Site, l\u2019utilisateur reconna\u00eet avoir pris connaissance des pr\u00e9sentes conditions et s\u2019engage \u00e0 les respecter.<\/p><p><span style=\"font-family: Aptos, sans-serif;\">Le Site est destin\u00e9 \u00e0 fournir des informations sur l\u2019activit\u00e9 et l\u2019offre de produits de Physidia.<\/span><\/p><h3><span style=\"font-family: Aptos, sans-serif; color: #004976; font-size: var( --e-global-typography-text-font-size ); font-weight: var( --e-global-typography-text-font-weight ); text-align: var(--text-align);\">Acc\u00e8s au Site<\/span><\/h3><p><span style=\"font-family: Aptos, sans-serif;\">Physidia s\u2019efforce de garantir un acc\u00e8s au Site 24h\/24 et 7j\/7. Toutefois, l\u2019acc\u00e8s au Site peut \u00eatre interrompu temporairement pour des raisons de maintenance, de mise \u00e0 jour ou en cas de force majeure. Physidia ne pourra \u00eatre tenu responsable de toute indisponibilit\u00e9 temporaire du Site ou de ses cons\u00e9quences pour l\u2019utilisateur.<\/span><\/p><h3><span style=\"font-family: Aptos, sans-serif; color: #004976;\">Obligations de l\u2019utilisateur<\/span><\/h3><p><span style=\"font-family: Aptos, sans-serif;\">L\u2019utilisateur s\u2019engage \u00e0 :<\/span><\/p><ul><li><span style=\"font-family: Aptos, sans-serif;\">Utiliser le Site dans le respect des lois et r\u00e8glements en vigueur ;<\/span><\/li><li><span style=\"font-family: Aptos, sans-serif;\">Ne pas perturber, endommager ou alt\u00e9rer le bon fonctionnement du Site par des actions malveillantes (ex. piratage, introduction de virus, attaques informatiques) ;<\/span><\/li><li><span style=\"font-family: Aptos, sans-serif;\">Ne pas utiliser les informations publi\u00e9es sur le Site \u00e0 des fins ill\u00e9gales, frauduleuses ou contraires \u00e0 l\u2019ordre public ;<\/span><\/li><li><span style=\"font-family: Aptos, sans-serif;\">Ne pas reproduire, copier ou exploiter les contenus du Site sans autorisation pr\u00e9alable de Physidia.<\/span><\/li><\/ul><p><span style=\"font-family: Aptos, sans-serif;\">Tout manquement \u00e0 ces obligations pourra entra\u00eener des mesures correctives, notamment la suspension de l\u2019acc\u00e8s au Site pour l\u2019utilisateur concern\u00e9 et d\u2019\u00e9ventuelles poursuites judiciaires.<\/span><\/p><h3>Intellectual Property<\/h3><p>All elements constituting the Website (texts, images, graphics, logos, videos, etc.) are protected under intellectual property law. Any reproduction or representation, in whole or in part, without the express authorization of Physidia is prohibited and constitutes an infringement.<\/p><h3>Personal Data Protection<\/h3><p>Physidia traite les donn\u00e9es personnelles conform\u00e9ment \u00e0 sa politique de confidentialit\u00e9 accessible sur la page <a href=\"https:\/\/physidia-sandbox-gnfngfcwfuenfwbd.francecentral-01.azurewebsites.net\/en\/privacy-policy\/\">Privacy Policy<\/a><\/p><p><b>5. Cookies<\/b><\/p><p>Le Site utilise des cookies \u00e0 des fins de navigation et d\u2019analyse, conform\u00e9ment \u00e0 la politique de cookies Physidia accessible sur la page :\u00a0<a href=\"https:\/\/physidia-sandbox-gnfngfcwfuenfwbd.francecentral-01.azurewebsites.net\/en\/cookie-policy\/\">Cookie Policy<\/a><\/p><p><b>6. Informations sur les Produits<\/b><\/p><p>Les dispositifs m\u00e9dicaux de Physidia (moniteur S\u00b3 et consommables associ\u00e9s) sont con\u00e7us pour l\u2019h\u00e9modialyse quotidienne des patients souffrant d\u2019insuffisance r\u00e9nale chronique. Ces produits de sant\u00e9 r\u00e9glement\u00e9s sont conformes au R\u00e8glement (UE) 2017\/745 et portent le marquage CE.<\/p><p>S\u00b3 et SeCoHD sont des marques d\u00e9pos\u00e9es de Physidia SAS.<\/p><h3>7. Responsabilit\u00e9<\/h3><p>Physidia met tout en \u0153uvre pour assurer l\u2019exactitude et la mise \u00e0 jour des informations publi\u00e9es sur le Site. Toutefois, Physidia ne peut garantir l\u2019exactitude, la compl\u00e9tude ou la pertinence des contenus mis \u00e0 disposition. En cons\u00e9quence, l\u2019utilisation des informations et contenus disponibles sur le Site se fait sous la seule responsabilit\u00e9 de l\u2019utilisateur.<br \/>Physidia ne pourra \u00eatre tenu responsable des dommages directs ou indirects, mat\u00e9riels ou immat\u00e9riels, r\u00e9sultant de l\u2019acc\u00e8s ou de l\u2019utilisation du Site, y compris en cas d\u2019erreurs, d\u2019omissions, d\u2019interruptions, de pannes techniques ou de virus informatiques. Il appartient \u00e0 l\u2019utilisateur de prendre toutes les pr\u00e9cautions n\u00e9cessaires pour se prot\u00e9ger contre ces risques.<br \/>En outre, Physidia ne saurait \u00eatre tenu pour responsable des contenus des sites tiers accessibles via des liens hypertextes pr\u00e9sents sur le Site. Ces liens sont fournis \u00e0 titre informatif uniquement et n\u2019engagent en aucun cas la responsabilit\u00e9 de Physidia quant aux pratiques de ces sites en mati\u00e8re de protection des donn\u00e9es ou \u00e0 l\u2019exactitude de leurs informations.<\/p><p><b>8. Contact<\/b><\/p><p>Pour toute question concernant le Site, vous pouvez nous contacter :<\/p><p><b>Par e-mail<\/b> : contact@physidia.fr<\/p><p><b>Par courrier<\/b> : 11-13, boulevard des Bretonni\u00e8res, 49124 Saint-Barth\u00e9l\u00e9my d&rsquo;Anjou, France.<\/p><p>Physidia S.A.S. s&rsquo;engage \u00e0 respecter et \u00e0 prot\u00e9ger les droits des utilisateurs et la confidentialit\u00e9 des donn\u00e9es collect\u00e9es sur le Site.<\/p><p>Tout litige sera soumis \u00e0 la l\u00e9gislation fran\u00e7aise et rel\u00e8vera de la comp\u00e9tence exclusive du tribunal judiciaire comp\u00e9tent, sauf dispositions l\u00e9gales imp\u00e9ratives contraires.<\/p>\t\t\t\t\t\t\t\t<\/div>\n\t\t\t\t<\/div>\n\t\t\t\t\t<\/div>\n\t\t\t\t<\/div>\n\t\t\t\t<\/div>","protected":false},"excerpt":{"rendered":"<p>MENTIONSL\u00e9GALES Derni\u00e8re mise \u00e0 jour : Mars 2025 Informations G\u00e9n\u00e9rales Vous \u00eates actuellement connect\u00e9 au site internet de Physidia SAS (\u00ab le Site \u00bb), accessible \u00e0 l&rsquo;adresse suivante : https:\/\/physidia.com. \u00c9diteur du Site D\u00e9nomination sociale : Physidia S.A.S. Forme juridique : Soci\u00e9t\u00e9 par actions simplifi\u00e9e Capital social : 20 154 490 \u20ac RCS : Angers 528 454 028 Si\u00e8ge social : 11-13, boulevard des Bretonni\u00e8res, 49124 Saint-Barth\u00e9l\u00e9my d&rsquo;Anjou, France T\u00e9l\u00e9phone : +33(0) 241 731 008 Fax : +33(0) 252 750 253 E-mail : contact@physidia.fr Repr\u00e9sentant l\u00e9gal : Julien Dolivet Directeur de la publication : Ga\u00ebtan Dugas, Claire Daculsi Conception et r\u00e9alisation du Site : Ux&amp;Health H\u00e9bergeur du Site :OVH SAS Si\u00e8ge social : 2 rue Kellermann, 59100 Roubaix, France Conditions G\u00e9n\u00e9rales d&rsquo;Utilisation L\u2019acc\u00e8s et l\u2019utilisation du site https:\/\/www.physidia.com (ci-apr\u00e8s \u00ab le Site \u00bb) sont soumis aux pr\u00e9sentes Conditions G\u00e9n\u00e9rales d\u2019Utilisation, ainsi qu\u2019aux lois et r\u00e8glementations en vigueur. En naviguant sur [&hellip;]<\/p>\n","protected":false},"author":1,"featured_media":0,"parent":0,"menu_order":0,"comment_status":"closed","ping_status":"closed","template":"","meta":{"_acf_changed":false,"footnotes":""},"class_list":["post-96","page","type-page","status-publish","hentry"],"acf":[],"yoast_head":"<!-- This site is optimized with the Yoast SEO Premium plugin v26.7 (Yoast SEO v27.3) - https:\/\/yoast.com\/product\/yoast-seo-premium-wordpress\/ -->\n<title>Mentions l\u00e9gales - Physidia - H\u00e9modialyse \u00e0 domicile<\/title>\n<meta name=\"description\" content=\"Mentions l\u00e9gales du site Physidia : informations juridiques, droits d\u2019auteur, responsabilit\u00e9, h\u00e9bergement et RGPD.\" \/>\n<meta name=\"robots\" content=\"index, follow, max-snippet:-1, max-image-preview:large, max-video-preview:-1\" \/>\n<link rel=\"canonical\" href=\"https:\/\/physidia-sandbox-gnfngfcwfuenfwbd.francecentral-01.azurewebsites.net\/en\/legal-notice\/\" \/>\n<meta property=\"og:locale\" content=\"en_GB\" \/>\n<meta property=\"og:type\" content=\"article\" \/>\n<meta property=\"og:title\" content=\"Mentions l\u00e9gales\" \/>\n<meta property=\"og:description\" content=\"Mentions l\u00e9gales du site Physidia : informations juridiques, droits d\u2019auteur, responsabilit\u00e9, h\u00e9bergement et RGPD.\" \/>\n<meta property=\"og:url\" content=\"https:\/\/physidia-sandbox-gnfngfcwfuenfwbd.francecentral-01.azurewebsites.net\/en\/legal-notice\/\" \/>\n<meta property=\"og:site_name\" content=\"SANDBOX-TEST-DB\" \/>\n<meta property=\"article:publisher\" content=\"https:\/\/www.facebook.com\/Physidia\" \/>\n<meta property=\"article:modified_time\" content=\"2025-03-20T16:15:42+00:00\" \/>\n<meta property=\"og:image\" content=\"https:\/\/physidia-sandbox-gnfngfcwfuenfwbd.francecentral-01.azurewebsites.net\/wp-content\/uploads\/2024\/12\/logo-physidia.webp\" \/>\n\t<meta property=\"og:image:width\" content=\"281\" \/>\n\t<meta property=\"og:image:height\" content=\"283\" \/>\n\t<meta property=\"og:image:type\" content=\"image\/webp\" \/>\n<meta name=\"twitter:card\" content=\"summary_large_image\" \/>\n<meta name=\"twitter:label1\" content=\"Estimated reading time\" \/>\n\t<meta name=\"twitter:data1\" content=\"4 minutes\" \/>\n<script type=\"application\/ld+json\" class=\"yoast-schema-graph\">{\"@context\":\"https:\\\/\\\/schema.org\",\"@graph\":[{\"@type\":\"WebPage\",\"@id\":\"https:\\\/\\\/physidia-sandbox-gnfngfcwfuenfwbd.francecentral-01.azurewebsites.net\\\/mentions-legales\\\/\",\"url\":\"https:\\\/\\\/physidia-sandbox-gnfngfcwfuenfwbd.francecentral-01.azurewebsites.net\\\/mentions-legales\\\/\",\"name\":\"Mentions l\u00e9gales - Physidia - H\u00e9modialyse \u00e0 domicile\",\"isPartOf\":{\"@id\":\"https:\\\/\\\/physidia-sandbox-gnfngfcwfuenfwbd.francecentral-01.azurewebsites.net\\\/#website\"},\"datePublished\":\"2024-12-18T15:45:34+00:00\",\"dateModified\":\"2025-03-20T16:15:42+00:00\",\"description\":\"Mentions l\u00e9gales du site Physidia : informations juridiques, droits d\u2019auteur, responsabilit\u00e9, h\u00e9bergement et RGPD.\",\"breadcrumb\":{\"@id\":\"https:\\\/\\\/physidia-sandbox-gnfngfcwfuenfwbd.francecentral-01.azurewebsites.net\\\/mentions-legales\\\/#breadcrumb\"},\"inLanguage\":\"en-GB\",\"potentialAction\":[{\"@type\":\"ReadAction\",\"target\":[\"https:\\\/\\\/physidia-sandbox-gnfngfcwfuenfwbd.francecentral-01.azurewebsites.net\\\/mentions-legales\\\/\"]}]},{\"@type\":\"BreadcrumbList\",\"@id\":\"https:\\\/\\\/physidia-sandbox-gnfngfcwfuenfwbd.francecentral-01.azurewebsites.net\\\/mentions-legales\\\/#breadcrumb\",\"itemListElement\":[{\"@type\":\"ListItem\",\"position\":1,\"name\":\"Accueil\",\"item\":\"https:\\\/\\\/physidia-sandbox-gnfngfcwfuenfwbd.francecentral-01.azurewebsites.net\\\/\"},{\"@type\":\"ListItem\",\"position\":2,\"name\":\"Mentions l\u00e9gales\"}]},{\"@type\":\"WebSite\",\"@id\":\"https:\\\/\\\/physidia-sandbox-gnfngfcwfuenfwbd.francecentral-01.azurewebsites.net\\\/#website\",\"url\":\"https:\\\/\\\/physidia-sandbox-gnfngfcwfuenfwbd.francecentral-01.azurewebsites.net\\\/\",\"name\":\"Physidia | H\u00e9modialyse \u00e0 Domicile\",\"description\":\"\",\"publisher\":{\"@id\":\"https:\\\/\\\/physidia-sandbox-gnfngfcwfuenfwbd.francecentral-01.azurewebsites.net\\\/#organization\"},\"alternateName\":\"Physidia | HDDQ\",\"potentialAction\":[{\"@type\":\"SearchAction\",\"target\":{\"@type\":\"EntryPoint\",\"urlTemplate\":\"https:\\\/\\\/physidia-sandbox-gnfngfcwfuenfwbd.francecentral-01.azurewebsites.net\\\/?s={search_term_string}\"},\"query-input\":{\"@type\":\"PropertyValueSpecification\",\"valueRequired\":true,\"valueName\":\"search_term_string\"}}],\"inLanguage\":\"en-GB\"},{\"@type\":\"Organization\",\"@id\":\"https:\\\/\\\/physidia-sandbox-gnfngfcwfuenfwbd.francecentral-01.azurewebsites.net\\\/#organization\",\"name\":\"Physidia\",\"url\":\"https:\\\/\\\/physidia-sandbox-gnfngfcwfuenfwbd.francecentral-01.azurewebsites.net\\\/\",\"logo\":{\"@type\":\"ImageObject\",\"inLanguage\":\"en-GB\",\"@id\":\"https:\\\/\\\/physidia-sandbox-gnfngfcwfuenfwbd.francecentral-01.azurewebsites.net\\\/#\\\/schema\\\/logo\\\/image\\\/\",\"url\":\"https:\\\/\\\/physidia-sandbox-gnfngfcwfuenfwbd.francecentral-01.azurewebsites.net\\\/wp-content\\\/uploads\\\/2024\\\/12\\\/logo-physidia.webp\",\"contentUrl\":\"https:\\\/\\\/physidia-sandbox-gnfngfcwfuenfwbd.francecentral-01.azurewebsites.net\\\/wp-content\\\/uploads\\\/2024\\\/12\\\/logo-physidia.webp\",\"width\":281,\"height\":283,\"caption\":\"Physidia\"},\"image\":{\"@id\":\"https:\\\/\\\/physidia-sandbox-gnfngfcwfuenfwbd.francecentral-01.azurewebsites.net\\\/#\\\/schema\\\/logo\\\/image\\\/\"},\"sameAs\":[\"https:\\\/\\\/www.facebook.com\\\/Physidia\",\"https:\\\/\\\/www.linkedin.com\\\/company\\\/physidia\\\/\"],\"description\":\"Entreprise fran\u00e7aise pionni\u00e8re de la dialyse fr\u00e9quente et flexible \u00e0 domicile, Physidia con\u00e7oit et fabrique en France des solutions innovantes pour offrir aux patients dialys\u00e9s plus de libert\u00e9, de s\u00e9r\u00e9nit\u00e9 et une meilleure qualit\u00e9 de vie.\",\"email\":\"contact@physidia.fr\",\"legalName\":\"Physidia S.A.S.\",\"foundingDate\":\"2010-11-01\",\"taxID\":\"528 454 028 00028\",\"numberOfEmployees\":{\"@type\":\"QuantitativeValue\",\"minValue\":\"51\",\"maxValue\":\"200\"},\"publishingPrinciples\":\"https:\\\/\\\/physidia-sandbox-gnfngfcwfuenfwbd.francecentral-01.azurewebsites.net\\\/mentions-legales\\\/\",\"actionableFeedbackPolicy\":\"https:\\\/\\\/physidia-sandbox-gnfngfcwfuenfwbd.francecentral-01.azurewebsites.net\\\/politique-de-confidentialite\\\/\"}]}<\/script>\n<!-- \/ Yoast SEO Premium plugin. -->","yoast_head_json":{"title":"Mentions l\u00e9gales - Physidia - H\u00e9modialyse \u00e0 domicile","description":"Mentions l\u00e9gales du site Physidia : informations juridiques, droits d\u2019auteur, responsabilit\u00e9, h\u00e9bergement et RGPD.","robots":{"index":"index","follow":"follow","max-snippet":"max-snippet:-1","max-image-preview":"max-image-preview:large","max-video-preview":"max-video-preview:-1"},"canonical":"https:\/\/physidia-sandbox-gnfngfcwfuenfwbd.francecentral-01.azurewebsites.net\/en\/legal-notice\/","og_locale":"en_GB","og_type":"article","og_title":"Mentions l\u00e9gales","og_description":"Mentions l\u00e9gales du site Physidia : informations juridiques, droits d\u2019auteur, responsabilit\u00e9, h\u00e9bergement et RGPD.","og_url":"https:\/\/physidia-sandbox-gnfngfcwfuenfwbd.francecentral-01.azurewebsites.net\/en\/legal-notice\/","og_site_name":"SANDBOX-TEST-DB","article_publisher":"https:\/\/www.facebook.com\/Physidia","article_modified_time":"2025-03-20T16:15:42+00:00","og_image":[{"width":281,"height":283,"url":"https:\/\/physidia-sandbox-gnfngfcwfuenfwbd.francecentral-01.azurewebsites.net\/wp-content\/uploads\/2024\/12\/logo-physidia.webp","type":"image\/webp"}],"twitter_card":"summary_large_image","twitter_misc":{"Estimated reading time":"4 minutes"},"schema":{"@context":"https:\/\/schema.org","@graph":[{"@type":"WebPage","@id":"https:\/\/physidia-sandbox-gnfngfcwfuenfwbd.francecentral-01.azurewebsites.net\/mentions-legales\/","url":"https:\/\/physidia-sandbox-gnfngfcwfuenfwbd.francecentral-01.azurewebsites.net\/mentions-legales\/","name":"Mentions l\u00e9gales - Physidia - H\u00e9modialyse \u00e0 domicile","isPartOf":{"@id":"https:\/\/physidia-sandbox-gnfngfcwfuenfwbd.francecentral-01.azurewebsites.net\/#website"},"datePublished":"2024-12-18T15:45:34+00:00","dateModified":"2025-03-20T16:15:42+00:00","description":"Mentions l\u00e9gales du site Physidia : informations juridiques, droits d\u2019auteur, responsabilit\u00e9, h\u00e9bergement et RGPD.","breadcrumb":{"@id":"https:\/\/physidia-sandbox-gnfngfcwfuenfwbd.francecentral-01.azurewebsites.net\/mentions-legales\/#breadcrumb"},"inLanguage":"en-GB","potentialAction":[{"@type":"ReadAction","target":["https:\/\/physidia-sandbox-gnfngfcwfuenfwbd.francecentral-01.azurewebsites.net\/mentions-legales\/"]}]},{"@type":"BreadcrumbList","@id":"https:\/\/physidia-sandbox-gnfngfcwfuenfwbd.francecentral-01.azurewebsites.net\/mentions-legales\/#breadcrumb","itemListElement":[{"@type":"ListItem","position":1,"name":"Accueil","item":"https:\/\/physidia-sandbox-gnfngfcwfuenfwbd.francecentral-01.azurewebsites.net\/"},{"@type":"ListItem","position":2,"name":"Mentions l\u00e9gales"}]},{"@type":"WebSite","@id":"https:\/\/physidia-sandbox-gnfngfcwfuenfwbd.francecentral-01.azurewebsites.net\/#website","url":"https:\/\/physidia-sandbox-gnfngfcwfuenfwbd.francecentral-01.azurewebsites.net\/","name":"Physidia | H\u00e9modialyse \u00e0 Domicile","description":"","publisher":{"@id":"https:\/\/physidia-sandbox-gnfngfcwfuenfwbd.francecentral-01.azurewebsites.net\/#organization"},"alternateName":"Physidia | HDDQ","potentialAction":[{"@type":"SearchAction","target":{"@type":"EntryPoint","urlTemplate":"https:\/\/physidia-sandbox-gnfngfcwfuenfwbd.francecentral-01.azurewebsites.net\/?s={search_term_string}"},"query-input":{"@type":"PropertyValueSpecification","valueRequired":true,"valueName":"search_term_string"}}],"inLanguage":"en-GB"},{"@type":"Organization","@id":"https:\/\/physidia-sandbox-gnfngfcwfuenfwbd.francecentral-01.azurewebsites.net\/#organization","name":"Physidia","url":"https:\/\/physidia-sandbox-gnfngfcwfuenfwbd.francecentral-01.azurewebsites.net\/","logo":{"@type":"ImageObject","inLanguage":"en-GB","@id":"https:\/\/physidia-sandbox-gnfngfcwfuenfwbd.francecentral-01.azurewebsites.net\/#\/schema\/logo\/image\/","url":"https:\/\/physidia-sandbox-gnfngfcwfuenfwbd.francecentral-01.azurewebsites.net\/wp-content\/uploads\/2024\/12\/logo-physidia.webp","contentUrl":"https:\/\/physidia-sandbox-gnfngfcwfuenfwbd.francecentral-01.azurewebsites.net\/wp-content\/uploads\/2024\/12\/logo-physidia.webp","width":281,"height":283,"caption":"Physidia"},"image":{"@id":"https:\/\/physidia-sandbox-gnfngfcwfuenfwbd.francecentral-01.azurewebsites.net\/#\/schema\/logo\/image\/"},"sameAs":["https:\/\/www.facebook.com\/Physidia","https:\/\/www.linkedin.com\/company\/physidia\/"],"description":"Entreprise fran\u00e7aise pionni\u00e8re de la dialyse fr\u00e9quente et flexible \u00e0 domicile, Physidia con\u00e7oit et fabrique en France des solutions innovantes pour offrir aux patients dialys\u00e9s plus de libert\u00e9, de s\u00e9r\u00e9nit\u00e9 et une meilleure qualit\u00e9 de vie.","email":"contact@physidia.fr","legalName":"Physidia S.A.S.","foundingDate":"2010-11-01","taxID":"528 454 028 00028","numberOfEmployees":{"@type":"QuantitativeValue","minValue":"51","maxValue":"200"},"publishingPrinciples":"https:\/\/physidia-sandbox-gnfngfcwfuenfwbd.francecentral-01.azurewebsites.net\/mentions-legales\/","actionableFeedbackPolicy":"https:\/\/physidia-sandbox-gnfngfcwfuenfwbd.francecentral-01.azurewebsites.net\/politique-de-confidentialite\/"}]}},"_links":{"self":[{"href":"https:\/\/physidia-sandbox-gnfngfcwfuenfwbd.francecentral-01.azurewebsites.net\/en\/wp-json\/wp\/v2\/pages\/96","targetHints":{"allow":["GET"]}}],"collection":[{"href":"https:\/\/physidia-sandbox-gnfngfcwfuenfwbd.francecentral-01.azurewebsites.net\/en\/wp-json\/wp\/v2\/pages"}],"about":[{"href":"https:\/\/physidia-sandbox-gnfngfcwfuenfwbd.francecentral-01.azurewebsites.net\/en\/wp-json\/wp\/v2\/types\/page"}],"author":[{"embeddable":true,"href":"https:\/\/physidia-sandbox-gnfngfcwfuenfwbd.francecentral-01.azurewebsites.net\/en\/wp-json\/wp\/v2\/users\/1"}],"replies":[{"embeddable":true,"href":"https:\/\/physidia-sandbox-gnfngfcwfuenfwbd.francecentral-01.azurewebsites.net\/en\/wp-json\/wp\/v2\/comments?post=96"}],"version-history":[{"count":22,"href":"https:\/\/physidia-sandbox-gnfngfcwfuenfwbd.francecentral-01.azurewebsites.net\/en\/wp-json\/wp\/v2\/pages\/96\/revisions"}],"predecessor-version":[{"id":5528,"href":"https:\/\/physidia-sandbox-gnfngfcwfuenfwbd.francecentral-01.azurewebsites.net\/en\/wp-json\/wp\/v2\/pages\/96\/revisions\/5528"}],"wp:attachment":[{"href":"https:\/\/physidia-sandbox-gnfngfcwfuenfwbd.francecentral-01.azurewebsites.net\/en\/wp-json\/wp\/v2\/media?parent=96"}],"curies":[{"name":"wp","href":"https:\/\/api.w.org\/{rel}","templated":true}]}}