{"id":6348,"date":"2025-08-11T16:20:33","date_gmt":"2025-08-11T14:20:33","guid":{"rendered":"https:\/\/physidia-sandbox-gnfngfcwfuenfwbd.francecentral-01.azurewebsites.net\/?page_id=6348"},"modified":"2025-12-12T15:06:25","modified_gmt":"2025-12-12T14:06:25","slug":"temoignages-patients-hemodialyse-domicile","status":"publish","type":"page","link":"https:\/\/physidia-sandbox-gnfngfcwfuenfwbd.francecentral-01.azurewebsites.net\/es\/profesionales-de-la-salud\/casos-de-pacientes\/","title":{"rendered":"Casos de patientes"},"content":{"rendered":"<div data-elementor-type=\"wp-page\" data-elementor-id=\"6348\" class=\"elementor elementor-6348\" data-elementor-post-type=\"page\">\n\t\t\t\t<div class=\"elementor-element elementor-element-516773d e-flex e-con-boxed e-con e-parent\" data-id=\"516773d\" data-element_type=\"container\" data-e-type=\"container\" data-settings=\"{&quot;background_background&quot;:&quot;classic&quot;}\">\n\t\t\t\t\t<div class=\"e-con-inner\">\n\t\t\t\t<div class=\"elementor-element elementor-element-7337878 elementor-widget elementor-widget-shortcode\" data-id=\"7337878\" data-element_type=\"widget\" data-e-type=\"widget\" data-widget_type=\"shortcode.default\">\n\t\t\t\t<div class=\"elementor-widget-container\">\n\t\t\t\t\t\t\t<div class=\"elementor-shortcode\"><span><span><a href=\"https:\/\/physidia-sandbox-gnfngfcwfuenfwbd.francecentral-01.azurewebsites.net\/es\/\"><img decoding=\"async\" alt=\"Inicio\" src=\"https:\/\/physidia-sandbox-gnfngfcwfuenfwbd.francecentral-01.azurewebsites.net\/wp-content\/themes\/hello-theme-child-master\/img\/home.svg\" class=\"home-breadcrumb\" \/> Inicio<\/a><\/span><\/span><\/div>\n\t\t\t\t\t\t<\/div>\n\t\t\t\t<\/div>\n\t\t\t\t\t<\/div>\n\t\t\t\t<\/div>\n\t\t<div class=\"elementor-element elementor-element-98e1a27 e-flex e-con-boxed e-con e-parent\" data-id=\"98e1a27\" data-element_type=\"container\" data-e-type=\"container\">\n\t\t\t\t\t<div class=\"e-con-inner\">\n\t\t\t\t<div class=\"elementor-element elementor-element-de7b832 elementor-widget elementor-widget-heading\" data-id=\"de7b832\" data-element_type=\"widget\" data-e-type=\"widget\" data-widget_type=\"heading.default\">\n\t\t\t\t<div class=\"elementor-widget-container\">\n\t\t\t\t\t<h2 class=\"elementor-heading-title elementor-size-default\">Casos de patientes<\/h2>\t\t\t\t<\/div>\n\t\t\t\t<\/div>\n\t\t\t\t<div class=\"elementor-element elementor-element-74cb2438 elementor-widget elementor-widget-text-editor\" data-id=\"74cb2438\" data-element_type=\"widget\" data-e-type=\"widget\" data-widget_type=\"text-editor.default\">\n\t\t\t\t<div class=\"elementor-widget-container\">\n\t\t\t\t\t\t\t\t\t<p class=\"translation-block\"><strong data-start=\"53\" data-end=\"97\">Dans ces t\u00e9moignages vid\u00e9o, des patients<\/strong> partagent leur exp\u00e9rience de l\u2019h\u00e9modialyse fr\u00e9quente \u00e0 domicile. Ils d\u00e9crivent leur quotidien, les ajustements n\u00e9cessaires et les effets observ\u00e9s sur leur autonomie, leur organisation et leur qualit\u00e9 de vie.<\/p><p>Ces r\u00e9cits apportent des t\u00e9moignages concrets sur la mani\u00e8re dont cette modalit\u00e9 th\u00e9rapeutique s\u2019int\u00e8gre dans la prise en charge de l\u2019insuffisance r\u00e9nale chronique.<\/p>\t\t\t\t\t\t\t\t<\/div>\n\t\t\t\t<\/div>\n\t\t\t\t\t<\/div>\n\t\t\t\t<\/div>\n\t\t<div class=\"elementor-element elementor-element-62fb3a0 e-grid e-con-boxed e-con e-parent\" data-id=\"62fb3a0\" data-element_type=\"container\" data-e-type=\"container\">\n\t\t\t\t\t<div class=\"e-con-inner\">\n\t\t<div class=\"elementor-element elementor-element-ad839f6 e-con-full e-flex e-con e-child\" data-id=\"ad839f6\" data-element_type=\"container\" data-e-type=\"container\">\n\t\t\t\t<div class=\"elementor-element elementor-element-74a0854 elementor-widget elementor-widget-html\" data-id=\"74a0854\" data-element_type=\"widget\" data-e-type=\"widget\" data-widget_type=\"html.default\">\n\t\t\t\t<div class=\"elementor-widget-container\">\n\t\t\t\t\t<script src=\"https:\/\/physitraining.cdn.spotlightr.com\/assets\/spotlightr.js\"><\/script><a class=\"fancyboxIframe spotlightr\" href='https:\/\/physitraining.cdn.spotlightr.com\/watch\/MTgwMzY0MA==' data-playerid=\"MTgwMzY0MA==\" data-fancybox-type=\"video\">Play the video<\/a>\t\t\t\t<\/div>\n\t\t\t\t<\/div>\n\t\t\t\t<div class=\"elementor-element elementor-element-d462c41 elementor-widget elementor-widget-text-editor\" data-id=\"d462c41\" data-element_type=\"widget\" data-e-type=\"widget\" data-widget_type=\"text-editor.default\">\n\t\t\t\t<div class=\"elementor-widget-container\">\n\t\t\t\t\t\t\t\t\t<p><span style=\"color: #004976;\"><strong>Sophie, 44 a\u00f1os de edad<\/strong><\/span><br \/><em>Je ne reviendrai en arri\u00e8re pour rien au monde.\u00a0<\/em><\/p>\t\t\t\t\t\t\t\t<\/div>\n\t\t\t\t<\/div>\n\t\t\t\t<\/div>\n\t\t<div class=\"elementor-element elementor-element-105df08 e-con-full e-flex e-con e-child\" data-id=\"105df08\" data-element_type=\"container\" data-e-type=\"container\">\n\t\t\t\t<div class=\"elementor-element elementor-element-1a5697b elementor-widget elementor-widget-html\" data-id=\"1a5697b\" data-element_type=\"widget\" data-e-type=\"widget\" data-widget_type=\"html.default\">\n\t\t\t\t<div class=\"elementor-widget-container\">\n\t\t\t\t\t<script src=\"https:\/\/physitraining.cdn.spotlightr.com\/assets\/spotlightr.js\"><\/script><a class=\"fancyboxIframe spotlightr\" href='https:\/\/physitraining.cdn.spotlightr.com\/watch\/MTgxOTU2Nw==' data-playerid=\"MTgxOTU2Nw==\" data-fancybox-type=\"video\">Play the video<\/a>\t\t\t\t<\/div>\n\t\t\t\t<\/div>\n\t\t\t\t<div class=\"elementor-element elementor-element-667528d elementor-widget elementor-widget-text-editor\" data-id=\"667528d\" data-element_type=\"widget\" data-e-type=\"widget\" data-widget_type=\"text-editor.default\">\n\t\t\t\t<div class=\"elementor-widget-container\">\n\t\t\t\t\t\t\t\t\t<p><span style=\"color: #004976;\"><strong>Patrick, 70 a\u00f1os de edad<\/strong><\/span><br \/><em>J&rsquo;ai appris \u00e0 utiliser le moniteur de dialyse pendant un mois avec mon \u00e9pouse.\u00a0<\/em><\/p>\t\t\t\t\t\t\t\t<\/div>\n\t\t\t\t<\/div>\n\t\t\t\t<\/div>\n\t\t<div class=\"elementor-element elementor-element-cf3af92 e-con-full e-flex e-con e-child\" data-id=\"cf3af92\" data-element_type=\"container\" data-e-type=\"container\">\n\t\t\t\t<div class=\"elementor-element elementor-element-a3d326a elementor-widget elementor-widget-html\" data-id=\"a3d326a\" data-element_type=\"widget\" data-e-type=\"widget\" data-widget_type=\"html.default\">\n\t\t\t\t<div class=\"elementor-widget-container\">\n\t\t\t\t\t<script src=\"https:\/\/physitraining.cdn.spotlightr.com\/assets\/spotlightr.js\"><\/script><a class=\"fancyboxIframe spotlightr\" href='https:\/\/physitraining.cdn.spotlightr.com\/watch\/MTgwMzY0MQ==' data-playerid=\"MTgwMzY0MQ==\" data-fancybox-type=\"video\">Play the video<\/a>\t\t\t\t<\/div>\n\t\t\t\t<\/div>\n\t\t\t\t<div class=\"elementor-element elementor-element-9730f1f elementor-widget elementor-widget-text-editor\" data-id=\"9730f1f\" data-element_type=\"widget\" data-e-type=\"widget\" data-widget_type=\"text-editor.default\">\n\t\t\t\t<div class=\"elementor-widget-container\">\n\t\t\t\t\t\t\t\t\t<p><span style=\"color: #004976;\"><strong>Magali, 55 a\u00f1os de edad<\/strong><\/span><br \/><em>J&rsquo;ai commenc\u00e9 la dialyse il y a pr\u00e8s de 24 ans.<\/em><\/p>\t\t\t\t\t\t\t\t<\/div>\n\t\t\t\t<\/div>\n\t\t\t\t<\/div>\n\t\t<div class=\"elementor-element elementor-element-540c28a e-con-full e-flex e-con e-child\" data-id=\"540c28a\" data-element_type=\"container\" data-e-type=\"container\">\n\t\t\t\t<div class=\"elementor-element elementor-element-bf193fe elementor-widget elementor-widget-html\" data-id=\"bf193fe\" data-element_type=\"widget\" data-e-type=\"widget\" data-widget_type=\"html.default\">\n\t\t\t\t<div class=\"elementor-widget-container\">\n\t\t\t\t\t<script src=\"https:\/\/physitraining.cdn.spotlightr.com\/assets\/spotlightr.js\"><\/script><a class=\"fancyboxIframe spotlightr\" href='https:\/\/physitraining.cdn.spotlightr.com\/watch\/MTgwMzY2MA==' data-playerid=\"MTgwMzY2MA==\" data-fancybox-type=\"video\">Play the video<\/a>\t\t\t\t<\/div>\n\t\t\t\t<\/div>\n\t\t\t\t<div class=\"elementor-element elementor-element-d31436e elementor-widget elementor-widget-text-editor\" data-id=\"d31436e\" data-element_type=\"widget\" data-e-type=\"widget\" data-widget_type=\"text-editor.default\">\n\t\t\t\t<div class=\"elementor-widget-container\">\n\t\t\t\t\t\t\t\t\t<p><span style=\"color: #004976;\"><strong>Damien, 45 a\u00f1os de edad<\/strong><\/span><br \/><em>Cela rajoute de la vie, de la joie dans la maison.<\/em><\/p>\t\t\t\t\t\t\t\t<\/div>\n\t\t\t\t<\/div>\n\t\t\t\t<\/div>\n\t\t<div class=\"elementor-element elementor-element-a9a7b68 e-con-full e-flex e-con e-child\" data-id=\"a9a7b68\" data-element_type=\"container\" data-e-type=\"container\">\n\t\t\t\t<div class=\"elementor-element elementor-element-01824da elementor-widget elementor-widget-html\" data-id=\"01824da\" data-element_type=\"widget\" data-e-type=\"widget\" data-widget_type=\"html.default\">\n\t\t\t\t<div class=\"elementor-widget-container\">\n\t\t\t\t\t<script src=\"https:\/\/physitraining.cdn.spotlightr.com\/assets\/spotlightr.js\"><\/script><a class=\"fancyboxIframe spotlightr\" href='https:\/\/physitraining.cdn.spotlightr.com\/watch\/MTgwMzY2Mg==' data-playerid=\"MTgwMzY2Mg==\" data-fancybox-type=\"video\">Play the video<\/a>\t\t\t\t<\/div>\n\t\t\t\t<\/div>\n\t\t\t\t<div class=\"elementor-element elementor-element-84a6ca5 elementor-widget elementor-widget-text-editor\" data-id=\"84a6ca5\" data-element_type=\"widget\" data-e-type=\"widget\" data-widget_type=\"text-editor.default\">\n\t\t\t\t<div class=\"elementor-widget-container\">\n\t\t\t\t\t\t\t\t\t<p><span style=\"color: #004976;\"><strong>Xavier, 50 a\u00f1os de edad<\/strong><\/span><br \/><i>Je me faisais une montagne de me piquer moi-m\u00eame, m\u00eame si au final maintenant je fais \u00e7a assez naturellement.\u00a0<\/i><\/p>\t\t\t\t\t\t\t\t<\/div>\n\t\t\t\t<\/div>\n\t\t\t\t<\/div>\n\t\t\t\t\t<\/div>\n\t\t\t\t<\/div>\n\t\t\t\t<\/div>","protected":false},"excerpt":{"rendered":"<p>T\u00e9moignages de patients Dans ces t\u00e9moignages vid\u00e9o, des patients partagent leur exp\u00e9rience de l\u2019h\u00e9modialyse fr\u00e9quente \u00e0 domicile. Ils d\u00e9crivent leur quotidien, les ajustements n\u00e9cessaires et les effets observ\u00e9s sur leur autonomie, leur organisation et leur qualit\u00e9 de vie. Ces r\u00e9cits apportent des t\u00e9moignages concrets sur la mani\u00e8re dont cette modalit\u00e9 th\u00e9rapeutique s\u2019int\u00e8gre dans la prise en charge de l\u2019insuffisance r\u00e9nale chronique. Play the video Sophie, 44 ansJe ne reviendrai en arri\u00e8re pour rien au monde.\u00a0 Play the video Patrick, 70 ansJ&rsquo;ai appris \u00e0 utiliser le moniteur de dialyse pendant un mois avec mon \u00e9pouse.\u00a0 Play the video Magali, 55 ansJ&rsquo;ai commenc\u00e9 la dialyse il y a pr\u00e8s de 24 ans. Play the video Damien, 45 ansCela rajoute de la vie, de la joie dans la maison. Play the video Xavier, 50 ansJe me faisais une montagne de me piquer moi-m\u00eame, m\u00eame si au final maintenant je fais \u00e7a assez naturellement.\u00a0<\/p>","protected":false},"author":2,"featured_media":0,"parent":447,"menu_order":0,"comment_status":"closed","ping_status":"closed","template":"","meta":{"_acf_changed":false,"footnotes":""},"class_list":["post-6348","page","type-page","status-publish","hentry"],"acf":[],"yoast_head":"<!-- This site is optimized with the Yoast SEO Premium plugin v26.7 (Yoast SEO v27.3) - https:\/\/yoast.com\/product\/yoast-seo-premium-wordpress\/ -->\n<title>L\u2019H\u00e9modialyse Fr\u00e9quente \u00e0 domicile - Th\u00e9rapie - PRofessoinnels de Sant\u00e9 - Physidia - H\u00e9modialyse \u00e0 Domicile<\/title>\n<meta name=\"description\" content=\"La th\u00e9rapie d\u2019h\u00e9modialyse fr\u00e9quente \u00e0 domicile (HDDQ) : b\u00e9n\u00e9fices cliniques, s\u00e9curit\u00e9, crit\u00e8res d\u2019\u00e9ligibilit\u00e9 et accompagnement professionnel complet.\" \/>\n<meta name=\"robots\" content=\"index, follow, max-snippet:-1, max-image-preview:large, max-video-preview:-1\" \/>\n<link rel=\"canonical\" href=\"https:\/\/physidia-sandbox-gnfngfcwfuenfwbd.francecentral-01.azurewebsites.net\/es\/healthcare-professionnals\/patient-stories-home-hemodialysis\/\" \/>\n<meta property=\"og:locale\" content=\"es_ES\" \/>\n<meta property=\"og:type\" content=\"article\" \/>\n<meta property=\"og:title\" content=\"T\u00e9moignages de patients\" \/>\n<meta property=\"og:description\" content=\"La th\u00e9rapie d\u2019h\u00e9modialyse fr\u00e9quente \u00e0 domicile (HDDQ) : b\u00e9n\u00e9fices cliniques, s\u00e9curit\u00e9, crit\u00e8res d\u2019\u00e9ligibilit\u00e9 et accompagnement professionnel complet.\" \/>\n<meta property=\"og:url\" content=\"https:\/\/physidia-sandbox-gnfngfcwfuenfwbd.francecentral-01.azurewebsites.net\/es\/healthcare-professionnals\/patient-stories-home-hemodialysis\/\" \/>\n<meta property=\"og:site_name\" content=\"SANDBOX-TEST-DB\" \/>\n<meta property=\"article:publisher\" content=\"https:\/\/www.facebook.com\/Physidia\" \/>\n<meta property=\"article:modified_time\" content=\"2025-12-12T14:06:25+00:00\" \/>\n<meta property=\"og:image\" content=\"https:\/\/physidia-sandbox-gnfngfcwfuenfwbd.francecentral-01.azurewebsites.net\/wp-content\/uploads\/2024\/12\/logo-physidia.webp\" \/>\n\t<meta property=\"og:image:width\" content=\"281\" \/>\n\t<meta property=\"og:image:height\" content=\"283\" \/>\n\t<meta property=\"og:image:type\" content=\"image\/webp\" \/>\n<meta name=\"twitter:card\" content=\"summary_large_image\" \/>\n<meta name=\"twitter:label1\" content=\"Tiempo de lectura\" \/>\n\t<meta name=\"twitter:data1\" content=\"1 minuto\" \/>\n<script type=\"application\/ld+json\" class=\"yoast-schema-graph\">{\"@context\":\"https:\\\/\\\/schema.org\",\"@graph\":[{\"@type\":\"WebPage\",\"@id\":\"https:\\\/\\\/physidia-sandbox-gnfngfcwfuenfwbd.francecentral-01.azurewebsites.net\\\/en\\\/healthcare-professionnals\\\/patient-stories-home-hemodialysis\\\/\",\"url\":\"https:\\\/\\\/physidia-sandbox-gnfngfcwfuenfwbd.francecentral-01.azurewebsites.net\\\/en\\\/healthcare-professionnals\\\/patient-stories-home-hemodialysis\\\/\",\"name\":\"L\u2019H\u00e9modialyse Fr\u00e9quente \u00e0 domicile - Th\u00e9rapie - PRofessoinnels de Sant\u00e9 - Physidia - H\u00e9modialyse \u00e0 Domicile\",\"isPartOf\":{\"@id\":\"https:\\\/\\\/physidia-sandbox-gnfngfcwfuenfwbd.francecentral-01.azurewebsites.net\\\/#website\"},\"datePublished\":\"2025-08-11T14:20:33+00:00\",\"dateModified\":\"2025-12-12T14:06:25+00:00\",\"description\":\"La th\u00e9rapie d\u2019h\u00e9modialyse fr\u00e9quente \u00e0 domicile (HDDQ) : b\u00e9n\u00e9fices cliniques, s\u00e9curit\u00e9, crit\u00e8res d\u2019\u00e9ligibilit\u00e9 et accompagnement professionnel complet.\",\"breadcrumb\":{\"@id\":\"https:\\\/\\\/physidia-sandbox-gnfngfcwfuenfwbd.francecentral-01.azurewebsites.net\\\/en\\\/healthcare-professionnals\\\/patient-stories-home-hemodialysis\\\/#breadcrumb\"},\"inLanguage\":\"es\",\"potentialAction\":[{\"@type\":\"ReadAction\",\"target\":[\"https:\\\/\\\/physidia-sandbox-gnfngfcwfuenfwbd.francecentral-01.azurewebsites.net\\\/en\\\/healthcare-professionnals\\\/patient-stories-home-hemodialysis\\\/\"]}]},{\"@type\":\"BreadcrumbList\",\"@id\":\"https:\\\/\\\/physidia-sandbox-gnfngfcwfuenfwbd.francecentral-01.azurewebsites.net\\\/en\\\/healthcare-professionnals\\\/patient-stories-home-hemodialysis\\\/#breadcrumb\",\"itemListElement\":[{\"@type\":\"ListItem\",\"position\":1,\"name\":\"Accueil\",\"item\":\"https:\\\/\\\/physidia-sandbox-gnfngfcwfuenfwbd.francecentral-01.azurewebsites.net\\\/\"},{\"@type\":\"ListItem\",\"position\":2,\"name\":\"Professionnels de sant\u00e9\",\"item\":\"https:\\\/\\\/physidia-sandbox-gnfngfcwfuenfwbd.francecentral-01.azurewebsites.net\\\/en\\\/healthcare-professionnals\\\/\"},{\"@type\":\"ListItem\",\"position\":3,\"name\":\"T\u00e9moignages de patients\"}]},{\"@type\":\"WebSite\",\"@id\":\"https:\\\/\\\/physidia-sandbox-gnfngfcwfuenfwbd.francecentral-01.azurewebsites.net\\\/#website\",\"url\":\"https:\\\/\\\/physidia-sandbox-gnfngfcwfuenfwbd.francecentral-01.azurewebsites.net\\\/\",\"name\":\"Physidia | H\u00e9modialyse \u00e0 Domicile\",\"description\":\"\",\"publisher\":{\"@id\":\"https:\\\/\\\/physidia-sandbox-gnfngfcwfuenfwbd.francecentral-01.azurewebsites.net\\\/#organization\"},\"alternateName\":\"Physidia | HDDQ\",\"potentialAction\":[{\"@type\":\"SearchAction\",\"target\":{\"@type\":\"EntryPoint\",\"urlTemplate\":\"https:\\\/\\\/physidia-sandbox-gnfngfcwfuenfwbd.francecentral-01.azurewebsites.net\\\/?s={search_term_string}\"},\"query-input\":{\"@type\":\"PropertyValueSpecification\",\"valueRequired\":true,\"valueName\":\"search_term_string\"}}],\"inLanguage\":\"es\"},{\"@type\":\"Organization\",\"@id\":\"https:\\\/\\\/physidia-sandbox-gnfngfcwfuenfwbd.francecentral-01.azurewebsites.net\\\/#organization\",\"name\":\"Physidia\",\"url\":\"https:\\\/\\\/physidia-sandbox-gnfngfcwfuenfwbd.francecentral-01.azurewebsites.net\\\/\",\"logo\":{\"@type\":\"ImageObject\",\"inLanguage\":\"es\",\"@id\":\"https:\\\/\\\/physidia-sandbox-gnfngfcwfuenfwbd.francecentral-01.azurewebsites.net\\\/#\\\/schema\\\/logo\\\/image\\\/\",\"url\":\"https:\\\/\\\/physidia-sandbox-gnfngfcwfuenfwbd.francecentral-01.azurewebsites.net\\\/wp-content\\\/uploads\\\/2024\\\/12\\\/logo-physidia.webp\",\"contentUrl\":\"https:\\\/\\\/physidia-sandbox-gnfngfcwfuenfwbd.francecentral-01.azurewebsites.net\\\/wp-content\\\/uploads\\\/2024\\\/12\\\/logo-physidia.webp\",\"width\":281,\"height\":283,\"caption\":\"Physidia\"},\"image\":{\"@id\":\"https:\\\/\\\/physidia-sandbox-gnfngfcwfuenfwbd.francecentral-01.azurewebsites.net\\\/#\\\/schema\\\/logo\\\/image\\\/\"},\"sameAs\":[\"https:\\\/\\\/www.facebook.com\\\/Physidia\",\"https:\\\/\\\/www.linkedin.com\\\/company\\\/physidia\\\/\"],\"description\":\"Entreprise fran\u00e7aise pionni\u00e8re de la dialyse fr\u00e9quente et flexible \u00e0 domicile, Physidia con\u00e7oit et fabrique en France des solutions innovantes pour offrir aux patients dialys\u00e9s plus de libert\u00e9, de s\u00e9r\u00e9nit\u00e9 et une meilleure qualit\u00e9 de vie.\",\"email\":\"contact@physidia.fr\",\"legalName\":\"Physidia S.A.S.\",\"foundingDate\":\"2010-11-01\",\"taxID\":\"528 454 028 00028\",\"numberOfEmployees\":{\"@type\":\"QuantitativeValue\",\"minValue\":\"51\",\"maxValue\":\"200\"},\"publishingPrinciples\":\"https:\\\/\\\/physidia-sandbox-gnfngfcwfuenfwbd.francecentral-01.azurewebsites.net\\\/mentions-legales\\\/\",\"actionableFeedbackPolicy\":\"https:\\\/\\\/physidia-sandbox-gnfngfcwfuenfwbd.francecentral-01.azurewebsites.net\\\/politique-de-confidentialite\\\/\"}]}<\/script>\n<!-- \/ Yoast SEO Premium plugin. -->","yoast_head_json":{"title":"L\u2019H\u00e9modialyse Fr\u00e9quente \u00e0 domicile - Th\u00e9rapie - PRofessoinnels de Sant\u00e9 - Physidia - H\u00e9modialyse \u00e0 Domicile","description":"La th\u00e9rapie d\u2019h\u00e9modialyse fr\u00e9quente \u00e0 domicile (HDDQ) : b\u00e9n\u00e9fices cliniques, s\u00e9curit\u00e9, crit\u00e8res d\u2019\u00e9ligibilit\u00e9 et accompagnement professionnel complet.","robots":{"index":"index","follow":"follow","max-snippet":"max-snippet:-1","max-image-preview":"max-image-preview:large","max-video-preview":"max-video-preview:-1"},"canonical":"https:\/\/physidia-sandbox-gnfngfcwfuenfwbd.francecentral-01.azurewebsites.net\/es\/healthcare-professionnals\/patient-stories-home-hemodialysis\/","og_locale":"es_ES","og_type":"article","og_title":"T\u00e9moignages de patients","og_description":"La th\u00e9rapie d\u2019h\u00e9modialyse fr\u00e9quente \u00e0 domicile (HDDQ) : b\u00e9n\u00e9fices cliniques, s\u00e9curit\u00e9, crit\u00e8res d\u2019\u00e9ligibilit\u00e9 et accompagnement professionnel complet.","og_url":"https:\/\/physidia-sandbox-gnfngfcwfuenfwbd.francecentral-01.azurewebsites.net\/es\/healthcare-professionnals\/patient-stories-home-hemodialysis\/","og_site_name":"SANDBOX-TEST-DB","article_publisher":"https:\/\/www.facebook.com\/Physidia","article_modified_time":"2025-12-12T14:06:25+00:00","og_image":[{"width":281,"height":283,"url":"https:\/\/physidia-sandbox-gnfngfcwfuenfwbd.francecentral-01.azurewebsites.net\/wp-content\/uploads\/2024\/12\/logo-physidia.webp","type":"image\/webp"}],"twitter_card":"summary_large_image","twitter_misc":{"Tiempo de lectura":"1 minuto"},"schema":{"@context":"https:\/\/schema.org","@graph":[{"@type":"WebPage","@id":"https:\/\/physidia-sandbox-gnfngfcwfuenfwbd.francecentral-01.azurewebsites.net\/en\/healthcare-professionnals\/patient-stories-home-hemodialysis\/","url":"https:\/\/physidia-sandbox-gnfngfcwfuenfwbd.francecentral-01.azurewebsites.net\/en\/healthcare-professionnals\/patient-stories-home-hemodialysis\/","name":"L\u2019H\u00e9modialyse Fr\u00e9quente \u00e0 domicile - Th\u00e9rapie - PRofessoinnels de Sant\u00e9 - Physidia - H\u00e9modialyse \u00e0 Domicile","isPartOf":{"@id":"https:\/\/physidia-sandbox-gnfngfcwfuenfwbd.francecentral-01.azurewebsites.net\/#website"},"datePublished":"2025-08-11T14:20:33+00:00","dateModified":"2025-12-12T14:06:25+00:00","description":"La th\u00e9rapie d\u2019h\u00e9modialyse fr\u00e9quente \u00e0 domicile (HDDQ) : b\u00e9n\u00e9fices cliniques, s\u00e9curit\u00e9, crit\u00e8res d\u2019\u00e9ligibilit\u00e9 et accompagnement professionnel complet.","breadcrumb":{"@id":"https:\/\/physidia-sandbox-gnfngfcwfuenfwbd.francecentral-01.azurewebsites.net\/en\/healthcare-professionnals\/patient-stories-home-hemodialysis\/#breadcrumb"},"inLanguage":"es","potentialAction":[{"@type":"ReadAction","target":["https:\/\/physidia-sandbox-gnfngfcwfuenfwbd.francecentral-01.azurewebsites.net\/en\/healthcare-professionnals\/patient-stories-home-hemodialysis\/"]}]},{"@type":"BreadcrumbList","@id":"https:\/\/physidia-sandbox-gnfngfcwfuenfwbd.francecentral-01.azurewebsites.net\/en\/healthcare-professionnals\/patient-stories-home-hemodialysis\/#breadcrumb","itemListElement":[{"@type":"ListItem","position":1,"name":"Accueil","item":"https:\/\/physidia-sandbox-gnfngfcwfuenfwbd.francecentral-01.azurewebsites.net\/"},{"@type":"ListItem","position":2,"name":"Professionnels de sant\u00e9","item":"https:\/\/physidia-sandbox-gnfngfcwfuenfwbd.francecentral-01.azurewebsites.net\/en\/healthcare-professionnals\/"},{"@type":"ListItem","position":3,"name":"T\u00e9moignages de patients"}]},{"@type":"WebSite","@id":"https:\/\/physidia-sandbox-gnfngfcwfuenfwbd.francecentral-01.azurewebsites.net\/#website","url":"https:\/\/physidia-sandbox-gnfngfcwfuenfwbd.francecentral-01.azurewebsites.net\/","name":"Physidia | H\u00e9modialyse \u00e0 Domicile","description":"","publisher":{"@id":"https:\/\/physidia-sandbox-gnfngfcwfuenfwbd.francecentral-01.azurewebsites.net\/#organization"},"alternateName":"Physidia | HDDQ","potentialAction":[{"@type":"SearchAction","target":{"@type":"EntryPoint","urlTemplate":"https:\/\/physidia-sandbox-gnfngfcwfuenfwbd.francecentral-01.azurewebsites.net\/?s={search_term_string}"},"query-input":{"@type":"PropertyValueSpecification","valueRequired":true,"valueName":"search_term_string"}}],"inLanguage":"es"},{"@type":"Organization","@id":"https:\/\/physidia-sandbox-gnfngfcwfuenfwbd.francecentral-01.azurewebsites.net\/#organization","name":"Physidia","url":"https:\/\/physidia-sandbox-gnfngfcwfuenfwbd.francecentral-01.azurewebsites.net\/","logo":{"@type":"ImageObject","inLanguage":"es","@id":"https:\/\/physidia-sandbox-gnfngfcwfuenfwbd.francecentral-01.azurewebsites.net\/#\/schema\/logo\/image\/","url":"https:\/\/physidia-sandbox-gnfngfcwfuenfwbd.francecentral-01.azurewebsites.net\/wp-content\/uploads\/2024\/12\/logo-physidia.webp","contentUrl":"https:\/\/physidia-sandbox-gnfngfcwfuenfwbd.francecentral-01.azurewebsites.net\/wp-content\/uploads\/2024\/12\/logo-physidia.webp","width":281,"height":283,"caption":"Physidia"},"image":{"@id":"https:\/\/physidia-sandbox-gnfngfcwfuenfwbd.francecentral-01.azurewebsites.net\/#\/schema\/logo\/image\/"},"sameAs":["https:\/\/www.facebook.com\/Physidia","https:\/\/www.linkedin.com\/company\/physidia\/"],"description":"Entreprise fran\u00e7aise pionni\u00e8re de la dialyse fr\u00e9quente et flexible \u00e0 domicile, Physidia con\u00e7oit et fabrique en France des solutions innovantes pour offrir aux patients dialys\u00e9s plus de libert\u00e9, de s\u00e9r\u00e9nit\u00e9 et une meilleure qualit\u00e9 de vie.","email":"contact@physidia.fr","legalName":"Physidia S.A.S.","foundingDate":"2010-11-01","taxID":"528 454 028 00028","numberOfEmployees":{"@type":"QuantitativeValue","minValue":"51","maxValue":"200"},"publishingPrinciples":"https:\/\/physidia-sandbox-gnfngfcwfuenfwbd.francecentral-01.azurewebsites.net\/mentions-legales\/","actionableFeedbackPolicy":"https:\/\/physidia-sandbox-gnfngfcwfuenfwbd.francecentral-01.azurewebsites.net\/politique-de-confidentialite\/"}]}},"_links":{"self":[{"href":"https:\/\/physidia-sandbox-gnfngfcwfuenfwbd.francecentral-01.azurewebsites.net\/es\/wp-json\/wp\/v2\/pages\/6348","targetHints":{"allow":["GET"]}}],"collection":[{"href":"https:\/\/physidia-sandbox-gnfngfcwfuenfwbd.francecentral-01.azurewebsites.net\/es\/wp-json\/wp\/v2\/pages"}],"about":[{"href":"https:\/\/physidia-sandbox-gnfngfcwfuenfwbd.francecentral-01.azurewebsites.net\/es\/wp-json\/wp\/v2\/types\/page"}],"author":[{"embeddable":true,"href":"https:\/\/physidia-sandbox-gnfngfcwfuenfwbd.francecentral-01.azurewebsites.net\/es\/wp-json\/wp\/v2\/users\/2"}],"replies":[{"embeddable":true,"href":"https:\/\/physidia-sandbox-gnfngfcwfuenfwbd.francecentral-01.azurewebsites.net\/es\/wp-json\/wp\/v2\/comments?post=6348"}],"version-history":[{"count":58,"href":"https:\/\/physidia-sandbox-gnfngfcwfuenfwbd.francecentral-01.azurewebsites.net\/es\/wp-json\/wp\/v2\/pages\/6348\/revisions"}],"predecessor-version":[{"id":6557,"href":"https:\/\/physidia-sandbox-gnfngfcwfuenfwbd.francecentral-01.azurewebsites.net\/es\/wp-json\/wp\/v2\/pages\/6348\/revisions\/6557"}],"up":[{"embeddable":true,"href":"https:\/\/physidia-sandbox-gnfngfcwfuenfwbd.francecentral-01.azurewebsites.net\/es\/wp-json\/wp\/v2\/pages\/447"}],"wp:attachment":[{"href":"https:\/\/physidia-sandbox-gnfngfcwfuenfwbd.francecentral-01.azurewebsites.net\/es\/wp-json\/wp\/v2\/media?parent=6348"}],"curies":[{"name":"wp","href":"https:\/\/api.w.org\/{rel}","templated":true}]}}