{"id":6665,"date":"2026-01-08T16:50:31","date_gmt":"2026-01-08T15:50:31","guid":{"rendered":"https:\/\/physidia-sandbox-gnfngfcwfuenfwbd.francecentral-01.azurewebsites.net\/?page_id=6665"},"modified":"2026-01-08T17:02:08","modified_gmt":"2026-01-08T16:02:08","slug":"physiguide","status":"publish","type":"page","link":"https:\/\/physidia-sandbox-gnfngfcwfuenfwbd.francecentral-01.azurewebsites.net\/es\/physiguide\/","title":{"rendered":"Physiguide"},"content":{"rendered":"<div data-elementor-type=\"wp-page\" data-elementor-id=\"6665\" class=\"elementor elementor-6665\" data-elementor-post-type=\"page\">\n\t\t\t\t<div class=\"elementor-element elementor-element-424e3859 e-flex e-con-boxed e-con e-parent\" data-id=\"424e3859\" data-element_type=\"container\" data-e-type=\"container\">\n\t\t\t\t\t<div class=\"e-con-inner\">\n\t\t\t\t<div class=\"elementor-element elementor-element-34a08448 elementor-widget elementor-widget-heading\" data-id=\"34a08448\" data-element_type=\"widget\" data-e-type=\"widget\" data-widget_type=\"heading.default\">\n\t\t\t\t<div class=\"elementor-widget-container\">\n\t\t\t\t\t<h1 class=\"elementor-heading-title elementor-size-default\">PhysiGuide<\/h1>\t\t\t\t<\/div>\n\t\t\t\t<\/div>\n\t\t\t\t<div class=\"elementor-element elementor-element-781ee604 elementor-widget elementor-widget-text-editor\" data-id=\"781ee604\" data-element_type=\"widget\" data-e-type=\"widget\" data-widget_type=\"text-editor.default\">\n\t\t\t\t<div class=\"elementor-widget-container\">\n\t\t\t\t\t\t\t\t\t<p>Bienvenue sur la plateforme vid\u00e9o du moniteur S\u00b3 et ses consommables.<\/p>\t\t\t\t\t\t\t\t<\/div>\n\t\t\t\t<\/div>\n\t\t\t\t\t<\/div>\n\t\t\t\t<\/div>\n\t\t<div class=\"elementor-element elementor-element-1c89f2de e-flex e-con-boxed e-con e-parent\" data-id=\"1c89f2de\" data-element_type=\"container\" data-e-type=\"container\">\n\t\t\t\t\t<div class=\"e-con-inner\">\n\t\t\t\t<div class=\"elementor-element elementor-element-46e3924b elementor-widget elementor-widget-heading\" data-id=\"46e3924b\" data-element_type=\"widget\" data-e-type=\"widget\" data-widget_type=\"heading.default\">\n\t\t\t\t<div class=\"elementor-widget-container\">\n\t\t\t\t\t<h2 class=\"elementor-heading-title elementor-size-default\">Pr\u00e9parer la s\u00e9ance<\/h2>\t\t\t\t<\/div>\n\t\t\t\t<\/div>\n\t\t\t\t\t<\/div>\n\t\t\t\t<\/div>\n\t\t<div class=\"elementor-element elementor-element-3f9503b8 e-flex e-con-boxed e-con e-parent\" data-id=\"3f9503b8\" data-element_type=\"container\" data-e-type=\"container\">\n\t\t\t\t\t<div class=\"e-con-inner\">\n\t\t\t\t<div class=\"elementor-element elementor-element-4b14c947 elementor-widget elementor-widget-menu-anchor\" data-id=\"4b14c947\" data-element_type=\"widget\" data-e-type=\"widget\" data-widget_type=\"menu-anchor.default\">\n\t\t\t\t<div class=\"elementor-widget-container\">\n\t\t\t\t\t\t\t<div class=\"elementor-menu-anchor\" id=\"preparation-of-the-session\"><\/div>\n\t\t\t\t\t\t<\/div>\n\t\t\t\t<\/div>\n\t\t\t\t\t<\/div>\n\t\t\t\t<\/div>\n\t\t<div class=\"elementor-element elementor-element-1a002d9c e-flex e-con-boxed e-con e-parent\" data-id=\"1a002d9c\" data-element_type=\"container\" data-e-type=\"container\">\n\t\t\t\t\t<div class=\"e-con-inner\">\n\t\t\t\t<div class=\"elementor-element elementor-element-49a61504 elementor-widget elementor-widget-menu-anchor\" data-id=\"49a61504\" data-element_type=\"widget\" data-e-type=\"widget\" data-widget_type=\"menu-anchor.default\">\n\t\t\t\t<div class=\"elementor-widget-container\">\n\t\t\t\t\t\t\t<div class=\"elementor-menu-anchor\" id=\"start-dialysis\"><\/div>\n\t\t\t\t\t\t<\/div>\n\t\t\t\t<\/div>\n\t\t\t\t\t<\/div>\n\t\t\t\t<\/div>\n\t\t<div class=\"elementor-element elementor-element-189054f8 e-flex e-con-boxed e-con e-parent\" data-id=\"189054f8\" data-element_type=\"container\" data-e-type=\"container\">\n\t\t\t\t\t<div class=\"e-con-inner\">\n\t\t\t\t<div class=\"elementor-element elementor-element-5c6c220 elementor-widget elementor-widget-heading\" data-id=\"5c6c220\" data-element_type=\"widget\" data-e-type=\"widget\" data-widget_type=\"heading.default\">\n\t\t\t\t<div class=\"elementor-widget-container\">\n\t\t\t\t\t<h2 class=\"elementor-heading-title elementor-size-default\">lancer la dialyse<\/h2>\t\t\t\t<\/div>\n\t\t\t\t<\/div>\n\t\t\t\t\t<\/div>\n\t\t\t\t<\/div>\n\t\t<div class=\"elementor-element elementor-element-41d44286 e-flex e-con-boxed e-con e-parent\" data-id=\"41d44286\" data-element_type=\"container\" data-e-type=\"container\">\n\t\t\t\t\t<div class=\"e-con-inner\">\n\t\t\t\t<div class=\"elementor-element elementor-element-2331fff0 elementor-widget elementor-widget-menu-anchor\" data-id=\"2331fff0\" data-element_type=\"widget\" data-e-type=\"widget\" data-widget_type=\"menu-anchor.default\">\n\t\t\t\t<div class=\"elementor-widget-container\">\n\t\t\t\t\t\t\t<div class=\"elementor-menu-anchor\" id=\"manage-alarms\"><\/div>\n\t\t\t\t\t\t<\/div>\n\t\t\t\t<\/div>\n\t\t\t\t\t<\/div>\n\t\t\t\t<\/div>\n\t\t<div class=\"elementor-element elementor-element-11eb6440 e-flex e-con-boxed e-con e-parent\" data-id=\"11eb6440\" data-element_type=\"container\" data-e-type=\"container\">\n\t\t\t\t\t<div class=\"e-con-inner\">\n\t\t\t\t<div class=\"elementor-element elementor-element-67968a81 elementor-widget elementor-widget-heading\" data-id=\"67968a81\" data-element_type=\"widget\" data-e-type=\"widget\" data-widget_type=\"heading.default\">\n\t\t\t\t<div class=\"elementor-widget-container\">\n\t\t\t\t\t<h2 class=\"elementor-heading-title elementor-size-default\">G\u00e9rer les alarmes<\/h2>\t\t\t\t<\/div>\n\t\t\t\t<\/div>\n\t\t\t\t\t<\/div>\n\t\t\t\t<\/div>\n\t\t\t\t<\/div>","protected":false},"excerpt":{"rendered":"<p>PhysiGuide Bienvenue sur la plateforme vid\u00e9o du moniteur S\u00b3 et ses consommables. La page est en construction et le contenu sera bient\u00f4t disponible. Preparation of the session Start Dialysis Manage Alarms Pr\u00e9parer la s\u00e9ance Pr\u00e9paration d&rsquo;une s\u00e9ance de dialyse avec le moniteur S\u00b3 Allumage de la tablette et du moniteur S\u00b3 Pr\u00e9paration d&rsquo;une s\u00e9ance de dialyse avec le moniteur S\u00b3 Play the video Preparation of a dialysis session with S\u00b3 Monitor Play the video Switching on S\u00b3 Monitor &amp; Tablet Play the video Setting up Bicarbonate bags Play the video Setting up saline bag Play the video Installation of the dialyser Play the video Connection of the interconnection harness Play the video Installation of the dialysate cassette Play the video Installation of blood line and priming the arterial line Play the video Mixing Bicarbonate dialysate bags Play the video Setting up interconnection harness with 5 Bicarbonate Bags Play the video [&hellip;]<\/p>\n","protected":false},"author":1,"featured_media":0,"parent":0,"menu_order":0,"comment_status":"closed","ping_status":"closed","template":"","meta":{"_acf_changed":false,"footnotes":""},"class_list":["post-6665","page","type-page","status-publish","hentry"],"acf":[],"yoast_head":"<!-- This site is optimized with the Yoast SEO Premium plugin v26.7 (Yoast SEO v27.3) - https:\/\/yoast.com\/product\/yoast-seo-premium-wordpress\/ -->\n<title>Physiguide - SANDBOX-TEST-DB<\/title>\n<meta name=\"robots\" content=\"index, follow, max-snippet:-1, max-image-preview:large, max-video-preview:-1\" \/>\n<link rel=\"canonical\" href=\"https:\/\/physidia-sandbox-gnfngfcwfuenfwbd.francecentral-01.azurewebsites.net\/es\/physiguide\/\" \/>\n<meta property=\"og:locale\" content=\"es_ES\" \/>\n<meta property=\"og:type\" content=\"article\" \/>\n<meta property=\"og:title\" content=\"Physiguide\" \/>\n<meta property=\"og:description\" content=\"PhysiGuide Bienvenue sur la plateforme vid\u00e9o du moniteur S\u00b3 et ses consommables. La page est en construction et le contenu sera bient\u00f4t disponible. Preparation of the session Start Dialysis Manage Alarms Pr\u00e9parer la s\u00e9ance Pr\u00e9paration d&rsquo;une s\u00e9ance de dialyse avec le moniteur S\u00b3 Allumage de la tablette et du moniteur S\u00b3 Pr\u00e9paration d&rsquo;une s\u00e9ance de dialyse avec le moniteur S\u00b3 Play the video Preparation of a dialysis session with S\u00b3 Monitor Play the video Switching on S\u00b3 Monitor &amp; Tablet Play the video Setting up Bicarbonate bags Play the video Setting up saline bag Play the video Installation of the dialyser Play the video Connection of the interconnection harness Play the video Installation of the dialysate cassette Play the video Installation of blood line and priming the arterial line Play the video Mixing Bicarbonate dialysate bags Play the video Setting up interconnection harness with 5 Bicarbonate Bags Play the video [&hellip;]\" \/>\n<meta property=\"og:url\" content=\"https:\/\/physidia-sandbox-gnfngfcwfuenfwbd.francecentral-01.azurewebsites.net\/es\/physiguide\/\" \/>\n<meta property=\"og:site_name\" content=\"SANDBOX-TEST-DB\" \/>\n<meta property=\"article:publisher\" content=\"https:\/\/www.facebook.com\/Physidia\" \/>\n<meta property=\"article:modified_time\" content=\"2026-01-08T16:02:08+00:00\" \/>\n<meta property=\"og:image\" content=\"https:\/\/physidia-sandbox-gnfngfcwfuenfwbd.francecentral-01.azurewebsites.net\/wp-content\/uploads\/2024\/12\/logo-physidia.webp\" \/>\n\t<meta property=\"og:image:width\" content=\"281\" \/>\n\t<meta property=\"og:image:height\" content=\"283\" \/>\n\t<meta property=\"og:image:type\" content=\"image\/webp\" \/>\n<meta name=\"twitter:card\" content=\"summary_large_image\" \/>\n<meta name=\"twitter:label1\" content=\"Tiempo de lectura\" \/>\n\t<meta name=\"twitter:data1\" content=\"3 minutos\" \/>\n<script type=\"application\/ld+json\" class=\"yoast-schema-graph\">{\"@context\":\"https:\\\/\\\/schema.org\",\"@graph\":[{\"@type\":\"WebPage\",\"@id\":\"https:\\\/\\\/physidia-sandbox-gnfngfcwfuenfwbd.francecentral-01.azurewebsites.net\\\/physiguide\\\/\",\"url\":\"https:\\\/\\\/physidia-sandbox-gnfngfcwfuenfwbd.francecentral-01.azurewebsites.net\\\/physiguide\\\/\",\"name\":\"Physiguide - SANDBOX-TEST-DB\",\"isPartOf\":{\"@id\":\"https:\\\/\\\/physidia-sandbox-gnfngfcwfuenfwbd.francecentral-01.azurewebsites.net\\\/#website\"},\"datePublished\":\"2026-01-08T15:50:31+00:00\",\"dateModified\":\"2026-01-08T16:02:08+00:00\",\"breadcrumb\":{\"@id\":\"https:\\\/\\\/physidia-sandbox-gnfngfcwfuenfwbd.francecentral-01.azurewebsites.net\\\/physiguide\\\/#breadcrumb\"},\"inLanguage\":\"es\",\"potentialAction\":[{\"@type\":\"ReadAction\",\"target\":[\"https:\\\/\\\/physidia-sandbox-gnfngfcwfuenfwbd.francecentral-01.azurewebsites.net\\\/physiguide\\\/\"]}]},{\"@type\":\"BreadcrumbList\",\"@id\":\"https:\\\/\\\/physidia-sandbox-gnfngfcwfuenfwbd.francecentral-01.azurewebsites.net\\\/physiguide\\\/#breadcrumb\",\"itemListElement\":[{\"@type\":\"ListItem\",\"position\":1,\"name\":\"Accueil\",\"item\":\"https:\\\/\\\/physidia-sandbox-gnfngfcwfuenfwbd.francecentral-01.azurewebsites.net\\\/\"},{\"@type\":\"ListItem\",\"position\":2,\"name\":\"Physiguide\"}]},{\"@type\":\"WebSite\",\"@id\":\"https:\\\/\\\/physidia-sandbox-gnfngfcwfuenfwbd.francecentral-01.azurewebsites.net\\\/#website\",\"url\":\"https:\\\/\\\/physidia-sandbox-gnfngfcwfuenfwbd.francecentral-01.azurewebsites.net\\\/\",\"name\":\"Physidia | H\u00e9modialyse \u00e0 Domicile\",\"description\":\"\",\"publisher\":{\"@id\":\"https:\\\/\\\/physidia-sandbox-gnfngfcwfuenfwbd.francecentral-01.azurewebsites.net\\\/#organization\"},\"alternateName\":\"Physidia | HDDQ\",\"potentialAction\":[{\"@type\":\"SearchAction\",\"target\":{\"@type\":\"EntryPoint\",\"urlTemplate\":\"https:\\\/\\\/physidia-sandbox-gnfngfcwfuenfwbd.francecentral-01.azurewebsites.net\\\/?s={search_term_string}\"},\"query-input\":{\"@type\":\"PropertyValueSpecification\",\"valueRequired\":true,\"valueName\":\"search_term_string\"}}],\"inLanguage\":\"es\"},{\"@type\":\"Organization\",\"@id\":\"https:\\\/\\\/physidia-sandbox-gnfngfcwfuenfwbd.francecentral-01.azurewebsites.net\\\/#organization\",\"name\":\"Physidia\",\"url\":\"https:\\\/\\\/physidia-sandbox-gnfngfcwfuenfwbd.francecentral-01.azurewebsites.net\\\/\",\"logo\":{\"@type\":\"ImageObject\",\"inLanguage\":\"es\",\"@id\":\"https:\\\/\\\/physidia-sandbox-gnfngfcwfuenfwbd.francecentral-01.azurewebsites.net\\\/#\\\/schema\\\/logo\\\/image\\\/\",\"url\":\"https:\\\/\\\/physidia-sandbox-gnfngfcwfuenfwbd.francecentral-01.azurewebsites.net\\\/wp-content\\\/uploads\\\/2024\\\/12\\\/logo-physidia.webp\",\"contentUrl\":\"https:\\\/\\\/physidia-sandbox-gnfngfcwfuenfwbd.francecentral-01.azurewebsites.net\\\/wp-content\\\/uploads\\\/2024\\\/12\\\/logo-physidia.webp\",\"width\":281,\"height\":283,\"caption\":\"Physidia\"},\"image\":{\"@id\":\"https:\\\/\\\/physidia-sandbox-gnfngfcwfuenfwbd.francecentral-01.azurewebsites.net\\\/#\\\/schema\\\/logo\\\/image\\\/\"},\"sameAs\":[\"https:\\\/\\\/www.facebook.com\\\/Physidia\",\"https:\\\/\\\/www.linkedin.com\\\/company\\\/physidia\\\/\"],\"description\":\"Entreprise fran\u00e7aise pionni\u00e8re de la dialyse fr\u00e9quente et flexible \u00e0 domicile, Physidia con\u00e7oit et fabrique en France des solutions innovantes pour offrir aux patients dialys\u00e9s plus de libert\u00e9, de s\u00e9r\u00e9nit\u00e9 et une meilleure qualit\u00e9 de vie.\",\"email\":\"contact@physidia.fr\",\"legalName\":\"Physidia S.A.S.\",\"foundingDate\":\"2010-11-01\",\"taxID\":\"528 454 028 00028\",\"numberOfEmployees\":{\"@type\":\"QuantitativeValue\",\"minValue\":\"51\",\"maxValue\":\"200\"},\"publishingPrinciples\":\"https:\\\/\\\/physidia-sandbox-gnfngfcwfuenfwbd.francecentral-01.azurewebsites.net\\\/mentions-legales\\\/\",\"actionableFeedbackPolicy\":\"https:\\\/\\\/physidia-sandbox-gnfngfcwfuenfwbd.francecentral-01.azurewebsites.net\\\/politique-de-confidentialite\\\/\"}]}<\/script>\n<!-- \/ Yoast SEO Premium plugin. -->","yoast_head_json":{"title":"Physiguide - SANDBOX-TEST-DB","robots":{"index":"index","follow":"follow","max-snippet":"max-snippet:-1","max-image-preview":"max-image-preview:large","max-video-preview":"max-video-preview:-1"},"canonical":"https:\/\/physidia-sandbox-gnfngfcwfuenfwbd.francecentral-01.azurewebsites.net\/es\/physiguide\/","og_locale":"es_ES","og_type":"article","og_title":"Physiguide","og_description":"PhysiGuide Bienvenue sur la plateforme vid\u00e9o du moniteur S\u00b3 et ses consommables. La page est en construction et le contenu sera bient\u00f4t disponible. Preparation of the session Start Dialysis Manage Alarms Pr\u00e9parer la s\u00e9ance Pr\u00e9paration d&rsquo;une s\u00e9ance de dialyse avec le moniteur S\u00b3 Allumage de la tablette et du moniteur S\u00b3 Pr\u00e9paration d&rsquo;une s\u00e9ance de dialyse avec le moniteur S\u00b3 Play the video Preparation of a dialysis session with S\u00b3 Monitor Play the video Switching on S\u00b3 Monitor &amp; Tablet Play the video Setting up Bicarbonate bags Play the video Setting up saline bag Play the video Installation of the dialyser Play the video Connection of the interconnection harness Play the video Installation of the dialysate cassette Play the video Installation of blood line and priming the arterial line Play the video Mixing Bicarbonate dialysate bags Play the video Setting up interconnection harness with 5 Bicarbonate Bags Play the video [&hellip;]","og_url":"https:\/\/physidia-sandbox-gnfngfcwfuenfwbd.francecentral-01.azurewebsites.net\/es\/physiguide\/","og_site_name":"SANDBOX-TEST-DB","article_publisher":"https:\/\/www.facebook.com\/Physidia","article_modified_time":"2026-01-08T16:02:08+00:00","og_image":[{"width":281,"height":283,"url":"https:\/\/physidia-sandbox-gnfngfcwfuenfwbd.francecentral-01.azurewebsites.net\/wp-content\/uploads\/2024\/12\/logo-physidia.webp","type":"image\/webp"}],"twitter_card":"summary_large_image","twitter_misc":{"Tiempo de lectura":"3 minutos"},"schema":{"@context":"https:\/\/schema.org","@graph":[{"@type":"WebPage","@id":"https:\/\/physidia-sandbox-gnfngfcwfuenfwbd.francecentral-01.azurewebsites.net\/physiguide\/","url":"https:\/\/physidia-sandbox-gnfngfcwfuenfwbd.francecentral-01.azurewebsites.net\/physiguide\/","name":"Physiguide - SANDBOX-TEST-DB","isPartOf":{"@id":"https:\/\/physidia-sandbox-gnfngfcwfuenfwbd.francecentral-01.azurewebsites.net\/#website"},"datePublished":"2026-01-08T15:50:31+00:00","dateModified":"2026-01-08T16:02:08+00:00","breadcrumb":{"@id":"https:\/\/physidia-sandbox-gnfngfcwfuenfwbd.francecentral-01.azurewebsites.net\/physiguide\/#breadcrumb"},"inLanguage":"es","potentialAction":[{"@type":"ReadAction","target":["https:\/\/physidia-sandbox-gnfngfcwfuenfwbd.francecentral-01.azurewebsites.net\/physiguide\/"]}]},{"@type":"BreadcrumbList","@id":"https:\/\/physidia-sandbox-gnfngfcwfuenfwbd.francecentral-01.azurewebsites.net\/physiguide\/#breadcrumb","itemListElement":[{"@type":"ListItem","position":1,"name":"Accueil","item":"https:\/\/physidia-sandbox-gnfngfcwfuenfwbd.francecentral-01.azurewebsites.net\/"},{"@type":"ListItem","position":2,"name":"Physiguide"}]},{"@type":"WebSite","@id":"https:\/\/physidia-sandbox-gnfngfcwfuenfwbd.francecentral-01.azurewebsites.net\/#website","url":"https:\/\/physidia-sandbox-gnfngfcwfuenfwbd.francecentral-01.azurewebsites.net\/","name":"Physidia | H\u00e9modialyse \u00e0 Domicile","description":"","publisher":{"@id":"https:\/\/physidia-sandbox-gnfngfcwfuenfwbd.francecentral-01.azurewebsites.net\/#organization"},"alternateName":"Physidia | HDDQ","potentialAction":[{"@type":"SearchAction","target":{"@type":"EntryPoint","urlTemplate":"https:\/\/physidia-sandbox-gnfngfcwfuenfwbd.francecentral-01.azurewebsites.net\/?s={search_term_string}"},"query-input":{"@type":"PropertyValueSpecification","valueRequired":true,"valueName":"search_term_string"}}],"inLanguage":"es"},{"@type":"Organization","@id":"https:\/\/physidia-sandbox-gnfngfcwfuenfwbd.francecentral-01.azurewebsites.net\/#organization","name":"Physidia","url":"https:\/\/physidia-sandbox-gnfngfcwfuenfwbd.francecentral-01.azurewebsites.net\/","logo":{"@type":"ImageObject","inLanguage":"es","@id":"https:\/\/physidia-sandbox-gnfngfcwfuenfwbd.francecentral-01.azurewebsites.net\/#\/schema\/logo\/image\/","url":"https:\/\/physidia-sandbox-gnfngfcwfuenfwbd.francecentral-01.azurewebsites.net\/wp-content\/uploads\/2024\/12\/logo-physidia.webp","contentUrl":"https:\/\/physidia-sandbox-gnfngfcwfuenfwbd.francecentral-01.azurewebsites.net\/wp-content\/uploads\/2024\/12\/logo-physidia.webp","width":281,"height":283,"caption":"Physidia"},"image":{"@id":"https:\/\/physidia-sandbox-gnfngfcwfuenfwbd.francecentral-01.azurewebsites.net\/#\/schema\/logo\/image\/"},"sameAs":["https:\/\/www.facebook.com\/Physidia","https:\/\/www.linkedin.com\/company\/physidia\/"],"description":"Entreprise fran\u00e7aise pionni\u00e8re de la dialyse fr\u00e9quente et flexible \u00e0 domicile, Physidia con\u00e7oit et fabrique en France des solutions innovantes pour offrir aux patients dialys\u00e9s plus de libert\u00e9, de s\u00e9r\u00e9nit\u00e9 et une meilleure qualit\u00e9 de vie.","email":"contact@physidia.fr","legalName":"Physidia S.A.S.","foundingDate":"2010-11-01","taxID":"528 454 028 00028","numberOfEmployees":{"@type":"QuantitativeValue","minValue":"51","maxValue":"200"},"publishingPrinciples":"https:\/\/physidia-sandbox-gnfngfcwfuenfwbd.francecentral-01.azurewebsites.net\/mentions-legales\/","actionableFeedbackPolicy":"https:\/\/physidia-sandbox-gnfngfcwfuenfwbd.francecentral-01.azurewebsites.net\/politique-de-confidentialite\/"}]}},"_links":{"self":[{"href":"https:\/\/physidia-sandbox-gnfngfcwfuenfwbd.francecentral-01.azurewebsites.net\/es\/wp-json\/wp\/v2\/pages\/6665","targetHints":{"allow":["GET"]}}],"collection":[{"href":"https:\/\/physidia-sandbox-gnfngfcwfuenfwbd.francecentral-01.azurewebsites.net\/es\/wp-json\/wp\/v2\/pages"}],"about":[{"href":"https:\/\/physidia-sandbox-gnfngfcwfuenfwbd.francecentral-01.azurewebsites.net\/es\/wp-json\/wp\/v2\/types\/page"}],"author":[{"embeddable":true,"href":"https:\/\/physidia-sandbox-gnfngfcwfuenfwbd.francecentral-01.azurewebsites.net\/es\/wp-json\/wp\/v2\/users\/1"}],"replies":[{"embeddable":true,"href":"https:\/\/physidia-sandbox-gnfngfcwfuenfwbd.francecentral-01.azurewebsites.net\/es\/wp-json\/wp\/v2\/comments?post=6665"}],"version-history":[{"count":4,"href":"https:\/\/physidia-sandbox-gnfngfcwfuenfwbd.francecentral-01.azurewebsites.net\/es\/wp-json\/wp\/v2\/pages\/6665\/revisions"}],"predecessor-version":[{"id":6672,"href":"https:\/\/physidia-sandbox-gnfngfcwfuenfwbd.francecentral-01.azurewebsites.net\/es\/wp-json\/wp\/v2\/pages\/6665\/revisions\/6672"}],"wp:attachment":[{"href":"https:\/\/physidia-sandbox-gnfngfcwfuenfwbd.francecentral-01.azurewebsites.net\/es\/wp-json\/wp\/v2\/media?parent=6665"}],"curies":[{"name":"wp","href":"https:\/\/api.w.org\/{rel}","templated":true}]}}