{"id":819,"date":"2025-01-31T10:37:19","date_gmt":"2025-01-31T09:37:19","guid":{"rendered":"https:\/\/physidia-sandbox-gnfngfcwfuenfwbd.francecentral-01.azurewebsites.net\/?page_id=819"},"modified":"2025-01-31T10:50:45","modified_gmt":"2025-01-31T09:50:45","slug":"a-propos-patients","status":"publish","type":"page","link":"https:\/\/physidia-sandbox-gnfngfcwfuenfwbd.francecentral-01.azurewebsites.net\/es\/pacientes\/a-propos-patients\/","title":{"rendered":"Acerca de"},"content":{"rendered":"","protected":false},"excerpt":{"rendered":"","protected":false},"author":1,"featured_media":0,"parent":58,"menu_order":0,"comment_status":"closed","ping_status":"closed","template":"","meta":{"_acf_changed":false,"footnotes":""},"class_list":["post-819","page","type-page","status-publish","hentry"],"acf":[],"yoast_head":"<!-- This site is optimized with the Yoast SEO Premium plugin v26.7 (Yoast SEO v27.3) - https:\/\/yoast.com\/product\/yoast-seo-premium-wordpress\/ -->\n<title>Physidia - Patients - H\u00e9modialyse \u00e0 Domicile - A Propos<\/title>\n<meta name=\"description\" content=\"D\u00e9couvrez comment Physidia accompagne les patients insuffisants r\u00e9naux \u00e0 chaque \u00e9tape : pr\u00e9sentation de nos services, sensibilisation \u00e0 l\u2019h\u00e9modialyse \u00e0 domicile, ressources \u00e9ducatives et soutien personnalis\u00e9.\" \/>\n<meta name=\"robots\" content=\"index, follow, max-snippet:-1, max-image-preview:large, max-video-preview:-1\" \/>\n<link rel=\"canonical\" href=\"https:\/\/physidia-sandbox-gnfngfcwfuenfwbd.francecentral-01.azurewebsites.net\/es\/pacientes\/a-propos-patients\/\" \/>\n<meta property=\"og:locale\" content=\"es_ES\" \/>\n<meta property=\"og:type\" content=\"article\" \/>\n<meta property=\"og:title\" content=\"A propos\" \/>\n<meta property=\"og:description\" content=\"D\u00e9couvrez comment Physidia accompagne les patients insuffisants r\u00e9naux \u00e0 chaque \u00e9tape : pr\u00e9sentation de nos services, sensibilisation \u00e0 l\u2019h\u00e9modialyse \u00e0 domicile, ressources \u00e9ducatives et soutien personnalis\u00e9.\" \/>\n<meta property=\"og:url\" content=\"https:\/\/physidia-sandbox-gnfngfcwfuenfwbd.francecentral-01.azurewebsites.net\/es\/pacientes\/a-propos-patients\/\" \/>\n<meta property=\"og:site_name\" content=\"SANDBOX-TEST-DB\" \/>\n<meta property=\"article:publisher\" content=\"https:\/\/www.facebook.com\/Physidia\" \/>\n<meta property=\"article:modified_time\" content=\"2025-01-31T09:50:45+00:00\" \/>\n<meta property=\"og:image\" content=\"https:\/\/physidia-sandbox-gnfngfcwfuenfwbd.francecentral-01.azurewebsites.net\/wp-content\/uploads\/2024\/12\/logo-physidia.webp\" \/>\n\t<meta property=\"og:image:width\" content=\"281\" \/>\n\t<meta property=\"og:image:height\" content=\"283\" \/>\n\t<meta property=\"og:image:type\" content=\"image\/webp\" \/>\n<meta name=\"twitter:card\" content=\"summary_large_image\" \/>\n<script type=\"application\/ld+json\" class=\"yoast-schema-graph\">{\"@context\":\"https:\\\/\\\/schema.org\",\"@graph\":[{\"@type\":\"WebPage\",\"@id\":\"https:\\\/\\\/physidia-sandbox-gnfngfcwfuenfwbd.francecentral-01.azurewebsites.net\\\/patients\\\/a-propos-patients\\\/\",\"url\":\"https:\\\/\\\/physidia-sandbox-gnfngfcwfuenfwbd.francecentral-01.azurewebsites.net\\\/patients\\\/a-propos-patients\\\/\",\"name\":\"Physidia - Patients - H\u00e9modialyse \u00e0 Domicile - A Propos\",\"isPartOf\":{\"@id\":\"https:\\\/\\\/physidia-sandbox-gnfngfcwfuenfwbd.francecentral-01.azurewebsites.net\\\/#website\"},\"datePublished\":\"2025-01-31T09:37:19+00:00\",\"dateModified\":\"2025-01-31T09:50:45+00:00\",\"description\":\"D\u00e9couvrez comment Physidia accompagne les patients insuffisants r\u00e9naux \u00e0 chaque \u00e9tape : pr\u00e9sentation de nos services, sensibilisation \u00e0 l\u2019h\u00e9modialyse \u00e0 domicile, ressources \u00e9ducatives et soutien personnalis\u00e9.\",\"breadcrumb\":{\"@id\":\"https:\\\/\\\/physidia-sandbox-gnfngfcwfuenfwbd.francecentral-01.azurewebsites.net\\\/patients\\\/a-propos-patients\\\/#breadcrumb\"},\"inLanguage\":\"es\",\"potentialAction\":[{\"@type\":\"ReadAction\",\"target\":[\"https:\\\/\\\/physidia-sandbox-gnfngfcwfuenfwbd.francecentral-01.azurewebsites.net\\\/patients\\\/a-propos-patients\\\/\"]}]},{\"@type\":\"BreadcrumbList\",\"@id\":\"https:\\\/\\\/physidia-sandbox-gnfngfcwfuenfwbd.francecentral-01.azurewebsites.net\\\/patients\\\/a-propos-patients\\\/#breadcrumb\",\"itemListElement\":[{\"@type\":\"ListItem\",\"position\":1,\"name\":\"Accueil\",\"item\":\"https:\\\/\\\/physidia-sandbox-gnfngfcwfuenfwbd.francecentral-01.azurewebsites.net\\\/\"},{\"@type\":\"ListItem\",\"position\":2,\"name\":\"Patients\",\"item\":\"https:\\\/\\\/physidia-sandbox-gnfngfcwfuenfwbd.francecentral-01.azurewebsites.net\\\/patients\\\/\"},{\"@type\":\"ListItem\",\"position\":3,\"name\":\"A propos\"}]},{\"@type\":\"WebSite\",\"@id\":\"https:\\\/\\\/physidia-sandbox-gnfngfcwfuenfwbd.francecentral-01.azurewebsites.net\\\/#website\",\"url\":\"https:\\\/\\\/physidia-sandbox-gnfngfcwfuenfwbd.francecentral-01.azurewebsites.net\\\/\",\"name\":\"Physidia | H\u00e9modialyse \u00e0 Domicile\",\"description\":\"\",\"publisher\":{\"@id\":\"https:\\\/\\\/physidia-sandbox-gnfngfcwfuenfwbd.francecentral-01.azurewebsites.net\\\/#organization\"},\"alternateName\":\"Physidia | HDDQ\",\"potentialAction\":[{\"@type\":\"SearchAction\",\"target\":{\"@type\":\"EntryPoint\",\"urlTemplate\":\"https:\\\/\\\/physidia-sandbox-gnfngfcwfuenfwbd.francecentral-01.azurewebsites.net\\\/?s={search_term_string}\"},\"query-input\":{\"@type\":\"PropertyValueSpecification\",\"valueRequired\":true,\"valueName\":\"search_term_string\"}}],\"inLanguage\":\"es\"},{\"@type\":\"Organization\",\"@id\":\"https:\\\/\\\/physidia-sandbox-gnfngfcwfuenfwbd.francecentral-01.azurewebsites.net\\\/#organization\",\"name\":\"Physidia\",\"url\":\"https:\\\/\\\/physidia-sandbox-gnfngfcwfuenfwbd.francecentral-01.azurewebsites.net\\\/\",\"logo\":{\"@type\":\"ImageObject\",\"inLanguage\":\"es\",\"@id\":\"https:\\\/\\\/physidia-sandbox-gnfngfcwfuenfwbd.francecentral-01.azurewebsites.net\\\/#\\\/schema\\\/logo\\\/image\\\/\",\"url\":\"https:\\\/\\\/physidia-sandbox-gnfngfcwfuenfwbd.francecentral-01.azurewebsites.net\\\/wp-content\\\/uploads\\\/2024\\\/12\\\/logo-physidia.webp\",\"contentUrl\":\"https:\\\/\\\/physidia-sandbox-gnfngfcwfuenfwbd.francecentral-01.azurewebsites.net\\\/wp-content\\\/uploads\\\/2024\\\/12\\\/logo-physidia.webp\",\"width\":281,\"height\":283,\"caption\":\"Physidia\"},\"image\":{\"@id\":\"https:\\\/\\\/physidia-sandbox-gnfngfcwfuenfwbd.francecentral-01.azurewebsites.net\\\/#\\\/schema\\\/logo\\\/image\\\/\"},\"sameAs\":[\"https:\\\/\\\/www.facebook.com\\\/Physidia\",\"https:\\\/\\\/www.linkedin.com\\\/company\\\/physidia\\\/\"],\"description\":\"Entreprise fran\u00e7aise pionni\u00e8re de la dialyse fr\u00e9quente et flexible \u00e0 domicile, Physidia con\u00e7oit et fabrique en France des solutions innovantes pour offrir aux patients dialys\u00e9s plus de libert\u00e9, de s\u00e9r\u00e9nit\u00e9 et une meilleure qualit\u00e9 de vie.\",\"email\":\"contact@physidia.fr\",\"legalName\":\"Physidia S.A.S.\",\"foundingDate\":\"2010-11-01\",\"taxID\":\"528 454 028 00028\",\"numberOfEmployees\":{\"@type\":\"QuantitativeValue\",\"minValue\":\"51\",\"maxValue\":\"200\"},\"publishingPrinciples\":\"https:\\\/\\\/physidia-sandbox-gnfngfcwfuenfwbd.francecentral-01.azurewebsites.net\\\/mentions-legales\\\/\",\"actionableFeedbackPolicy\":\"https:\\\/\\\/physidia-sandbox-gnfngfcwfuenfwbd.francecentral-01.azurewebsites.net\\\/politique-de-confidentialite\\\/\"}]}<\/script>\n<!-- \/ Yoast SEO Premium plugin. -->","yoast_head_json":{"title":"Physidia - Patients - H\u00e9modialyse \u00e0 Domicile - A Propos","description":"D\u00e9couvrez comment Physidia accompagne les patients insuffisants r\u00e9naux \u00e0 chaque \u00e9tape : pr\u00e9sentation de nos services, sensibilisation \u00e0 l\u2019h\u00e9modialyse \u00e0 domicile, ressources \u00e9ducatives et soutien personnalis\u00e9.","robots":{"index":"index","follow":"follow","max-snippet":"max-snippet:-1","max-image-preview":"max-image-preview:large","max-video-preview":"max-video-preview:-1"},"canonical":"https:\/\/physidia-sandbox-gnfngfcwfuenfwbd.francecentral-01.azurewebsites.net\/es\/pacientes\/a-propos-patients\/","og_locale":"es_ES","og_type":"article","og_title":"A propos","og_description":"D\u00e9couvrez comment Physidia accompagne les patients insuffisants r\u00e9naux \u00e0 chaque \u00e9tape : pr\u00e9sentation de nos services, sensibilisation \u00e0 l\u2019h\u00e9modialyse \u00e0 domicile, ressources \u00e9ducatives et soutien personnalis\u00e9.","og_url":"https:\/\/physidia-sandbox-gnfngfcwfuenfwbd.francecentral-01.azurewebsites.net\/es\/pacientes\/a-propos-patients\/","og_site_name":"SANDBOX-TEST-DB","article_publisher":"https:\/\/www.facebook.com\/Physidia","article_modified_time":"2025-01-31T09:50:45+00:00","og_image":[{"width":281,"height":283,"url":"https:\/\/physidia-sandbox-gnfngfcwfuenfwbd.francecentral-01.azurewebsites.net\/wp-content\/uploads\/2024\/12\/logo-physidia.webp","type":"image\/webp"}],"twitter_card":"summary_large_image","schema":{"@context":"https:\/\/schema.org","@graph":[{"@type":"WebPage","@id":"https:\/\/physidia-sandbox-gnfngfcwfuenfwbd.francecentral-01.azurewebsites.net\/patients\/a-propos-patients\/","url":"https:\/\/physidia-sandbox-gnfngfcwfuenfwbd.francecentral-01.azurewebsites.net\/patients\/a-propos-patients\/","name":"Physidia - Patients - H\u00e9modialyse \u00e0 Domicile - A Propos","isPartOf":{"@id":"https:\/\/physidia-sandbox-gnfngfcwfuenfwbd.francecentral-01.azurewebsites.net\/#website"},"datePublished":"2025-01-31T09:37:19+00:00","dateModified":"2025-01-31T09:50:45+00:00","description":"D\u00e9couvrez comment Physidia accompagne les patients insuffisants r\u00e9naux \u00e0 chaque \u00e9tape : pr\u00e9sentation de nos services, sensibilisation \u00e0 l\u2019h\u00e9modialyse \u00e0 domicile, ressources \u00e9ducatives et soutien personnalis\u00e9.","breadcrumb":{"@id":"https:\/\/physidia-sandbox-gnfngfcwfuenfwbd.francecentral-01.azurewebsites.net\/patients\/a-propos-patients\/#breadcrumb"},"inLanguage":"es","potentialAction":[{"@type":"ReadAction","target":["https:\/\/physidia-sandbox-gnfngfcwfuenfwbd.francecentral-01.azurewebsites.net\/patients\/a-propos-patients\/"]}]},{"@type":"BreadcrumbList","@id":"https:\/\/physidia-sandbox-gnfngfcwfuenfwbd.francecentral-01.azurewebsites.net\/patients\/a-propos-patients\/#breadcrumb","itemListElement":[{"@type":"ListItem","position":1,"name":"Accueil","item":"https:\/\/physidia-sandbox-gnfngfcwfuenfwbd.francecentral-01.azurewebsites.net\/"},{"@type":"ListItem","position":2,"name":"Patients","item":"https:\/\/physidia-sandbox-gnfngfcwfuenfwbd.francecentral-01.azurewebsites.net\/patients\/"},{"@type":"ListItem","position":3,"name":"A propos"}]},{"@type":"WebSite","@id":"https:\/\/physidia-sandbox-gnfngfcwfuenfwbd.francecentral-01.azurewebsites.net\/#website","url":"https:\/\/physidia-sandbox-gnfngfcwfuenfwbd.francecentral-01.azurewebsites.net\/","name":"Physidia | H\u00e9modialyse \u00e0 Domicile","description":"","publisher":{"@id":"https:\/\/physidia-sandbox-gnfngfcwfuenfwbd.francecentral-01.azurewebsites.net\/#organization"},"alternateName":"Physidia | HDDQ","potentialAction":[{"@type":"SearchAction","target":{"@type":"EntryPoint","urlTemplate":"https:\/\/physidia-sandbox-gnfngfcwfuenfwbd.francecentral-01.azurewebsites.net\/?s={search_term_string}"},"query-input":{"@type":"PropertyValueSpecification","valueRequired":true,"valueName":"search_term_string"}}],"inLanguage":"es"},{"@type":"Organization","@id":"https:\/\/physidia-sandbox-gnfngfcwfuenfwbd.francecentral-01.azurewebsites.net\/#organization","name":"Physidia","url":"https:\/\/physidia-sandbox-gnfngfcwfuenfwbd.francecentral-01.azurewebsites.net\/","logo":{"@type":"ImageObject","inLanguage":"es","@id":"https:\/\/physidia-sandbox-gnfngfcwfuenfwbd.francecentral-01.azurewebsites.net\/#\/schema\/logo\/image\/","url":"https:\/\/physidia-sandbox-gnfngfcwfuenfwbd.francecentral-01.azurewebsites.net\/wp-content\/uploads\/2024\/12\/logo-physidia.webp","contentUrl":"https:\/\/physidia-sandbox-gnfngfcwfuenfwbd.francecentral-01.azurewebsites.net\/wp-content\/uploads\/2024\/12\/logo-physidia.webp","width":281,"height":283,"caption":"Physidia"},"image":{"@id":"https:\/\/physidia-sandbox-gnfngfcwfuenfwbd.francecentral-01.azurewebsites.net\/#\/schema\/logo\/image\/"},"sameAs":["https:\/\/www.facebook.com\/Physidia","https:\/\/www.linkedin.com\/company\/physidia\/"],"description":"Entreprise fran\u00e7aise pionni\u00e8re de la dialyse fr\u00e9quente et flexible \u00e0 domicile, Physidia con\u00e7oit et fabrique en France des solutions innovantes pour offrir aux patients dialys\u00e9s plus de libert\u00e9, de s\u00e9r\u00e9nit\u00e9 et une meilleure qualit\u00e9 de vie.","email":"contact@physidia.fr","legalName":"Physidia S.A.S.","foundingDate":"2010-11-01","taxID":"528 454 028 00028","numberOfEmployees":{"@type":"QuantitativeValue","minValue":"51","maxValue":"200"},"publishingPrinciples":"https:\/\/physidia-sandbox-gnfngfcwfuenfwbd.francecentral-01.azurewebsites.net\/mentions-legales\/","actionableFeedbackPolicy":"https:\/\/physidia-sandbox-gnfngfcwfuenfwbd.francecentral-01.azurewebsites.net\/politique-de-confidentialite\/"}]}},"_links":{"self":[{"href":"https:\/\/physidia-sandbox-gnfngfcwfuenfwbd.francecentral-01.azurewebsites.net\/es\/wp-json\/wp\/v2\/pages\/819","targetHints":{"allow":["GET"]}}],"collection":[{"href":"https:\/\/physidia-sandbox-gnfngfcwfuenfwbd.francecentral-01.azurewebsites.net\/es\/wp-json\/wp\/v2\/pages"}],"about":[{"href":"https:\/\/physidia-sandbox-gnfngfcwfuenfwbd.francecentral-01.azurewebsites.net\/es\/wp-json\/wp\/v2\/types\/page"}],"author":[{"embeddable":true,"href":"https:\/\/physidia-sandbox-gnfngfcwfuenfwbd.francecentral-01.azurewebsites.net\/es\/wp-json\/wp\/v2\/users\/1"}],"replies":[{"embeddable":true,"href":"https:\/\/physidia-sandbox-gnfngfcwfuenfwbd.francecentral-01.azurewebsites.net\/es\/wp-json\/wp\/v2\/comments?post=819"}],"version-history":[{"count":4,"href":"https:\/\/physidia-sandbox-gnfngfcwfuenfwbd.francecentral-01.azurewebsites.net\/es\/wp-json\/wp\/v2\/pages\/819\/revisions"}],"predecessor-version":[{"id":823,"href":"https:\/\/physidia-sandbox-gnfngfcwfuenfwbd.francecentral-01.azurewebsites.net\/es\/wp-json\/wp\/v2\/pages\/819\/revisions\/823"}],"up":[{"embeddable":true,"href":"https:\/\/physidia-sandbox-gnfngfcwfuenfwbd.francecentral-01.azurewebsites.net\/es\/wp-json\/wp\/v2\/pages\/58"}],"wp:attachment":[{"href":"https:\/\/physidia-sandbox-gnfngfcwfuenfwbd.francecentral-01.azurewebsites.net\/es\/wp-json\/wp\/v2\/media?parent=819"}],"curies":[{"name":"wp","href":"https:\/\/api.w.org\/{rel}","templated":true}]}}