{"id":94,"date":"2024-12-18T16:45:24","date_gmt":"2024-12-18T15:45:24","guid":{"rendered":"https:\/\/physidia-sandbox-gnfngfcwfuenfwbd.francecentral-01.azurewebsites.net\/?page_id=94"},"modified":"2025-07-14T15:30:21","modified_gmt":"2025-07-14T13:30:21","slug":"politique-sur-les-cookies","status":"publish","type":"page","link":"https:\/\/physidia-sandbox-gnfngfcwfuenfwbd.francecentral-01.azurewebsites.net\/es\/politica-relativa-a-las-cookies-de-physidia\/","title":{"rendered":"Pol\u00edtica de cookies"},"content":{"rendered":"<div data-elementor-type=\"wp-page\" data-elementor-id=\"94\" class=\"elementor elementor-94\" data-elementor-post-type=\"page\">\n\t\t\t\t<div class=\"elementor-element elementor-element-e70683e e-flex e-con-boxed e-con e-parent\" data-id=\"e70683e\" data-element_type=\"container\" data-e-type=\"container\" data-settings=\"{&quot;background_background&quot;:&quot;classic&quot;}\">\n\t\t\t\t\t<div class=\"e-con-inner\">\n\t\t\t\t<div class=\"elementor-element elementor-element-10e926f elementor-widget elementor-widget-shortcode\" data-id=\"10e926f\" data-element_type=\"widget\" data-e-type=\"widget\" data-widget_type=\"shortcode.default\">\n\t\t\t\t<div class=\"elementor-widget-container\">\n\t\t\t\t\t\t\t<div class=\"elementor-shortcode\"><span><span><a href=\"https:\/\/physidia-sandbox-gnfngfcwfuenfwbd.francecentral-01.azurewebsites.net\/es\/\"><img decoding=\"async\" alt=\"Inicio\" src=\"https:\/\/physidia-sandbox-gnfngfcwfuenfwbd.francecentral-01.azurewebsites.net\/wp-content\/themes\/hello-theme-child-master\/img\/home.svg\" class=\"home-breadcrumb\" \/> Inicio<\/a><\/span><\/span><\/div>\n\t\t\t\t\t\t<\/div>\n\t\t\t\t<\/div>\n\t\t\t\t\t<\/div>\n\t\t\t\t<\/div>\n\t\t<div class=\"elementor-element elementor-element-bc4398a e-flex e-con-boxed e-con e-parent\" data-id=\"bc4398a\" data-element_type=\"container\" data-e-type=\"container\" data-settings=\"{&quot;background_background&quot;:&quot;classic&quot;}\">\n\t\t\t\t\t<div class=\"e-con-inner\">\n\t\t\t\t<div class=\"elementor-element elementor-element-3b7852f elementor-widget elementor-widget-text-editor\" data-id=\"3b7852f\" data-element_type=\"widget\" data-e-type=\"widget\" data-widget_type=\"text-editor.default\">\n\t\t\t\t<div class=\"elementor-widget-container\">\n\t\t\t\t\t\t\t\t\t<h1 style=\"text-align: center;\" class=\"translation-block\"><span style=\"color: #004c7c\">Pol\u00edtica relativa a las<br><strong>cookies de Physidia<\/strong><\/span><\/h1><p>\u00daltima actualizaci\u00f3n: Marzo de 2025<\/p><h3>Introducci\u00f3n<\/h3><p>En Physidia, nos tomamos muy en serio la protecci\u00f3n de su privacidad y estamos comprometidos a cumplir con toda la normativa vigente en materia de protecci\u00f3n de datos. Esta Pol\u00edtica de cookies explica c\u00f3mo y por qu\u00e9 usamos cookies en nuestro sitio web.<\/p><h3>2. \u00bfQu\u00e9 es una \u201ccookie?<\/h3><p>Una cookie es un peque\u00f1o archivo de texto que se almacena en su dispositivo (ordenador, tableta, tel\u00e9fono inteligente) cuando visita un sitio web. Permite que el sitio web reconozca su dispositivo y mejore su experiencia de usuario guardando cierta informaci\u00f3n, como sus preferencias de navegaci\u00f3n.<\/p><h3>3. \u00bfPor qu\u00e9 usamos cookies?<\/h3><p>Utilizamos cookies por varias razones:<\/p><ul><li class=\"translation-block\"><strong>Garantizar el correcto funcionamiento del sitio web<\/strong>: Algunas cookies son esenciales para garantizar la seguridad y el desempe\u00f1o del sitio web.<\/li><li class=\"translation-block\"><strong>Mejorar la experiencia del usuario<\/strong>: Al recordar sus preferencias y elecciones, logramos que su navegaci\u00f3n sea m\u00e1s sencilla.<\/li><li class=\"translation-block\"><strong>Analizar el tr\u00e1fico del sitio web<\/strong>: Usamos cookies anal\u00edticas para comprender c\u00f3mo se utiliza nuestro sitio web y para mejorarlo bas\u00e1ndonos en esa informaci\u00f3n.<\/li><li class=\"translation-block\"><strong>Proporcionar contenido y publicidad personalizados<\/strong>: Con su consentimiento previo, podemos utilizar las cookies para ofrecerle contenido y publicidad adaptados a sus intereses.<\/li><\/ul><h3>4. \u00bfQu\u00e9 tipo de cookies utilizamos?<\/h3><ul><li><strong>Cookies estrictamente necesarias<\/strong> : Indispensables para el buen funcionamiento del sitio, no se pueden desactivar<\/li><li><strong>Cookies de desempe\u00f1o y an\u00e1lisis:<\/strong> : Permiten medir el p\u00fablico que visita el sitio y mejorar el sitio.<\/li><li><strong>Cookies funcionales<\/strong> : Memorizan sus preferencias para una navegaci\u00f3n m\u00e1s fluida.<\/li><li><strong>Cookies de seguimiento y publicidad<\/strong> : Se utilizan para proponer contenidos adaptados a sus intereses.<\/li><\/ul><h3>5. \u00bfCu\u00e1nto tiempo se almacenan las cookies?<\/h3><p>Desde el momento de su primera visita al sitio web y tras recopilar su consentimiento, las cookies se almacenar\u00e1n durante el tiempo indicado a continuaci\u00f3n:<\/p><ul><li class=\"translation-block\"><strong>Cookies estrictamente necesarias<\/strong>: 13 meses<\/li><li class=\"translation-block\"><strong>Cookies de desempe\u00f1o y anal\u00edticas<\/strong>: 13 meses<\/li><li class=\"translation-block\"><strong>Cookies funcionales<\/strong>: 13 meses<\/li><li class=\"translation-block\"><strong>Cookies de seguimiento y publicidad<\/strong>: 6 meses, despu\u00e9s de los cuales es necesario renovar su consentimiento.<\/li><\/ul><h3>6. Gesti\u00f3n de cookies<\/h3><p>Cuando visita nuestro sitio web por primera vez, un b\u00e1ner le informa acerca del uso de cookies y le permite aceptar o rechazar determinados tipos de cookies, a excepci\u00f3n de las estrictamente necesarias para el funcionamiento del sitio web. Puede modificar sus preferencias en cualquier momento mediante la configuraci\u00f3n de su navegador o mediante nuestra herramienta de gesti\u00f3n de cookies, disponible en: dpo@physidia.fr.<\/p><h3>7. Sus derechos<\/h3><p class=\"translation-block\">De acuerdo con la normativa vigente, tiene derechos en lo relativo a sus datos personales, incluidos el derecho a acceder, rectificar, eliminar y oponerse al procesamiento de los datos recopilados a trav\u00e9s de las cookies. Si tiene alguna solicitud, puede contactar con nosotros en <strong>dpo@physidia.fr.<\/strong><\/p><h3>8. Cambios a esta pol\u00edtica<\/h3><p>Nos reservamos el derecho a modificar esta Pol\u00edtica de cookies para que reflejen avances tecnol\u00f3gicos, cambios legales o nuestras pr\u00e1cticas internas. Cualquier actualizaci\u00f3n se publicar\u00e1 en esta p\u00e1gina, junto con su fecha de actualizaci\u00f3n correspondiente.<\/p><h3>9. Contacto<\/h3><p class=\"translation-block\">Para cualquier pregunta relativa a nuestra Pol\u00edtica de cookies, puede contactar con nosotros en:\nPhysidia \u2013 11\u201313 Boulevard des Bretonni\u00e8res, 49124 Saint-Barth\u00e9lemy-d\u2019Anjou, Francia<br>\nCorreo electr\u00f3nico: <a href=\"mailto:contact@physidia.fr\">contact @physidia.fr<\/a><\/p>\t\t\t\t\t\t\t\t<\/div>\n\t\t\t\t<\/div>\n\t\t\t\t\t<\/div>\n\t\t\t\t<\/div>\n\t\t\t\t<\/div>","protected":false},"excerpt":{"rendered":"<p>Politique relative auxcookies de Physidia Derni\u00e8re mise \u00e0 jour : mars 2025 1. Introduction Chez Physidia, nous accordons une grande importance \u00e0 la protection de votre vie priv\u00e9e et nous nous engageons \u00e0 respecter la r\u00e9glementation en vigueur en mati\u00e8re de protection des donn\u00e9es personnelles. Cette politique relative aux cookies explique comment et pourquoi nous utilisons des cookies sur notre site web. 2. Qu&rsquo;est-ce qu&rsquo;un cookie ? Un cookie est un petit fichier texte stock\u00e9 sur votre appareil (ordinateur, tablette, smartphone) lorsque vous visitez un site web. Il permet \u00e0 un site de reconna\u00eetre votre appareil et d\u2019am\u00e9liorer votre exp\u00e9rience utilisateur en enregistrant certaines informations, comme vos pr\u00e9f\u00e9rences de navigation. 3. Pourquoi utilisons-nous des cookies ? Nous utilisons des cookies pour plusieurs raisons : Assurer le bon fonctionnement du site : certains cookies sont essentiels pour garantir la s\u00e9curit\u00e9 et la performance du site web. Am\u00e9liorer l\u2019exp\u00e9rience utilisateur : en [&hellip;]<\/p>\n","protected":false},"author":1,"featured_media":0,"parent":0,"menu_order":0,"comment_status":"closed","ping_status":"closed","template":"","meta":{"_acf_changed":false,"footnotes":""},"class_list":["post-94","page","type-page","status-publish","hentry"],"acf":[],"yoast_head":"<!-- This site is optimized with the Yoast SEO Premium plugin v26.7 (Yoast SEO v27.3) - https:\/\/yoast.com\/product\/yoast-seo-premium-wordpress\/ -->\n<title>Politique sur les Cookies - Physidia - H\u00e9modialyse \u00e0 Domicile<\/title>\n<meta name=\"description\" content=\"Informations sur l\u2019utilisation des cookies sur le site Physidia et gestion de vos pr\u00e9f\u00e9rences de navigation.\" \/>\n<meta name=\"robots\" content=\"index, follow, max-snippet:-1, max-image-preview:large, max-video-preview:-1\" \/>\n<link rel=\"canonical\" href=\"https:\/\/physidia-sandbox-gnfngfcwfuenfwbd.francecentral-01.azurewebsites.net\/es\/politica-relativa-a-las-cookies-de-physidia\/\" \/>\n<meta property=\"og:locale\" content=\"es_ES\" \/>\n<meta property=\"og:type\" content=\"article\" \/>\n<meta property=\"og:title\" content=\"Politique sur les cookies\" \/>\n<meta property=\"og:description\" content=\"Informations sur l\u2019utilisation des cookies sur le site Physidia et gestion de vos pr\u00e9f\u00e9rences de navigation.\" \/>\n<meta property=\"og:url\" content=\"https:\/\/physidia-sandbox-gnfngfcwfuenfwbd.francecentral-01.azurewebsites.net\/es\/politica-relativa-a-las-cookies-de-physidia\/\" \/>\n<meta property=\"og:site_name\" content=\"SANDBOX-TEST-DB\" \/>\n<meta property=\"article:publisher\" content=\"https:\/\/www.facebook.com\/Physidia\" \/>\n<meta property=\"article:modified_time\" content=\"2025-07-14T13:30:21+00:00\" \/>\n<meta property=\"og:image\" content=\"https:\/\/physidia-sandbox-gnfngfcwfuenfwbd.francecentral-01.azurewebsites.net\/wp-content\/uploads\/2024\/12\/logo-physidia.webp\" \/>\n\t<meta property=\"og:image:width\" content=\"281\" \/>\n\t<meta property=\"og:image:height\" content=\"283\" \/>\n\t<meta property=\"og:image:type\" content=\"image\/webp\" \/>\n<meta name=\"twitter:card\" content=\"summary_large_image\" \/>\n<meta name=\"twitter:label1\" content=\"Tiempo de lectura\" \/>\n\t<meta name=\"twitter:data1\" content=\"3 minutos\" \/>\n<script type=\"application\/ld+json\" class=\"yoast-schema-graph\">{\"@context\":\"https:\\\/\\\/schema.org\",\"@graph\":[{\"@type\":\"WebPage\",\"@id\":\"https:\\\/\\\/physidia-sandbox-gnfngfcwfuenfwbd.francecentral-01.azurewebsites.net\\\/es\\\/politica-relativa-a-las-cookies-de-physidia\\\/\",\"url\":\"https:\\\/\\\/physidia-sandbox-gnfngfcwfuenfwbd.francecentral-01.azurewebsites.net\\\/es\\\/politica-relativa-a-las-cookies-de-physidia\\\/\",\"name\":\"Politique sur les Cookies - Physidia - H\u00e9modialyse \u00e0 Domicile\",\"isPartOf\":{\"@id\":\"https:\\\/\\\/physidia-sandbox-gnfngfcwfuenfwbd.francecentral-01.azurewebsites.net\\\/#website\"},\"datePublished\":\"2024-12-18T15:45:24+00:00\",\"dateModified\":\"2025-07-14T13:30:21+00:00\",\"description\":\"Informations sur l\u2019utilisation des cookies sur le site Physidia et gestion de vos pr\u00e9f\u00e9rences de navigation.\",\"breadcrumb\":{\"@id\":\"https:\\\/\\\/physidia-sandbox-gnfngfcwfuenfwbd.francecentral-01.azurewebsites.net\\\/es\\\/politica-relativa-a-las-cookies-de-physidia\\\/#breadcrumb\"},\"inLanguage\":\"es\",\"potentialAction\":[{\"@type\":\"ReadAction\",\"target\":[\"https:\\\/\\\/physidia-sandbox-gnfngfcwfuenfwbd.francecentral-01.azurewebsites.net\\\/es\\\/politica-relativa-a-las-cookies-de-physidia\\\/\"]}]},{\"@type\":\"BreadcrumbList\",\"@id\":\"https:\\\/\\\/physidia-sandbox-gnfngfcwfuenfwbd.francecentral-01.azurewebsites.net\\\/es\\\/politica-relativa-a-las-cookies-de-physidia\\\/#breadcrumb\",\"itemListElement\":[{\"@type\":\"ListItem\",\"position\":1,\"name\":\"Accueil\",\"item\":\"https:\\\/\\\/physidia-sandbox-gnfngfcwfuenfwbd.francecentral-01.azurewebsites.net\\\/\"},{\"@type\":\"ListItem\",\"position\":2,\"name\":\"Politique sur les cookies\"}]},{\"@type\":\"WebSite\",\"@id\":\"https:\\\/\\\/physidia-sandbox-gnfngfcwfuenfwbd.francecentral-01.azurewebsites.net\\\/#website\",\"url\":\"https:\\\/\\\/physidia-sandbox-gnfngfcwfuenfwbd.francecentral-01.azurewebsites.net\\\/\",\"name\":\"Physidia | H\u00e9modialyse \u00e0 Domicile\",\"description\":\"\",\"publisher\":{\"@id\":\"https:\\\/\\\/physidia-sandbox-gnfngfcwfuenfwbd.francecentral-01.azurewebsites.net\\\/#organization\"},\"alternateName\":\"Physidia | HDDQ\",\"potentialAction\":[{\"@type\":\"SearchAction\",\"target\":{\"@type\":\"EntryPoint\",\"urlTemplate\":\"https:\\\/\\\/physidia-sandbox-gnfngfcwfuenfwbd.francecentral-01.azurewebsites.net\\\/?s={search_term_string}\"},\"query-input\":{\"@type\":\"PropertyValueSpecification\",\"valueRequired\":true,\"valueName\":\"search_term_string\"}}],\"inLanguage\":\"es\"},{\"@type\":\"Organization\",\"@id\":\"https:\\\/\\\/physidia-sandbox-gnfngfcwfuenfwbd.francecentral-01.azurewebsites.net\\\/#organization\",\"name\":\"Physidia\",\"url\":\"https:\\\/\\\/physidia-sandbox-gnfngfcwfuenfwbd.francecentral-01.azurewebsites.net\\\/\",\"logo\":{\"@type\":\"ImageObject\",\"inLanguage\":\"es\",\"@id\":\"https:\\\/\\\/physidia-sandbox-gnfngfcwfuenfwbd.francecentral-01.azurewebsites.net\\\/#\\\/schema\\\/logo\\\/image\\\/\",\"url\":\"https:\\\/\\\/physidia-sandbox-gnfngfcwfuenfwbd.francecentral-01.azurewebsites.net\\\/wp-content\\\/uploads\\\/2024\\\/12\\\/logo-physidia.webp\",\"contentUrl\":\"https:\\\/\\\/physidia-sandbox-gnfngfcwfuenfwbd.francecentral-01.azurewebsites.net\\\/wp-content\\\/uploads\\\/2024\\\/12\\\/logo-physidia.webp\",\"width\":281,\"height\":283,\"caption\":\"Physidia\"},\"image\":{\"@id\":\"https:\\\/\\\/physidia-sandbox-gnfngfcwfuenfwbd.francecentral-01.azurewebsites.net\\\/#\\\/schema\\\/logo\\\/image\\\/\"},\"sameAs\":[\"https:\\\/\\\/www.facebook.com\\\/Physidia\",\"https:\\\/\\\/www.linkedin.com\\\/company\\\/physidia\\\/\"],\"description\":\"Entreprise fran\u00e7aise pionni\u00e8re de la dialyse fr\u00e9quente et flexible \u00e0 domicile, Physidia con\u00e7oit et fabrique en France des solutions innovantes pour offrir aux patients dialys\u00e9s plus de libert\u00e9, de s\u00e9r\u00e9nit\u00e9 et une meilleure qualit\u00e9 de vie.\",\"email\":\"contact@physidia.fr\",\"legalName\":\"Physidia S.A.S.\",\"foundingDate\":\"2010-11-01\",\"taxID\":\"528 454 028 00028\",\"numberOfEmployees\":{\"@type\":\"QuantitativeValue\",\"minValue\":\"51\",\"maxValue\":\"200\"},\"publishingPrinciples\":\"https:\\\/\\\/physidia-sandbox-gnfngfcwfuenfwbd.francecentral-01.azurewebsites.net\\\/mentions-legales\\\/\",\"actionableFeedbackPolicy\":\"https:\\\/\\\/physidia-sandbox-gnfngfcwfuenfwbd.francecentral-01.azurewebsites.net\\\/politique-de-confidentialite\\\/\"}]}<\/script>\n<!-- \/ Yoast SEO Premium plugin. -->","yoast_head_json":{"title":"Politique sur les Cookies - Physidia - H\u00e9modialyse \u00e0 Domicile","description":"Informations sur l\u2019utilisation des cookies sur le site Physidia et gestion de vos pr\u00e9f\u00e9rences de navigation.","robots":{"index":"index","follow":"follow","max-snippet":"max-snippet:-1","max-image-preview":"max-image-preview:large","max-video-preview":"max-video-preview:-1"},"canonical":"https:\/\/physidia-sandbox-gnfngfcwfuenfwbd.francecentral-01.azurewebsites.net\/es\/politica-relativa-a-las-cookies-de-physidia\/","og_locale":"es_ES","og_type":"article","og_title":"Politique sur les cookies","og_description":"Informations sur l\u2019utilisation des cookies sur le site Physidia et gestion de vos pr\u00e9f\u00e9rences de navigation.","og_url":"https:\/\/physidia-sandbox-gnfngfcwfuenfwbd.francecentral-01.azurewebsites.net\/es\/politica-relativa-a-las-cookies-de-physidia\/","og_site_name":"SANDBOX-TEST-DB","article_publisher":"https:\/\/www.facebook.com\/Physidia","article_modified_time":"2025-07-14T13:30:21+00:00","og_image":[{"width":281,"height":283,"url":"https:\/\/physidia-sandbox-gnfngfcwfuenfwbd.francecentral-01.azurewebsites.net\/wp-content\/uploads\/2024\/12\/logo-physidia.webp","type":"image\/webp"}],"twitter_card":"summary_large_image","twitter_misc":{"Tiempo de lectura":"3 minutos"},"schema":{"@context":"https:\/\/schema.org","@graph":[{"@type":"WebPage","@id":"https:\/\/physidia-sandbox-gnfngfcwfuenfwbd.francecentral-01.azurewebsites.net\/es\/politica-relativa-a-las-cookies-de-physidia\/","url":"https:\/\/physidia-sandbox-gnfngfcwfuenfwbd.francecentral-01.azurewebsites.net\/es\/politica-relativa-a-las-cookies-de-physidia\/","name":"Politique sur les Cookies - Physidia - H\u00e9modialyse \u00e0 Domicile","isPartOf":{"@id":"https:\/\/physidia-sandbox-gnfngfcwfuenfwbd.francecentral-01.azurewebsites.net\/#website"},"datePublished":"2024-12-18T15:45:24+00:00","dateModified":"2025-07-14T13:30:21+00:00","description":"Informations sur l\u2019utilisation des cookies sur le site Physidia et gestion de vos pr\u00e9f\u00e9rences de navigation.","breadcrumb":{"@id":"https:\/\/physidia-sandbox-gnfngfcwfuenfwbd.francecentral-01.azurewebsites.net\/es\/politica-relativa-a-las-cookies-de-physidia\/#breadcrumb"},"inLanguage":"es","potentialAction":[{"@type":"ReadAction","target":["https:\/\/physidia-sandbox-gnfngfcwfuenfwbd.francecentral-01.azurewebsites.net\/es\/politica-relativa-a-las-cookies-de-physidia\/"]}]},{"@type":"BreadcrumbList","@id":"https:\/\/physidia-sandbox-gnfngfcwfuenfwbd.francecentral-01.azurewebsites.net\/es\/politica-relativa-a-las-cookies-de-physidia\/#breadcrumb","itemListElement":[{"@type":"ListItem","position":1,"name":"Accueil","item":"https:\/\/physidia-sandbox-gnfngfcwfuenfwbd.francecentral-01.azurewebsites.net\/"},{"@type":"ListItem","position":2,"name":"Politique sur les cookies"}]},{"@type":"WebSite","@id":"https:\/\/physidia-sandbox-gnfngfcwfuenfwbd.francecentral-01.azurewebsites.net\/#website","url":"https:\/\/physidia-sandbox-gnfngfcwfuenfwbd.francecentral-01.azurewebsites.net\/","name":"Physidia | H\u00e9modialyse \u00e0 Domicile","description":"","publisher":{"@id":"https:\/\/physidia-sandbox-gnfngfcwfuenfwbd.francecentral-01.azurewebsites.net\/#organization"},"alternateName":"Physidia | HDDQ","potentialAction":[{"@type":"SearchAction","target":{"@type":"EntryPoint","urlTemplate":"https:\/\/physidia-sandbox-gnfngfcwfuenfwbd.francecentral-01.azurewebsites.net\/?s={search_term_string}"},"query-input":{"@type":"PropertyValueSpecification","valueRequired":true,"valueName":"search_term_string"}}],"inLanguage":"es"},{"@type":"Organization","@id":"https:\/\/physidia-sandbox-gnfngfcwfuenfwbd.francecentral-01.azurewebsites.net\/#organization","name":"Physidia","url":"https:\/\/physidia-sandbox-gnfngfcwfuenfwbd.francecentral-01.azurewebsites.net\/","logo":{"@type":"ImageObject","inLanguage":"es","@id":"https:\/\/physidia-sandbox-gnfngfcwfuenfwbd.francecentral-01.azurewebsites.net\/#\/schema\/logo\/image\/","url":"https:\/\/physidia-sandbox-gnfngfcwfuenfwbd.francecentral-01.azurewebsites.net\/wp-content\/uploads\/2024\/12\/logo-physidia.webp","contentUrl":"https:\/\/physidia-sandbox-gnfngfcwfuenfwbd.francecentral-01.azurewebsites.net\/wp-content\/uploads\/2024\/12\/logo-physidia.webp","width":281,"height":283,"caption":"Physidia"},"image":{"@id":"https:\/\/physidia-sandbox-gnfngfcwfuenfwbd.francecentral-01.azurewebsites.net\/#\/schema\/logo\/image\/"},"sameAs":["https:\/\/www.facebook.com\/Physidia","https:\/\/www.linkedin.com\/company\/physidia\/"],"description":"Entreprise fran\u00e7aise pionni\u00e8re de la dialyse fr\u00e9quente et flexible \u00e0 domicile, Physidia con\u00e7oit et fabrique en France des solutions innovantes pour offrir aux patients dialys\u00e9s plus de libert\u00e9, de s\u00e9r\u00e9nit\u00e9 et une meilleure qualit\u00e9 de vie.","email":"contact@physidia.fr","legalName":"Physidia S.A.S.","foundingDate":"2010-11-01","taxID":"528 454 028 00028","numberOfEmployees":{"@type":"QuantitativeValue","minValue":"51","maxValue":"200"},"publishingPrinciples":"https:\/\/physidia-sandbox-gnfngfcwfuenfwbd.francecentral-01.azurewebsites.net\/mentions-legales\/","actionableFeedbackPolicy":"https:\/\/physidia-sandbox-gnfngfcwfuenfwbd.francecentral-01.azurewebsites.net\/politique-de-confidentialite\/"}]}},"_links":{"self":[{"href":"https:\/\/physidia-sandbox-gnfngfcwfuenfwbd.francecentral-01.azurewebsites.net\/es\/wp-json\/wp\/v2\/pages\/94","targetHints":{"allow":["GET"]}}],"collection":[{"href":"https:\/\/physidia-sandbox-gnfngfcwfuenfwbd.francecentral-01.azurewebsites.net\/es\/wp-json\/wp\/v2\/pages"}],"about":[{"href":"https:\/\/physidia-sandbox-gnfngfcwfuenfwbd.francecentral-01.azurewebsites.net\/es\/wp-json\/wp\/v2\/types\/page"}],"author":[{"embeddable":true,"href":"https:\/\/physidia-sandbox-gnfngfcwfuenfwbd.francecentral-01.azurewebsites.net\/es\/wp-json\/wp\/v2\/users\/1"}],"replies":[{"embeddable":true,"href":"https:\/\/physidia-sandbox-gnfngfcwfuenfwbd.francecentral-01.azurewebsites.net\/es\/wp-json\/wp\/v2\/comments?post=94"}],"version-history":[{"count":28,"href":"https:\/\/physidia-sandbox-gnfngfcwfuenfwbd.francecentral-01.azurewebsites.net\/es\/wp-json\/wp\/v2\/pages\/94\/revisions"}],"predecessor-version":[{"id":6322,"href":"https:\/\/physidia-sandbox-gnfngfcwfuenfwbd.francecentral-01.azurewebsites.net\/es\/wp-json\/wp\/v2\/pages\/94\/revisions\/6322"}],"wp:attachment":[{"href":"https:\/\/physidia-sandbox-gnfngfcwfuenfwbd.francecentral-01.azurewebsites.net\/es\/wp-json\/wp\/v2\/media?parent=94"}],"curies":[{"name":"wp","href":"https:\/\/api.w.org\/{rel}","templated":true}]}}