{"id":96,"date":"2024-12-18T16:45:34","date_gmt":"2024-12-18T15:45:34","guid":{"rendered":"https:\/\/physidia-sandbox-gnfngfcwfuenfwbd.francecentral-01.azurewebsites.net\/?page_id=96"},"modified":"2025-03-20T17:15:42","modified_gmt":"2025-03-20T16:15:42","slug":"mentions-legales","status":"publish","type":"page","link":"https:\/\/physidia-sandbox-gnfngfcwfuenfwbd.francecentral-01.azurewebsites.net\/es\/mentions-legales\/","title":{"rendered":"Avisos legales"},"content":{"rendered":"<div data-elementor-type=\"wp-page\" data-elementor-id=\"96\" class=\"elementor elementor-96\" data-elementor-post-type=\"page\">\n\t\t\t\t<div class=\"elementor-element elementor-element-4e33974 e-flex e-con-boxed e-con e-parent\" data-id=\"4e33974\" data-element_type=\"container\" data-e-type=\"container\" data-settings=\"{&quot;background_background&quot;:&quot;classic&quot;}\">\n\t\t\t\t\t<div class=\"e-con-inner\">\n\t\t\t\t<div class=\"elementor-element elementor-element-90068a0 elementor-widget elementor-widget-shortcode\" data-id=\"90068a0\" data-element_type=\"widget\" data-e-type=\"widget\" data-widget_type=\"shortcode.default\">\n\t\t\t\t<div class=\"elementor-widget-container\">\n\t\t\t\t\t\t\t<div class=\"elementor-shortcode\"><span><span><a href=\"https:\/\/physidia-sandbox-gnfngfcwfuenfwbd.francecentral-01.azurewebsites.net\/es\/\"><img decoding=\"async\" alt=\"Inicio\" src=\"https:\/\/physidia-sandbox-gnfngfcwfuenfwbd.francecentral-01.azurewebsites.net\/wp-content\/themes\/hello-theme-child-master\/img\/home.svg\" class=\"home-breadcrumb\" \/> Inicio<\/a><\/span><\/span><\/div>\n\t\t\t\t\t\t<\/div>\n\t\t\t\t<\/div>\n\t\t\t\t\t<\/div>\n\t\t\t\t<\/div>\n\t\t<div class=\"elementor-element elementor-element-33464bbf e-flex e-con-boxed e-con e-parent\" data-id=\"33464bbf\" data-element_type=\"container\" data-e-type=\"container\" data-settings=\"{&quot;background_background&quot;:&quot;classic&quot;}\">\n\t\t\t\t\t<div class=\"e-con-inner\">\n\t\t\t\t<div class=\"elementor-element elementor-element-1cd5a16b elementor-widget elementor-widget-text-editor\" data-id=\"1cd5a16b\" data-element_type=\"widget\" data-e-type=\"widget\" data-widget_type=\"text-editor.default\">\n\t\t\t\t<div class=\"elementor-widget-container\">\n\t\t\t\t\t\t\t\t\t<h1 style=\"text-align: center;\" class=\"translation-block\"><span style=\"color: #004976\">AVISOS<\/span><br><span style=\"color: #004976\"><strong>LEGALES<\/strong><\/span><\/h1><p><span style=\"color: var( --e-global-color-text ); font-family: var( --e-global-typography-text-font-family ), Sans-serif; font-size: var( --e-global-typography-text-font-size ); font-weight: var( --e-global-typography-text-font-weight ); text-align: var(--text-align);\">\u00daltima actualizaci\u00f3n: Marzo de 2025<\/span><\/p><h2>Informaci\u00f3n general<\/h2><p>Actualmente est\u00e1 conectado al sitio web de Physidia SAS (\u00abel Sitio\u00bb), accesible en la siguiente direcci\u00f3n: https:\/\/physidia.com.<\/p><h3>Editor del Sitio web<\/h3><p class=\"translation-block\"><b>Nombre de empresa:<\/b> Physidia S.A.S.<\/p><p class=\"translation-block\"><b>Forma jur\u00eddica :<\/b> Sociedad por acciones simplificada<\/p><p><b>Capital social :<\/b> 20 154 490 \u20ac<\/p><p><b>RCS : <\/b>Angers 528 454 028<\/p><p><b>Sede social<\/b> 11-13, boulevard des Bretonni\u00e8res, 49124 Saint-Barth\u00e9l\u00e9my d\u2019Anjou, Francia<\/p><p><b>Tel\u00e9fono : <\/b>+33(0) 241 731 008<\/p><p><b>Fax :<\/b> +33(0) 252 750 253<\/p><p><b>Correo electr\u00f3nico :<\/b> contact@physidia.fr<\/p><p><b>Representante legal :<\/b> Julien Dolivet<\/p><p><b>Director de la publicaci\u00f3n : <\/b>Ga\u00ebtan Dugas, Claire Daculsi<\/p><p><b>Dise\u00f1o y realizaci\u00f3n del sitio web :<\/b> Ux&amp;Health<\/p><p><strong>Alojamiento del sitio web<\/strong> :OVH SAS<\/p><p><strong>Sede social<\/strong> : 2 rue Kellermann, 59100 Roubaix, Francia<\/p><h2>Condiciones generales de uso<\/h2><p>L\u2019acc\u00e8s et l\u2019utilisation du site https:\/\/physidia-sandbox-gnfngfcwfuenfwbd.francecentral-01.azurewebsites.net (ci-apr\u00e8s \u00ab le Site \u00bb) sont soumis aux pr\u00e9sentes Conditions G\u00e9n\u00e9rales d\u2019Utilisation, ainsi qu\u2019aux lois et r\u00e8glementations en vigueur. En naviguant sur le Site, l\u2019utilisateur reconna\u00eet avoir pris connaissance des pr\u00e9sentes conditions et s\u2019engage \u00e0 les respecter.<\/p><p><span style=\"font-family: Aptos, sans-serif;\">El Sitio tiene por objeto proporcionar informaci\u00f3n sobre la actividad y la oferta de productos de Physidia.<\/span><\/p><h3><span style=\"font-family: Aptos, sans-serif; color: #004976; font-size: var( --e-global-typography-text-font-size ); font-weight: var( --e-global-typography-text-font-weight ); text-align: var(--text-align);\">Acceso al Sitio<\/span><\/h3><p><span style=\"font-family: Aptos, sans-serif;\">Physidia se esfuerza por garantizar el acceso al Sitio las 24 horas del d\u00eda, los 7 d\u00edas de la semana. No obstante, el acceso al Sitio puede interrumpirse temporalmente por motivos de mantenimiento, actualizaci\u00f3n o en caso de fuerza mayor. Physidia no se hace responsable de la indisponibilidad temporal del Sitio ni de las consecuencias que ello pueda tener para el usuario.<\/span><\/p><h3><span style=\"font-family: Aptos, sans-serif; color: #004976;\">Obligaciones del usuario<\/span><\/h3><p><span style=\"font-family: Aptos, sans-serif;\">El usuario se compromete a:<\/span><\/p><ul><li><span style=\"font-family: Aptos, sans-serif;\">Utilizar el Sitio respetando las leyes y reglamentos vigentes;<\/span><\/li><li><span style=\"font-family: Aptos, sans-serif;\">No perturbar, da\u00f1ar o alterar el buen funcionamiento del Sitio mediante acciones maliciosas (por ejemplo, pirater\u00eda, introducci\u00f3n de virus, ataques inform\u00e1ticos);<\/span><\/li><li><span style=\"font-family: Aptos, sans-serif;\">No utilizar la informaci\u00f3n publicada en el Sitio con fines ilegales, fraudulentos o contrarios al orden p\u00fablico;<\/span><\/li><li><span style=\"font-family: Aptos, sans-serif;\">No reproducir, copiar ni explotar los contenidos del Sitio sin la autorizaci\u00f3n previa de Physidia.<\/span><\/li><\/ul><p><span style=\"font-family: Aptos, sans-serif;\">El incumplimiento de estas obligaciones podr\u00e1 dar lugar a medidas correctivas, en particular la suspensi\u00f3n del acceso al Sitio para el usuario en cuesti\u00f3n y posibles acciones legales.<\/span><\/p><h3>Propiedad intelectual<\/h3><p>Todos los elementos que componen el Sitio (textos, im\u00e1genes, gr\u00e1ficos, logotipos, v\u00eddeos, etc.) est\u00e1n protegidos por la ley de propiedad intelectual. Cualquier reproducci\u00f3n o representaci\u00f3n, total o parcial, sin la autorizaci\u00f3n expresa de Physidia est\u00e1 prohibida y constituye una infracci\u00f3n.<\/p><h3>Protecci\u00f3n de datos personales<\/h3><p>Physidia trata los datos personales de conformidad con su pol\u00edtica de confidencialidad, disponible en la p\u00e1gina <a href=\"https:\/\/physidia-sandbox-gnfngfcwfuenfwbd.francecentral-01.azurewebsites.net\/es\/politica-de-privacidad\/\">Pol\u00edtica de privacidad<\/a><\/p><p><b>5. Cookies<\/b><\/p><p>El Sitio utiliza cookies con fines de navegaci\u00f3n y an\u00e1lisis, de conformidad con la pol\u00edtica de cookies de Physidia, disponible en la p\u00e1gina\u00a0<a href=\"https:\/\/physidia-sandbox-gnfngfcwfuenfwbd.francecentral-01.azurewebsites.net\/es\/politica-relativa-a-las-cookies-de-physidia\/\">Pol\u00edtica de cookies<\/a><\/p><p><b>6. Informaci\u00f3n sobre los productos<\/b><\/p><p>Los dispositivos m\u00e9dicos de Physidia (monitor S\u00b3 y consumibles asociados) est\u00e1n dise\u00f1ados para la hemodi\u00e1lisis diaria de pacientes con insuficiencia renal cr\u00f3nica. Estos productos sanitarios regulados cumplen con el Reglamento (UE) 2017\/745 y llevan el marcado CE.<\/p><p>S\u00b3 y SeCoHD son marcas registradas de Physidia SAS.<\/p><h3>7. Responsabilidad<\/h3><p>Physidia hace todo lo posible para garantizar la exactitud y la actualizaci\u00f3n de la informaci\u00f3n publicada en el Sitio. Sin embargo, Physidia no puede garantizar la exactitud, la exhaustividad o la pertinencia de los contenidos puestos a disposici\u00f3n. Por consiguiente, el uso de la informaci\u00f3n y los contenidos disponibles en el Sitio es responsabilidad exclusiva del usuario.<br \/>Physidia no se hace responsable de los da\u00f1os directos o indirectos, materiales o inmateriales, que se deriven del acceso o uso del Sitio, incluidos los casos de errores, omisiones, interrupciones, fallos t\u00e9cnicos o virus inform\u00e1ticos. Es responsabilidad del usuario tomar todas las precauciones necesarias para protegerse contra estos riesgos.<br \/>Adem\u00e1s, Physidia no se hace responsable del contenido de los sitios web de terceros accesibles a trav\u00e9s de los enlaces hipertextuales presentes en el Sitio. Estos enlaces se proporcionan \u00fanicamente a t\u00edtulo informativo y Physidia no se hace responsable en ning\u00fan caso de las pr\u00e1cticas de estos sitios en materia de protecci\u00f3n de datos o de la exactitud de su informaci\u00f3n.<\/p><p><b>8. Contacto<\/b><\/p><p>Si tiene alguna pregunta sobre el Sitio, puede ponerse en contacto con nosotros:<\/p><p><b>Por correo electr\u00f3nico<\/b> : contact@physidia.fr<\/p><p><b>Por correo postal<\/b> 11-13, boulevard des Bretonni\u00e8res, 49124 Saint-Barth\u00e9l\u00e9my d\u2019Anjou, Francia<\/p><p>Physidia S.A.S. se compromete a respetar y proteger los derechos de los usuarios y la confidencialidad de los datos recopilados en el Sitio.<\/p><p>Physidia S.A.S. se compromete a respetar y proteger los derechos de los usuarios y la confidencialidad de los datos recopilados en el Sitio<\/p>\t\t\t\t\t\t\t\t<\/div>\n\t\t\t\t<\/div>\n\t\t\t\t\t<\/div>\n\t\t\t\t<\/div>\n\t\t\t\t<\/div>","protected":false},"excerpt":{"rendered":"<p>MENTIONSL\u00e9GALES Derni\u00e8re mise \u00e0 jour : Mars 2025 Informations G\u00e9n\u00e9rales Vous \u00eates actuellement connect\u00e9 au site internet de Physidia SAS (\u00ab le Site \u00bb), accessible \u00e0 l&rsquo;adresse suivante : https:\/\/physidia.com. \u00c9diteur du Site D\u00e9nomination sociale : Physidia S.A.S. Forme juridique : Soci\u00e9t\u00e9 par actions simplifi\u00e9e Capital social : 20 154 490 \u20ac RCS : Angers 528 454 028 Si\u00e8ge social : 11-13, boulevard des Bretonni\u00e8res, 49124 Saint-Barth\u00e9l\u00e9my d&rsquo;Anjou, France T\u00e9l\u00e9phone : +33(0) 241 731 008 Fax : +33(0) 252 750 253 E-mail : contact@physidia.fr Repr\u00e9sentant l\u00e9gal : Julien Dolivet Directeur de la publication : Ga\u00ebtan Dugas, Claire Daculsi Conception et r\u00e9alisation du Site : Ux&amp;Health H\u00e9bergeur du Site :OVH SAS Si\u00e8ge social : 2 rue Kellermann, 59100 Roubaix, France Conditions G\u00e9n\u00e9rales d&rsquo;Utilisation L\u2019acc\u00e8s et l\u2019utilisation du site https:\/\/www.physidia.com (ci-apr\u00e8s \u00ab le Site \u00bb) sont soumis aux pr\u00e9sentes Conditions G\u00e9n\u00e9rales d\u2019Utilisation, ainsi qu\u2019aux lois et r\u00e8glementations en vigueur. En naviguant sur [&hellip;]<\/p>\n","protected":false},"author":1,"featured_media":0,"parent":0,"menu_order":0,"comment_status":"closed","ping_status":"closed","template":"","meta":{"_acf_changed":false,"footnotes":""},"class_list":["post-96","page","type-page","status-publish","hentry"],"acf":[],"yoast_head":"<!-- This site is optimized with the Yoast SEO Premium plugin v26.7 (Yoast SEO v27.3) - https:\/\/yoast.com\/product\/yoast-seo-premium-wordpress\/ -->\n<title>Mentions l\u00e9gales - Physidia - H\u00e9modialyse \u00e0 domicile<\/title>\n<meta name=\"description\" content=\"Mentions l\u00e9gales du site Physidia : informations juridiques, droits d\u2019auteur, responsabilit\u00e9, h\u00e9bergement et RGPD.\" \/>\n<meta name=\"robots\" content=\"index, follow, max-snippet:-1, max-image-preview:large, max-video-preview:-1\" \/>\n<link rel=\"canonical\" href=\"https:\/\/physidia-sandbox-gnfngfcwfuenfwbd.francecentral-01.azurewebsites.net\/es\/mentions-legales\/\" \/>\n<meta property=\"og:locale\" content=\"es_ES\" \/>\n<meta property=\"og:type\" content=\"article\" \/>\n<meta property=\"og:title\" content=\"Mentions l\u00e9gales\" \/>\n<meta property=\"og:description\" content=\"Mentions l\u00e9gales du site Physidia : informations juridiques, droits d\u2019auteur, responsabilit\u00e9, h\u00e9bergement et RGPD.\" \/>\n<meta property=\"og:url\" content=\"https:\/\/physidia-sandbox-gnfngfcwfuenfwbd.francecentral-01.azurewebsites.net\/es\/mentions-legales\/\" \/>\n<meta property=\"og:site_name\" content=\"SANDBOX-TEST-DB\" \/>\n<meta property=\"article:publisher\" content=\"https:\/\/www.facebook.com\/Physidia\" \/>\n<meta property=\"article:modified_time\" content=\"2025-03-20T16:15:42+00:00\" \/>\n<meta property=\"og:image\" content=\"https:\/\/physidia-sandbox-gnfngfcwfuenfwbd.francecentral-01.azurewebsites.net\/wp-content\/uploads\/2024\/12\/logo-physidia.webp\" \/>\n\t<meta property=\"og:image:width\" content=\"281\" \/>\n\t<meta property=\"og:image:height\" content=\"283\" \/>\n\t<meta property=\"og:image:type\" content=\"image\/webp\" \/>\n<meta name=\"twitter:card\" content=\"summary_large_image\" \/>\n<meta name=\"twitter:label1\" content=\"Tiempo de lectura\" \/>\n\t<meta name=\"twitter:data1\" content=\"4 minutos\" \/>\n<script type=\"application\/ld+json\" class=\"yoast-schema-graph\">{\"@context\":\"https:\\\/\\\/schema.org\",\"@graph\":[{\"@type\":\"WebPage\",\"@id\":\"https:\\\/\\\/physidia-sandbox-gnfngfcwfuenfwbd.francecentral-01.azurewebsites.net\\\/mentions-legales\\\/\",\"url\":\"https:\\\/\\\/physidia-sandbox-gnfngfcwfuenfwbd.francecentral-01.azurewebsites.net\\\/mentions-legales\\\/\",\"name\":\"Mentions l\u00e9gales - Physidia - H\u00e9modialyse \u00e0 domicile\",\"isPartOf\":{\"@id\":\"https:\\\/\\\/physidia-sandbox-gnfngfcwfuenfwbd.francecentral-01.azurewebsites.net\\\/#website\"},\"datePublished\":\"2024-12-18T15:45:34+00:00\",\"dateModified\":\"2025-03-20T16:15:42+00:00\",\"description\":\"Mentions l\u00e9gales du site Physidia : informations juridiques, droits d\u2019auteur, responsabilit\u00e9, h\u00e9bergement et RGPD.\",\"breadcrumb\":{\"@id\":\"https:\\\/\\\/physidia-sandbox-gnfngfcwfuenfwbd.francecentral-01.azurewebsites.net\\\/mentions-legales\\\/#breadcrumb\"},\"inLanguage\":\"es\",\"potentialAction\":[{\"@type\":\"ReadAction\",\"target\":[\"https:\\\/\\\/physidia-sandbox-gnfngfcwfuenfwbd.francecentral-01.azurewebsites.net\\\/mentions-legales\\\/\"]}]},{\"@type\":\"BreadcrumbList\",\"@id\":\"https:\\\/\\\/physidia-sandbox-gnfngfcwfuenfwbd.francecentral-01.azurewebsites.net\\\/mentions-legales\\\/#breadcrumb\",\"itemListElement\":[{\"@type\":\"ListItem\",\"position\":1,\"name\":\"Accueil\",\"item\":\"https:\\\/\\\/physidia-sandbox-gnfngfcwfuenfwbd.francecentral-01.azurewebsites.net\\\/\"},{\"@type\":\"ListItem\",\"position\":2,\"name\":\"Mentions l\u00e9gales\"}]},{\"@type\":\"WebSite\",\"@id\":\"https:\\\/\\\/physidia-sandbox-gnfngfcwfuenfwbd.francecentral-01.azurewebsites.net\\\/#website\",\"url\":\"https:\\\/\\\/physidia-sandbox-gnfngfcwfuenfwbd.francecentral-01.azurewebsites.net\\\/\",\"name\":\"Physidia | H\u00e9modialyse \u00e0 Domicile\",\"description\":\"\",\"publisher\":{\"@id\":\"https:\\\/\\\/physidia-sandbox-gnfngfcwfuenfwbd.francecentral-01.azurewebsites.net\\\/#organization\"},\"alternateName\":\"Physidia | HDDQ\",\"potentialAction\":[{\"@type\":\"SearchAction\",\"target\":{\"@type\":\"EntryPoint\",\"urlTemplate\":\"https:\\\/\\\/physidia-sandbox-gnfngfcwfuenfwbd.francecentral-01.azurewebsites.net\\\/?s={search_term_string}\"},\"query-input\":{\"@type\":\"PropertyValueSpecification\",\"valueRequired\":true,\"valueName\":\"search_term_string\"}}],\"inLanguage\":\"es\"},{\"@type\":\"Organization\",\"@id\":\"https:\\\/\\\/physidia-sandbox-gnfngfcwfuenfwbd.francecentral-01.azurewebsites.net\\\/#organization\",\"name\":\"Physidia\",\"url\":\"https:\\\/\\\/physidia-sandbox-gnfngfcwfuenfwbd.francecentral-01.azurewebsites.net\\\/\",\"logo\":{\"@type\":\"ImageObject\",\"inLanguage\":\"es\",\"@id\":\"https:\\\/\\\/physidia-sandbox-gnfngfcwfuenfwbd.francecentral-01.azurewebsites.net\\\/#\\\/schema\\\/logo\\\/image\\\/\",\"url\":\"https:\\\/\\\/physidia-sandbox-gnfngfcwfuenfwbd.francecentral-01.azurewebsites.net\\\/wp-content\\\/uploads\\\/2024\\\/12\\\/logo-physidia.webp\",\"contentUrl\":\"https:\\\/\\\/physidia-sandbox-gnfngfcwfuenfwbd.francecentral-01.azurewebsites.net\\\/wp-content\\\/uploads\\\/2024\\\/12\\\/logo-physidia.webp\",\"width\":281,\"height\":283,\"caption\":\"Physidia\"},\"image\":{\"@id\":\"https:\\\/\\\/physidia-sandbox-gnfngfcwfuenfwbd.francecentral-01.azurewebsites.net\\\/#\\\/schema\\\/logo\\\/image\\\/\"},\"sameAs\":[\"https:\\\/\\\/www.facebook.com\\\/Physidia\",\"https:\\\/\\\/www.linkedin.com\\\/company\\\/physidia\\\/\"],\"description\":\"Entreprise fran\u00e7aise pionni\u00e8re de la dialyse fr\u00e9quente et flexible \u00e0 domicile, Physidia con\u00e7oit et fabrique en France des solutions innovantes pour offrir aux patients dialys\u00e9s plus de libert\u00e9, de s\u00e9r\u00e9nit\u00e9 et une meilleure qualit\u00e9 de vie.\",\"email\":\"contact@physidia.fr\",\"legalName\":\"Physidia S.A.S.\",\"foundingDate\":\"2010-11-01\",\"taxID\":\"528 454 028 00028\",\"numberOfEmployees\":{\"@type\":\"QuantitativeValue\",\"minValue\":\"51\",\"maxValue\":\"200\"},\"publishingPrinciples\":\"https:\\\/\\\/physidia-sandbox-gnfngfcwfuenfwbd.francecentral-01.azurewebsites.net\\\/mentions-legales\\\/\",\"actionableFeedbackPolicy\":\"https:\\\/\\\/physidia-sandbox-gnfngfcwfuenfwbd.francecentral-01.azurewebsites.net\\\/politique-de-confidentialite\\\/\"}]}<\/script>\n<!-- \/ Yoast SEO Premium plugin. -->","yoast_head_json":{"title":"Mentions l\u00e9gales - Physidia - H\u00e9modialyse \u00e0 domicile","description":"Mentions l\u00e9gales du site Physidia : informations juridiques, droits d\u2019auteur, responsabilit\u00e9, h\u00e9bergement et RGPD.","robots":{"index":"index","follow":"follow","max-snippet":"max-snippet:-1","max-image-preview":"max-image-preview:large","max-video-preview":"max-video-preview:-1"},"canonical":"https:\/\/physidia-sandbox-gnfngfcwfuenfwbd.francecentral-01.azurewebsites.net\/es\/mentions-legales\/","og_locale":"es_ES","og_type":"article","og_title":"Mentions l\u00e9gales","og_description":"Mentions l\u00e9gales du site Physidia : informations juridiques, droits d\u2019auteur, responsabilit\u00e9, h\u00e9bergement et RGPD.","og_url":"https:\/\/physidia-sandbox-gnfngfcwfuenfwbd.francecentral-01.azurewebsites.net\/es\/mentions-legales\/","og_site_name":"SANDBOX-TEST-DB","article_publisher":"https:\/\/www.facebook.com\/Physidia","article_modified_time":"2025-03-20T16:15:42+00:00","og_image":[{"width":281,"height":283,"url":"https:\/\/physidia-sandbox-gnfngfcwfuenfwbd.francecentral-01.azurewebsites.net\/wp-content\/uploads\/2024\/12\/logo-physidia.webp","type":"image\/webp"}],"twitter_card":"summary_large_image","twitter_misc":{"Tiempo de lectura":"4 minutos"},"schema":{"@context":"https:\/\/schema.org","@graph":[{"@type":"WebPage","@id":"https:\/\/physidia-sandbox-gnfngfcwfuenfwbd.francecentral-01.azurewebsites.net\/mentions-legales\/","url":"https:\/\/physidia-sandbox-gnfngfcwfuenfwbd.francecentral-01.azurewebsites.net\/mentions-legales\/","name":"Mentions l\u00e9gales - Physidia - H\u00e9modialyse \u00e0 domicile","isPartOf":{"@id":"https:\/\/physidia-sandbox-gnfngfcwfuenfwbd.francecentral-01.azurewebsites.net\/#website"},"datePublished":"2024-12-18T15:45:34+00:00","dateModified":"2025-03-20T16:15:42+00:00","description":"Mentions l\u00e9gales du site Physidia : informations juridiques, droits d\u2019auteur, responsabilit\u00e9, h\u00e9bergement et RGPD.","breadcrumb":{"@id":"https:\/\/physidia-sandbox-gnfngfcwfuenfwbd.francecentral-01.azurewebsites.net\/mentions-legales\/#breadcrumb"},"inLanguage":"es","potentialAction":[{"@type":"ReadAction","target":["https:\/\/physidia-sandbox-gnfngfcwfuenfwbd.francecentral-01.azurewebsites.net\/mentions-legales\/"]}]},{"@type":"BreadcrumbList","@id":"https:\/\/physidia-sandbox-gnfngfcwfuenfwbd.francecentral-01.azurewebsites.net\/mentions-legales\/#breadcrumb","itemListElement":[{"@type":"ListItem","position":1,"name":"Accueil","item":"https:\/\/physidia-sandbox-gnfngfcwfuenfwbd.francecentral-01.azurewebsites.net\/"},{"@type":"ListItem","position":2,"name":"Mentions l\u00e9gales"}]},{"@type":"WebSite","@id":"https:\/\/physidia-sandbox-gnfngfcwfuenfwbd.francecentral-01.azurewebsites.net\/#website","url":"https:\/\/physidia-sandbox-gnfngfcwfuenfwbd.francecentral-01.azurewebsites.net\/","name":"Physidia | H\u00e9modialyse \u00e0 Domicile","description":"","publisher":{"@id":"https:\/\/physidia-sandbox-gnfngfcwfuenfwbd.francecentral-01.azurewebsites.net\/#organization"},"alternateName":"Physidia | HDDQ","potentialAction":[{"@type":"SearchAction","target":{"@type":"EntryPoint","urlTemplate":"https:\/\/physidia-sandbox-gnfngfcwfuenfwbd.francecentral-01.azurewebsites.net\/?s={search_term_string}"},"query-input":{"@type":"PropertyValueSpecification","valueRequired":true,"valueName":"search_term_string"}}],"inLanguage":"es"},{"@type":"Organization","@id":"https:\/\/physidia-sandbox-gnfngfcwfuenfwbd.francecentral-01.azurewebsites.net\/#organization","name":"Physidia","url":"https:\/\/physidia-sandbox-gnfngfcwfuenfwbd.francecentral-01.azurewebsites.net\/","logo":{"@type":"ImageObject","inLanguage":"es","@id":"https:\/\/physidia-sandbox-gnfngfcwfuenfwbd.francecentral-01.azurewebsites.net\/#\/schema\/logo\/image\/","url":"https:\/\/physidia-sandbox-gnfngfcwfuenfwbd.francecentral-01.azurewebsites.net\/wp-content\/uploads\/2024\/12\/logo-physidia.webp","contentUrl":"https:\/\/physidia-sandbox-gnfngfcwfuenfwbd.francecentral-01.azurewebsites.net\/wp-content\/uploads\/2024\/12\/logo-physidia.webp","width":281,"height":283,"caption":"Physidia"},"image":{"@id":"https:\/\/physidia-sandbox-gnfngfcwfuenfwbd.francecentral-01.azurewebsites.net\/#\/schema\/logo\/image\/"},"sameAs":["https:\/\/www.facebook.com\/Physidia","https:\/\/www.linkedin.com\/company\/physidia\/"],"description":"Entreprise fran\u00e7aise pionni\u00e8re de la dialyse fr\u00e9quente et flexible \u00e0 domicile, Physidia con\u00e7oit et fabrique en France des solutions innovantes pour offrir aux patients dialys\u00e9s plus de libert\u00e9, de s\u00e9r\u00e9nit\u00e9 et une meilleure qualit\u00e9 de vie.","email":"contact@physidia.fr","legalName":"Physidia S.A.S.","foundingDate":"2010-11-01","taxID":"528 454 028 00028","numberOfEmployees":{"@type":"QuantitativeValue","minValue":"51","maxValue":"200"},"publishingPrinciples":"https:\/\/physidia-sandbox-gnfngfcwfuenfwbd.francecentral-01.azurewebsites.net\/mentions-legales\/","actionableFeedbackPolicy":"https:\/\/physidia-sandbox-gnfngfcwfuenfwbd.francecentral-01.azurewebsites.net\/politique-de-confidentialite\/"}]}},"_links":{"self":[{"href":"https:\/\/physidia-sandbox-gnfngfcwfuenfwbd.francecentral-01.azurewebsites.net\/es\/wp-json\/wp\/v2\/pages\/96","targetHints":{"allow":["GET"]}}],"collection":[{"href":"https:\/\/physidia-sandbox-gnfngfcwfuenfwbd.francecentral-01.azurewebsites.net\/es\/wp-json\/wp\/v2\/pages"}],"about":[{"href":"https:\/\/physidia-sandbox-gnfngfcwfuenfwbd.francecentral-01.azurewebsites.net\/es\/wp-json\/wp\/v2\/types\/page"}],"author":[{"embeddable":true,"href":"https:\/\/physidia-sandbox-gnfngfcwfuenfwbd.francecentral-01.azurewebsites.net\/es\/wp-json\/wp\/v2\/users\/1"}],"replies":[{"embeddable":true,"href":"https:\/\/physidia-sandbox-gnfngfcwfuenfwbd.francecentral-01.azurewebsites.net\/es\/wp-json\/wp\/v2\/comments?post=96"}],"version-history":[{"count":22,"href":"https:\/\/physidia-sandbox-gnfngfcwfuenfwbd.francecentral-01.azurewebsites.net\/es\/wp-json\/wp\/v2\/pages\/96\/revisions"}],"predecessor-version":[{"id":5528,"href":"https:\/\/physidia-sandbox-gnfngfcwfuenfwbd.francecentral-01.azurewebsites.net\/es\/wp-json\/wp\/v2\/pages\/96\/revisions\/5528"}],"wp:attachment":[{"href":"https:\/\/physidia-sandbox-gnfngfcwfuenfwbd.francecentral-01.azurewebsites.net\/es\/wp-json\/wp\/v2\/media?parent=96"}],"curies":[{"name":"wp","href":"https:\/\/api.w.org\/{rel}","templated":true}]}}